{"id":69,"date":"2016-01-26T16:01:37","date_gmt":"2016-01-26T15:01:37","guid":{"rendered":"http:\/\/schmittmann-kolleg.de\/wordpress\/?page_id=69"},"modified":"2020-06-04T10:12:03","modified_gmt":"2020-06-04T08:12:03","slug":"selbstverwaltung","status":"publish","type":"page","link":"https:\/\/schmittmann-kolleg.de\/wordpress\/selbstverwaltung\/","title":{"rendered":"Selbstverwaltung"},"content":{"rendered":"\n<style type=\"text\/css\" data-created_by=\"avia_inline_auto\" id=\"style-css-av-av_one_half-9497bbf8bff73ea4c6992cc17fa9ec36\">\n.flex_column.av-av_one_half-9497bbf8bff73ea4c6992cc17fa9ec36{\n-webkit-border-radius:0px 0px 0px 0px;\n-moz-border-radius:0px 0px 0px 0px;\nborder-radius:0px 0px 0px 0px;\npadding:0px 0px 0px 0px;\n}\n<\/style>\n<div class='flex_column av-av_one_half-9497bbf8bff73ea4c6992cc17fa9ec36 av_one_half  avia-builder-el-0  el_before_av_one_half  avia-builder-el-first  first flex_column_div av-zero-column-padding '     ><style type=\"text\/css\" data-created_by=\"avia_inline_auto\" id=\"style-css-av-av_heading-b7cedc6a9fb535c47886cf1ae9f2927b\">\n#top .av-special-heading.av-av_heading-b7cedc6a9fb535c47886cf1ae9f2927b{\npadding-bottom:10px;\n}\nbody .av-special-heading.av-av_heading-b7cedc6a9fb535c47886cf1ae9f2927b .av-special-heading-tag .heading-char{\nfont-size:25px;\n}\n.av-special-heading.av-av_heading-b7cedc6a9fb535c47886cf1ae9f2927b .av-subheading{\nfont-size:15px;\n}\n<\/style>\n<div  class='av-special-heading av-av_heading-b7cedc6a9fb535c47886cf1ae9f2927b av-special-heading-h1  avia-builder-el-1  avia-builder-el-no-sibling '><h1 class='av-special-heading-tag'  itemprop=\"headline\"  >Selbstverwaltung<\/h1><div class=\"special-heading-border\"><div class=\"special-heading-inner-border\"><\/div><\/div><\/div><\/div>\n\n<style type=\"text\/css\" data-created_by=\"avia_inline_auto\" id=\"style-css-av-av_one_half-9c1d454dc06f7247226bc4e8f931daae\">\n.flex_column.av-av_one_half-9c1d454dc06f7247226bc4e8f931daae{\n-webkit-border-radius:0px 0px 0px 0px;\n-moz-border-radius:0px 0px 0px 0px;\nborder-radius:0px 0px 0px 0px;\npadding:0px 0px 0px 0px;\n}\n<\/style>\n<div class='flex_column av-av_one_half-9c1d454dc06f7247226bc4e8f931daae av_one_half  avia-builder-el-2  el_after_av_one_half  el_before_av_two_fifth  flex_column_div av-zero-column-padding '     ><style type=\"text\/css\" data-created_by=\"avia_inline_auto\" id=\"style-css-av-av_heading-02ab93a8ccc3ac435b86c6f1dce86f03\">\n#top .av-special-heading.av-av_heading-02ab93a8ccc3ac435b86c6f1dce86f03{\npadding-bottom:10px;\n}\nbody .av-special-heading.av-av_heading-02ab93a8ccc3ac435b86c6f1dce86f03 .av-special-heading-tag .heading-char{\nfont-size:25px;\n}\n.av-special-heading.av-av_heading-02ab93a8ccc3ac435b86c6f1dce86f03 .av-subheading{\nfont-size:15px;\n}\n<\/style>\n<div  class='av-special-heading av-av_heading-02ab93a8ccc3ac435b86c6f1dce86f03 av-special-heading-h1  avia-builder-el-3  avia-builder-el-no-sibling '><h1 class='av-special-heading-tag'  itemprop=\"headline\"  >Die Yogi-\u00c4mter<\/h1><div class=\"special-heading-border\"><div class=\"special-heading-inner-border\"><\/div><\/div><\/div><\/div>\n\n<style type=\"text\/css\" data-created_by=\"avia_inline_auto\" id=\"style-css-av-av_two_fifth-9497bbf8bff73ea4c6992cc17fa9ec36\">\n.flex_column.av-av_two_fifth-9497bbf8bff73ea4c6992cc17fa9ec36{\n-webkit-border-radius:0px 0px 0px 0px;\n-moz-border-radius:0px 0px 0px 0px;\nborder-radius:0px 0px 0px 0px;\npadding:0px 0px 0px 0px;\n}\n<\/style>\n<div class='flex_column av-av_two_fifth-9497bbf8bff73ea4c6992cc17fa9ec36 av_two_fifth  avia-builder-el-4  el_after_av_one_half  el_before_av_one_fifth  first flex_column_div av-zero-column-padding column-top-margin'     ><section  class='av_textblock_section av-av_textblock-0366cc7376be6c9e82a3e9cc8987b64f'  itemscope=\"itemscope\" itemtype=\"https:\/\/schema.org\/CreativeWork\" ><div class='avia_textblock'  itemprop=\"text\" ><h2 style=\"text-align: justify;\">Was es f\u00fcr uns hei\u00dft,<br \/>\nsich selbst zu verwalten:<\/h2>\n<p style=\"text-align: justify;\">Das gemeinsame Leben mit 24 unterschiedlichen Menschen und einem Semesterprogramm will organisiert sein. Damit unser Haushalt nicht im Chaos versinkt, \u00fcbernimmt jeder Verantwortung.<\/p>\n<h4 style=\"text-align: justify;\">\u201eYogi\u201c-\u00c4mter<\/h4>\n<p style=\"text-align: justify;\">Anfallende Aufgaben und Pflichten sind zwischen uns aufgeteilt, und jeder von uns \u00fcbernimmt ein Semester lang eine davon. K\u00fcchendienst einteilen, Catering f\u00fcr Hausveranstaltungen, Computeradministration. Am Anfang des neuen Semesters wird wieder gewechselt. Diese \u201eYogi\u201c-\u00c4mter sorgen f\u00fcr eindeutige Ansprechpartner*innen und gew\u00e4hrleisten eine gerechte Verteilung der anfallenden Aufgaben.<\/p>\n<h4 style=\"text-align: justify;\">Gro\u00dfe \u00c4mter<\/h4>\n<p style=\"text-align: justify;\">Neben den einfachen Yogi-\u00c4mtern gibt es noch zwei weitere, zeitaufwendigere, \u00c4mter die f\u00fcr unsere Selbstverwaltung unerl\u00e4sslich sind. Beide \u00c4mter werden von einem Mitbewohner oder einer Mitbewohnerin besetzt und durch die Hausgemeinschaft gew\u00e4hlt. Wer bei uns einziehen m\u00f6chte, sollte die Bereitschaft mitbringen, irgendwann w\u00e4hrend seines Studiums entweder Heimleiter*in oder Haussprecher*in zu werden.<\/p>\n<h4 style=\"text-align: justify;\">Haussprecher*in<\/h4>\n<p style=\"text-align: justify;\">Zum einen gibt es den oder die Haussprecher*in.<br \/>\nDiese Person gestaltet und organisiert das Semesterprogramm mit der Studienfahrt, k\u00fcmmert sich um die Interessen der Hausgemeinschaft und \u00fcbernimmt repr\u00e4sentative Aufgaben. Sie ist Ansprechpartner f\u00fcr die Mitbewohner*innen, wie auch f\u00fcr Au\u00dfenstehende.<\/p>\n<h4 style=\"text-align: justify;\">Heimleitung<\/h4>\n<p style=\"text-align: justify;\">Das andere gro\u00dfe Amt ist der Heimleiter*in. Wer dieses Amt inneh\u00e4lt, \u00fcbernimmt dagegen die Verwaltung im Hintergrund und k\u00fcmmert sich um Buchhaltung, Mietvertr\u00e4ge und organisatorische Abl\u00e4ufe wie z.B. die Zimmerbelegung.<\/p>\n<\/div><\/section><\/div>\n\n<style type=\"text\/css\" data-created_by=\"avia_inline_auto\" id=\"style-css-av-av_one_fifth-9c1d454dc06f7247226bc4e8f931daae\">\n.flex_column.av-av_one_fifth-9c1d454dc06f7247226bc4e8f931daae{\n-webkit-border-radius:0px 0px 0px 0px;\n-moz-border-radius:0px 0px 0px 0px;\nborder-radius:0px 0px 0px 0px;\npadding:0px 0px 0px 0px;\n}\n<\/style>\n<div class='flex_column av-av_one_fifth-9c1d454dc06f7247226bc4e8f931daae av_one_fifth  avia-builder-el-6  el_after_av_two_fifth  el_before_av_one_fifth  flex_column_div av-zero-column-padding column-top-margin'     ><p><section  class='avia-team-member av-av_team_member-9aecf0eed097c3291035909c77d8ec37  avia-builder-el-7  el_before_av_team_member  avia-builder-el-first '  itemscope=\"itemscope\" itemtype=\"https:\/\/schema.org\/Person\" ><h3 class='team-member-name '  itemprop=\"name\" >Haussprecher*in<\/h3><div class='team-member-description '  itemprop=\"description\" ><p style=\"text-align: justify;\">Organisieren und Gestalten des Semesterprogramms, Planen der Schmittiefahrt, repr\u00e4sentative Aufgaben und Ansprechpartner*in<\/p>\n<\/div><span class='hidden team-member-affiliation'  itemprop=\"affiliation\" >Schmittmann-Kolleg<\/span><\/section><br \/>\n<section  class='avia-team-member av-av_team_member-966d45fc44754d38f97a1e08c6ab19be  avia-builder-el-8  el_after_av_team_member  el_before_av_team_member '  itemscope=\"itemscope\" itemtype=\"https:\/\/schema.org\/Person\" ><h3 class='team-member-name '  itemprop=\"name\" >Der Schmittie-Rat<\/h3><div class='team-member-description '  itemprop=\"description\" ><p style=\"text-align: justify;\">Der \u201eSchmittie-Rat\u201c, \u00e4ltere Mitbewohner*innen als Ansprechpartner*innen f\u00fcr besondere Anl\u00e4sse und zur Unterst\u00fctzung der gro\u00dfen Haus\u00e4mter<\/p>\n<\/div><span class='hidden team-member-affiliation'  itemprop=\"affiliation\" >Schmittmann-Kolleg<\/span><\/section><br \/>\n<section  class='avia-team-member av-av_team_member-9e5b364328a79884a7c0bb39c0fb3c49  avia-builder-el-9  el_after_av_team_member  el_before_av_team_member '  itemscope=\"itemscope\" itemtype=\"https:\/\/schema.org\/Person\" ><h3 class='team-member-name '  itemprop=\"name\" >Publikationsyogi<\/h3><div class='team-member-description '  itemprop=\"description\" ><p style=\"text-align: justify;\">Pflegen dieser Website und des Facebook &amp; Instagram Accounts, aktualisieren der Ehemaligendatenbank<\/p>\n<\/div><span class='hidden team-member-affiliation'  itemprop=\"affiliation\" >Schmittmann-Kolleg<\/span><\/section><br \/>\n<section  class='avia-team-member av-av_team_member-20b9cb5cf0db2745fd2ab35f86d8c75b  avia-builder-el-10  el_after_av_team_member  avia-builder-el-last '  itemscope=\"itemscope\" itemtype=\"https:\/\/schema.org\/Person\" ><h3 class='team-member-name '  itemprop=\"name\" >Recycling-Yogi<\/h3><div class='team-member-description '  itemprop=\"description\" ><p style=\"text-align: justify;\">Erstellen, Kontrollieren und Abhaken des M\u00fcll-Dienst-Plans<\/p>\n<\/div><span class='hidden team-member-affiliation'  itemprop=\"affiliation\" >Schmittmann-Kolleg<\/span><\/section><\/p><\/div>\n<style type=\"text\/css\" data-created_by=\"avia_inline_auto\" id=\"style-css-av-av_one_fifth-9c1d454dc06f7247226bc4e8f931daae\">\n.flex_column.av-av_one_fifth-9c1d454dc06f7247226bc4e8f931daae{\n-webkit-border-radius:0px 0px 0px 0px;\n-moz-border-radius:0px 0px 0px 0px;\nborder-radius:0px 0px 0px 0px;\npadding:0px 0px 0px 0px;\n}\n<\/style>\n<div class='flex_column av-av_one_fifth-9c1d454dc06f7247226bc4e8f931daae av_one_fifth  avia-builder-el-11  el_after_av_one_fifth  el_before_av_one_fifth  flex_column_div av-zero-column-padding column-top-margin'     ><p><section  class='avia-team-member av-av_team_member-1e899474cf2dbdc4da777a315859543a  avia-builder-el-12  el_before_av_team_member  avia-builder-el-first '  itemscope=\"itemscope\" itemtype=\"https:\/\/schema.org\/Person\" ><h3 class='team-member-name '  itemprop=\"name\" >Heimleitung<\/h3><div class='team-member-description '  itemprop=\"description\" ><p style=\"text-align: justify;\">Buchhaltung, Verwaltungsaufgaben rund ums Haus, Mietvertr\u00e4ge, Zimmervergabe etc.<\/p>\n<\/div><span class='hidden team-member-affiliation'  itemprop=\"affiliation\" >Schmittmann-Kolleg<\/span><\/section><br \/>\n<section  class='avia-team-member av-av_team_member-f7c62bc2e19d7962d4a4e253f80d3161  avia-builder-el-13  el_after_av_team_member  el_before_av_team_member '  itemscope=\"itemscope\" itemtype=\"https:\/\/schema.org\/Person\" ><h3 class='team-member-name '  itemprop=\"name\" >Versammlungsleiter*in<\/h3><div class='team-member-description '  itemprop=\"description\" ><p style=\"text-align: justify;\">Leiten der Hausversammlung<\/p>\n<\/div><span class='hidden team-member-affiliation'  itemprop=\"affiliation\" >Schmittmann-Kolleg<\/span><\/section><br \/>\n<section  class='avia-team-member av-av_team_member-ca5022da8f0801019c0457445b27a398  avia-builder-el-14  el_after_av_team_member  el_before_av_team_member '  itemscope=\"itemscope\" itemtype=\"https:\/\/schema.org\/Person\" ><h3 class='team-member-name '  itemprop=\"name\" >Wein-Yogi<\/h3><div class='team-member-description '  itemprop=\"description\" ><p style=\"text-align: justify;\">Anschaffungen f\u00fcr den Weinkeller und Abrechnungen<\/p>\n<\/div><span class='hidden team-member-affiliation'  itemprop=\"affiliation\" >Schmittmann-Kolleg<\/span><\/section><br \/>\n<section  class='avia-team-member av-av_team_member-9b93788d77300e58bd254c25f91c3712  avia-builder-el-15  el_after_av_team_member  el_before_av_team_member '  itemscope=\"itemscope\" itemtype=\"https:\/\/schema.org\/Person\" ><h3 class='team-member-name '  itemprop=\"name\" >Computer-Yogi<\/h3><div class='team-member-description '  itemprop=\"description\" ><p style=\"text-align: justify;\">Pflege des Servers und Netzwerks, Druckkostenabrechnung<\/p>\n<\/div><span class='hidden team-member-affiliation'  itemprop=\"affiliation\" >Schmittmann-Kolleg<\/span><\/section><br \/>\n<section  class='avia-team-member av-av_team_member-3d5e5ae4530f101ee50a2a1caece9af0  avia-builder-el-16  el_after_av_team_member  avia-builder-el-last '  itemscope=\"itemscope\" itemtype=\"https:\/\/schema.org\/Person\" ><h3 class='team-member-name '  itemprop=\"name\" >Nachhaltigkeits-Yogi<\/h3><div class='team-member-description '  itemprop=\"description\" ><p>F\u00f6rderung und Weiterentwicklung von nachhaltigem, gemeinsamen Wohnen (M\u00fclltrennung, Energieeffizienz, Ressourcenverwertung)<\/p>\n<\/div><span class='hidden team-member-affiliation'  itemprop=\"affiliation\" >Schmittmann-Kolleg<\/span><\/section><\/p><\/div>\n<style type=\"text\/css\" data-created_by=\"avia_inline_auto\" id=\"style-css-av-av_one_fifth-9c1d454dc06f7247226bc4e8f931daae\">\n.flex_column.av-av_one_fifth-9c1d454dc06f7247226bc4e8f931daae{\n-webkit-border-radius:0px 0px 0px 0px;\n-moz-border-radius:0px 0px 0px 0px;\nborder-radius:0px 0px 0px 0px;\npadding:0px 0px 0px 0px;\n}\n<\/style>\n<div class='flex_column av-av_one_fifth-9c1d454dc06f7247226bc4e8f931daae av_one_fifth  avia-builder-el-17  el_after_av_one_fifth  avia-builder-el-last  flex_column_div av-zero-column-padding column-top-margin'     ><p><section  class='avia-team-member av-av_team_member-ce1f3929d56cfda2415a54a32cdf4928  avia-builder-el-18  el_before_av_team_member  avia-builder-el-first '  itemscope=\"itemscope\" itemtype=\"https:\/\/schema.org\/Person\" ><h3 class='team-member-name '  itemprop=\"name\" >K\u00fcchen-Yogi<\/h3><div class='team-member-description '  itemprop=\"description\" ><p style=\"text-align: justify;\">Erstellen des Plans f\u00fcr den K\u00fcchendienst (K\u00fcDi), Kontrollieren des K\u00fcDis und Neuanschaffungen f\u00fcr die K\u00fcche<\/p>\n<\/div><span class='hidden team-member-affiliation'  itemprop=\"affiliation\" >Schmittmann-Kolleg<\/span><\/section><br \/>\n<section  class='avia-team-member av-av_team_member-4d137f889ff8a683b62d02507f1e7616  avia-builder-el-19  el_after_av_team_member  el_before_av_team_member '  itemscope=\"itemscope\" itemtype=\"https:\/\/schema.org\/Person\" ><h3 class='team-member-name '  itemprop=\"name\" >Bibliotheksyogi<\/h3><div class='team-member-description '  itemprop=\"description\" ><p style=\"text-align: justify;\">Neuanschaffungen f\u00fcr die Bibliothek<\/p>\n<\/div><span class='hidden team-member-affiliation'  itemprop=\"affiliation\" >Schmittmann-Kolleg<\/span><\/section><br \/>\n<section  class='avia-team-member av-av_team_member-01dd58fb184e72602475559e886ed548  avia-builder-el-20  el_after_av_team_member  el_before_av_team_member '  itemscope=\"itemscope\" itemtype=\"https:\/\/schema.org\/Person\" ><h3 class='team-member-name '  itemprop=\"name\" >WaMa-Yogi<\/h3><div class='team-member-description '  itemprop=\"description\" ><p style=\"text-align: justify;\">Waschmaschinenabrechnung<\/p>\n<\/div><span class='hidden team-member-affiliation'  itemprop=\"affiliation\" >Schmittmann-Kolleg<\/span><\/section><br \/>\n<section  class='avia-team-member av-av_team_member-bdd28825bd54aa8bfc04c686e9552122  avia-builder-el-21  el_after_av_team_member  avia-builder-el-last '  itemscope=\"itemscope\" itemtype=\"https:\/\/schema.org\/Person\" ><h3 class='team-member-name '  itemprop=\"name\" >Catering-Yogi<\/h3><div class='team-member-description '  itemprop=\"description\" ><p style=\"text-align: justify;\">Organisieren von Verpflegung f\u00fcr die Vortr\u00e4ge<\/p>\n<\/div><span class='hidden team-member-affiliation'  itemprop=\"affiliation\" >Schmittmann-Kolleg<\/span><\/section><\/p><\/div><\/p>\n","protected":false},"excerpt":{"rendered":"","protected":false},"author":1,"featured_media":0,"parent":0,"menu_order":0,"comment_status":"closed","ping_status":"closed","template":"","meta":{"footnotes":""},"class_list":["post-69","page","type-page","status-publish","hentry"],"_links":{"self":[{"href":"https:\/\/schmittmann-kolleg.de\/wordpress\/wp-json\/wp\/v2\/pages\/69","targetHints":{"allow":["GET"]}}],"collection":[{"href":"https:\/\/schmittmann-kolleg.de\/wordpress\/wp-json\/wp\/v2\/pages"}],"about":[{"href":"https:\/\/schmittmann-kolleg.de\/wordpress\/wp-json\/wp\/v2\/types\/page"}],"author":[{"embeddable":true,"href":"https:\/\/schmittmann-kolleg.de\/wordpress\/wp-json\/wp\/v2\/users\/1"}],"replies":[{"embeddable":true,"href":"https:\/\/schmittmann-kolleg.de\/wordpress\/wp-json\/wp\/v2\/comments?post=69"}],"version-history":[{"count":11,"href":"https:\/\/schmittmann-kolleg.de\/wordpress\/wp-json\/wp\/v2\/pages\/69\/revisions"}],"predecessor-version":[{"id":1266,"href":"https:\/\/schmittmann-kolleg.de\/wordpress\/wp-json\/wp\/v2\/pages\/69\/revisions\/1266"}],"wp:attachment":[{"href":"https:\/\/schmittmann-kolleg.de\/wordpress\/wp-json\/wp\/v2\/media?parent=69"}],"curies":[{"name":"wp","href":"https:\/\/api.w.org\/{rel}","templated":true}]}}