{"id":53,"date":"2016-01-26T15:24:04","date_gmt":"2016-01-26T14:24:04","guid":{"rendered":"http:\/\/schmittmann-kolleg.de\/wordpress\/?page_id=53"},"modified":"2023-06-23T09:58:29","modified_gmt":"2023-06-23T07:58:29","slug":"semesterprogramm","status":"publish","type":"page","link":"https:\/\/schmittmann-kolleg.de\/wordpress\/semesterprogramm\/","title":{"rendered":"Semesterprogramm"},"content":{"rendered":"\n<p><\/p>\n\n\n<div id='full_slider_1'  class='avia-fullwidth-slider main_color avia-shadow   avia-builder-el-0  el_before_av_two_fifth  avia-builder-el-first   container_wrap sidebar_right'  ><div  class='avia-slideshow av-3qbx5-4ca5f16e8749d2c9156b3b0590effbc4 avia-slideshow-featured av_slideshow_full avia-slide-slider av-slideshow-ui av-control-default av-slideshow-manual av-loop-once av-loop-manual-endless av-default-height-applied   avia-slideshow-1' data-slideshow-options=\"{&quot;animation&quot;:&quot;slide&quot;,&quot;autoplay&quot;:false,&quot;loop_autoplay&quot;:&quot;once&quot;,&quot;interval&quot;:5,&quot;loop_manual&quot;:&quot;manual-endless&quot;,&quot;autoplay_stopper&quot;:false,&quot;noNavigation&quot;:false,&quot;bg_slider&quot;:false,&quot;keep_padding&quot;:false,&quot;hoverpause&quot;:false,&quot;show_slide_delay&quot;:0}\"  itemprop=\"image\" itemscope=\"itemscope\" itemtype=\"https:\/\/schema.org\/ImageObject\" ><ul class='avia-slideshow-inner ' style='padding-bottom: 28.6666666667%;'><li  class='avia-slideshow-slide av-3qbx5-4ca5f16e8749d2c9156b3b0590effbc4__0  av-single-slide slide-1 slide-odd'><div data-rel='slideshow-1' class='avia-slide-wrap '   ><img decoding=\"async\" class=\"wp-image-448 avia-img-lazy-loading-not-448\"  src=\"https:\/\/schmittmann-kolleg.de\/wordpress\/wp-content\/uploads\/2016\/05\/haus3-1500x430.jpg\" width=\"1500\" height=\"430\" title='haus3' alt=''  itemprop=\"thumbnailUrl\"   \/><\/div><\/li><\/ul><\/div><\/div><div id='after_full_slider_1'  class='main_color av_default_container_wrap container_wrap sidebar_right'  ><div class='container av-section-cont-open' ><div class='template-page content  av-content-small alpha units'><div class='post-entry post-entry-type-page post-entry-53'><div class='entry-content-wrapper clearfix'>\n\n<style type=\"text\/css\" data-created_by=\"avia_inline_auto\" id=\"style-css-av-2ilb1-54ee39a4c24de71b2a5e4b4bb26204e0\">\n.flex_column.av-2ilb1-54ee39a4c24de71b2a5e4b4bb26204e0{\n-webkit-border-radius:0px 0px 0px 0px;\n-moz-border-radius:0px 0px 0px 0px;\nborder-radius:0px 0px 0px 0px;\npadding:0px 0px 0px 0px;\n}\n<\/style>\n<div class='flex_column av-2ilb1-54ee39a4c24de71b2a5e4b4bb26204e0 av_two_fifth  avia-builder-el-1  el_after_av_slideshow_full  el_before_av_three_fifth  avia-builder-el-first  first flex_column_div av-zero-column-padding '     ><section  class='av_textblock_section av-pt9-c2fafc490b7f57a108a91373c87d841a'  itemscope=\"itemscope\" itemtype=\"https:\/\/schema.org\/CreativeWork\" ><div class='avia_textblock'  itemprop=\"text\" ><h1 style=\"text-align: justify;\">Semesterprogramm<\/h1>\n<hr \/>\n<h2>Information &#038; Diskussion<\/h2>\n<p style=\"text-align: justify;\">Jedes Semester darf man sich darauf freuen, \u00fcber ein bestimmtes Thema mehr zu erfahren: Soziale Ungleichheit, Fu\u00dfball, Frauen im Islam, Chemie im Alltag, Globalisierung \u2013 um nur ein paar Themen zu nennen. Es kommen interessante Referent*innen f\u00fcr Vortr\u00e4ge zu uns ins Haus und wir unternehmen gemeinsam Exkursionen. Eine Semesterfahrt gibt es auch, die uns je nach Thema in eine andere europ\u00e4ische Stadt\u00a0f\u00fchrt, wie beispielsweise Rom, Paris oder Berlin.\u00a0Das Programm wird jedes Semester aufs Neue vom Haussprecher \/ der Haussprecherin gestaltet.\u00a0Das Semesterprogramm sorgt f\u00fcr ein gutes, gemeinschaftliches Klima im Haus und vor allem\u00a0bietet es die M\u00f6glichkeit, \u00fcber seinen eigenen Tellerrand hinaus zu schauen. Auch Au\u00dfenstehende k\u00f6nnen zu den Vortr\u00e4gen vorbeikommen. Hier kannst du mit einigen Klicks durch das aktuelle, wie auch die ehemaligen, Semesterprogramme st\u00f6bern.<\/p>\n<p style=\"text-align: justify;\">Kontakt:<\/p>\n<p style=\"text-align: justify;\">Schmittmann-Kolleg<br \/>\nSachsenring 26<br \/>\n50677 K\u00f6ln<br \/>\nTelefon: (02 21) 9 32 28 64<br \/>\nFax: (02 21) 9 32 28 62<br \/>\nhaussprecher@schmittmann-kolleg.de<\/p>\n<p style=\"text-align: justify;\">\n<\/div><\/section><\/div>\n<style type=\"text\/css\" data-created_by=\"avia_inline_auto\" id=\"style-css-av-19tqd-448597767d0bfe49831da37e49da3f7d\">\n.flex_column.av-19tqd-448597767d0bfe49831da37e49da3f7d{\n-webkit-border-radius:0px 0px 0px 0px;\n-moz-border-radius:0px 0px 0px 0px;\nborder-radius:0px 0px 0px 0px;\npadding:0px 0px 0px 0px;\n}\n<\/style>\n<div class='flex_column av-19tqd-448597767d0bfe49831da37e49da3f7d av_three_fifth  avia-builder-el-3  el_after_av_two_fifth  avia-builder-el-last  flex_column_div av-zero-column-padding '     ><div  id=\"av-sc-portfolio-1\"  class=\"av-portfolio-grid-sorting-container\"><div class='sort_width_container  av-sort-yes' data-portfolio-id='1' ><div id='js_sort_items' ><div class='sort_by_cat hidden'><a href=\"#\" data-filter=\"all_sort\" class=\"all_sort_button active_sort\"><span class=\"inner_sort_button\"><span>Alle<\/span><small class=\"av-cat-count\"> 16 <\/small><\/span><\/a><\/div><\/div><\/div><div  class=' grid-sort-container isotope   no_margin-container with-title-container grid-total-even grid-col-4 grid-links-' data-portfolio-id='1'><div data-ajax-id='1992' class=' grid-entry flex_column isotope-item all_sort no_margin post-entry post-entry-1992 grid-entry-overview grid-loop-1 grid-parity-odd   av_one_fourth first default_av_fullwidth '><article class='main_color inner-entry'  itemscope=\"itemscope\" itemtype=\"https:\/\/schema.org\/CreativeWork\" ><a href=\"https:\/\/schmittmann-kolleg.de\/wordpress\/portfolio-item\/flyer-sose26\/\" title='Politische Utopien SoSe26'  data-rel='grid-1' class='grid-image avia-hover-fx'> <\/a><div class='grid-content'><div class='avia-arrow'><\/div><header class=\"entry-content-header\"><h3 class='grid-entry-title entry-title '  itemprop=\"headline\" ><a href='https:\/\/schmittmann-kolleg.de\/wordpress\/portfolio-item\/flyer-sose26\/' title='Politische Utopien SoSe26'>Politische Utopien SoSe26<\/a><\/h3><\/header><\/div><footer class=\"entry-footer\"><\/footer><\/article><\/div><div data-ajax-id='1952' class=' grid-entry flex_column isotope-item all_sort no_margin post-entry post-entry-1952 grid-entry-overview grid-loop-2 grid-parity-even   av_one_fourth  default_av_fullwidth '><article class='main_color inner-entry'  itemscope=\"itemscope\" itemtype=\"https:\/\/schema.org\/CreativeWork\" ><a href=\"https:\/\/schmittmann-kolleg.de\/wordpress\/portfolio-item\/skandinavien-sose-2025\/\" title='Skandinavien SoSe 2025'  data-rel='grid-1' class='grid-image avia-hover-fx'> <\/a><div class='grid-content'><div class='avia-arrow'><\/div><header class=\"entry-content-header\"><h3 class='grid-entry-title entry-title '  itemprop=\"headline\" ><a href='https:\/\/schmittmann-kolleg.de\/wordpress\/portfolio-item\/skandinavien-sose-2025\/' title='Skandinavien SoSe 2025'>Skandinavien SoSe 2025<\/a><\/h3><\/header><\/div><footer class=\"entry-footer\"><\/footer><\/article><\/div><div data-ajax-id='1812' class=' grid-entry flex_column isotope-item all_sort no_margin post-entry post-entry-1812 grid-entry-overview grid-loop-3 grid-parity-odd   av_one_fourth  default_av_fullwidth '><article class='main_color inner-entry'  itemscope=\"itemscope\" itemtype=\"https:\/\/schema.org\/CreativeWork\" ><a href=\"https:\/\/schmittmann-kolleg.de\/wordpress\/portfolio-item\/himmelslichter\/\" title='Himmelslichter WS 2024'  data-rel='grid-1' class='grid-image avia-hover-fx'> <\/a><div class='grid-content'><div class='avia-arrow'><\/div><header class=\"entry-content-header\"><h3 class='grid-entry-title entry-title '  itemprop=\"headline\" ><a href='https:\/\/schmittmann-kolleg.de\/wordpress\/portfolio-item\/himmelslichter\/' title='Himmelslichter WS 2024'>Himmelslichter WS 2024<\/a><\/h3><\/header><\/div><footer class=\"entry-footer\"><\/footer><\/article><\/div><div data-ajax-id='1712' class=' grid-entry flex_column isotope-item all_sort no_margin post-entry post-entry-1712 grid-entry-overview grid-loop-4 grid-parity-even   av_one_fourth  default_av_fullwidth '><article class='main_color inner-entry'  itemscope=\"itemscope\" itemtype=\"https:\/\/schema.org\/CreativeWork\" ><a href=\"https:\/\/schmittmann-kolleg.de\/wordpress\/portfolio-item\/ireland-sose2024\/\" title='Irland\/ Ireland SoSe 2024'  data-rel='grid-1' class='grid-image avia-hover-fx'> <\/a><div class='grid-content'><div class='avia-arrow'><\/div><header class=\"entry-content-header\"><h3 class='grid-entry-title entry-title '  itemprop=\"headline\" ><a href='https:\/\/schmittmann-kolleg.de\/wordpress\/portfolio-item\/ireland-sose2024\/' title='Irland\/ Ireland SoSe 2024'>Irland\/ Ireland SoSe 2024<\/a><\/h3><\/header><\/div><footer class=\"entry-footer\"><\/footer><\/article><\/div><div data-ajax-id='1689' class=' grid-entry flex_column isotope-item all_sort no_margin post-entry post-entry-1689 grid-entry-overview grid-loop-5 grid-parity-odd   av_one_fourth first default_av_fullwidth '><article class='main_color inner-entry'  itemscope=\"itemscope\" itemtype=\"https:\/\/schema.org\/CreativeWork\" ><a href=\"https:\/\/schmittmann-kolleg.de\/wordpress\/portfolio-item\/indias-legacy-wise-23-24\/\" title='India&#8217;s Legacy WiSe 23\/24'  data-rel='grid-1' class='grid-image avia-hover-fx'> <\/a><div class='grid-content'><div class='avia-arrow'><\/div><header class=\"entry-content-header\"><h3 class='grid-entry-title entry-title '  itemprop=\"headline\" ><a href='https:\/\/schmittmann-kolleg.de\/wordpress\/portfolio-item\/indias-legacy-wise-23-24\/' title='India&#8217;s Legacy WiSe 23\/24'>India&#8217;s Legacy WiSe 23\/24<\/a><\/h3><\/header><\/div><footer class=\"entry-footer\"><\/footer><\/article><\/div><div data-ajax-id='1658' class=' grid-entry flex_column isotope-item all_sort no_margin post-entry post-entry-1658 grid-entry-overview grid-loop-6 grid-parity-even   av_one_fourth  default_av_fullwidth '><article class='main_color inner-entry'  itemscope=\"itemscope\" itemtype=\"https:\/\/schema.org\/CreativeWork\" ><a href=\"https:\/\/schmittmann-kolleg.de\/wordpress\/portfolio-item\/die-eu-2023\/\" title='Die EU SoSe 2023'  data-rel='grid-1' class='grid-image avia-hover-fx'> <\/a><div class='grid-content'><div class='avia-arrow'><\/div><header class=\"entry-content-header\"><h3 class='grid-entry-title entry-title '  itemprop=\"headline\" ><a href='https:\/\/schmittmann-kolleg.de\/wordpress\/portfolio-item\/die-eu-2023\/' title='Die EU SoSe 2023'>Die EU SoSe 2023<\/a><\/h3><\/header><\/div><footer class=\"entry-footer\"><\/footer><\/article><\/div><div data-ajax-id='1546' class=' grid-entry flex_column isotope-item all_sort no_margin post-entry post-entry-1546 grid-entry-overview grid-loop-7 grid-parity-odd   av_one_fourth  default_av_fullwidth '><article class='main_color inner-entry'  itemscope=\"itemscope\" itemtype=\"https:\/\/schema.org\/CreativeWork\" ><a href=\"https:\/\/schmittmann-kolleg.de\/wordpress\/portfolio-item\/traeumen-wise-22-23\/\" title='&#8222;Tr\u00e4umen&#8220;                     WiSe 22\/23'  data-rel='grid-1' class='grid-image avia-hover-fx'> <\/a><div class='grid-content'><div class='avia-arrow'><\/div><header class=\"entry-content-header\"><h3 class='grid-entry-title entry-title '  itemprop=\"headline\" ><a href='https:\/\/schmittmann-kolleg.de\/wordpress\/portfolio-item\/traeumen-wise-22-23\/' title='&#8222;Tr\u00e4umen&#8220;                     WiSe 22\/23'>&#8222;Tr\u00e4umen&#8220;                     WiSe 22\/23<\/a><\/h3><\/header><\/div><footer class=\"entry-footer\"><\/footer><\/article><\/div><div data-ajax-id='1510' class=' grid-entry flex_column isotope-item all_sort no_margin post-entry post-entry-1510 grid-entry-overview grid-loop-8 grid-parity-even   av_one_fourth  default_av_fullwidth '><article class='main_color inner-entry'  itemscope=\"itemscope\" itemtype=\"https:\/\/schema.org\/CreativeWork\" ><a href=\"https:\/\/schmittmann-kolleg.de\/wordpress\/portfolio-item\/russlandsose-22\/\" title='RusslandSoSe 22'  data-rel='grid-1' class='grid-image avia-hover-fx'> <\/a><div class='grid-content'><div class='avia-arrow'><\/div><header class=\"entry-content-header\"><h3 class='grid-entry-title entry-title '  itemprop=\"headline\" ><a href='https:\/\/schmittmann-kolleg.de\/wordpress\/portfolio-item\/russlandsose-22\/' title='RusslandSoSe 22'>Russland<br><br>SoSe 22<\/a><\/h3><\/header><\/div><footer class=\"entry-footer\"><\/footer><\/article><\/div><div data-ajax-id='1456' class=' grid-entry flex_column isotope-item all_sort no_margin post-entry post-entry-1456 grid-entry-overview grid-loop-9 grid-parity-odd   av_one_fourth first default_av_fullwidth '><article class='main_color inner-entry'  itemscope=\"itemscope\" itemtype=\"https:\/\/schema.org\/CreativeWork\" ><a href=\"https:\/\/schmittmann-kolleg.de\/wordpress\/portfolio-item\/spielkultur\/\" title='SpielkulturWiSe 21\/22'  data-rel='grid-1' class='grid-image avia-hover-fx'> <\/a><div class='grid-content'><div class='avia-arrow'><\/div><header class=\"entry-content-header\"><h3 class='grid-entry-title entry-title '  itemprop=\"headline\" ><a href='https:\/\/schmittmann-kolleg.de\/wordpress\/portfolio-item\/spielkultur\/' title='SpielkulturWiSe 21\/22'>Spielkultur<br><br>WiSe 21\/22<\/a><\/h3><\/header><\/div><footer class=\"entry-footer\"><\/footer><\/article><\/div><div data-ajax-id='1306' class=' grid-entry flex_column isotope-item all_sort no_margin post-entry post-entry-1306 grid-entry-overview grid-loop-10 grid-parity-even   av_one_fourth  default_av_fullwidth '><article class='main_color inner-entry'  itemscope=\"itemscope\" itemtype=\"https:\/\/schema.org\/CreativeWork\" ><a href=\"https:\/\/schmittmann-kolleg.de\/wordpress\/portfolio-item\/sprache-und-emotion-sose-21\/\" title='Sprache und Emotion SoSe 21'  data-rel='grid-1' class='grid-image avia-hover-fx'> <\/a><div class='grid-content'><div class='avia-arrow'><\/div><header class=\"entry-content-header\"><h3 class='grid-entry-title entry-title '  itemprop=\"headline\" ><a href='https:\/\/schmittmann-kolleg.de\/wordpress\/portfolio-item\/sprache-und-emotion-sose-21\/' title='Sprache und Emotion SoSe 21'>Sprache und Emotion SoSe 21<\/a><\/h3><\/header><\/div><footer class=\"entry-footer\"><\/footer><\/article><\/div><div data-ajax-id='1695' class=' grid-entry flex_column isotope-item all_sort no_margin post-entry post-entry-1695 grid-entry-overview grid-loop-11 grid-parity-odd   av_one_fourth  default_av_fullwidth '><article class='main_color inner-entry'  itemscope=\"itemscope\" itemtype=\"https:\/\/schema.org\/CreativeWork\" ><a href=\"https:\/\/schmittmann-kolleg.de\/wordpress\/portfolio-item\/das-unsichtbare-drittel-wise-20-21\/\" title='Das unsichtbare Drittel WiSe 20\/21'  data-rel='grid-1' class='grid-image avia-hover-fx'> <\/a><div class='grid-content'><div class='avia-arrow'><\/div><header class=\"entry-content-header\"><h3 class='grid-entry-title entry-title '  itemprop=\"headline\" ><a href='https:\/\/schmittmann-kolleg.de\/wordpress\/portfolio-item\/das-unsichtbare-drittel-wise-20-21\/' title='Das unsichtbare Drittel WiSe 20\/21'>Das unsichtbare Drittel WiSe 20\/21<\/a><\/h3><\/header><\/div><footer class=\"entry-footer\"><\/footer><\/article><\/div><div data-ajax-id='1212' class=' grid-entry flex_column isotope-item all_sort no_margin post-entry post-entry-1212 grid-entry-overview grid-loop-12 grid-parity-even   av_one_fourth  default_av_fullwidth '><article class='main_color inner-entry'  itemscope=\"itemscope\" itemtype=\"https:\/\/schema.org\/CreativeWork\" ><a href=\"https:\/\/schmittmann-kolleg.de\/wordpress\/portfolio-item\/streitbare-demokratie-sose-20\/\" title='Streitbare Demokratie SoSe 20'  data-rel='grid-1' class='grid-image avia-hover-fx'> <\/a><div class='grid-content'><div class='avia-arrow'><\/div><header class=\"entry-content-header\"><h3 class='grid-entry-title entry-title '  itemprop=\"headline\" ><a href='https:\/\/schmittmann-kolleg.de\/wordpress\/portfolio-item\/streitbare-demokratie-sose-20\/' title='Streitbare Demokratie SoSe 20'>Streitbare Demokratie <br><br>SoSe 20<\/a><\/h3><\/header><\/div><footer class=\"entry-footer\"><\/footer><\/article><\/div><div data-ajax-id='1101' class=' grid-entry flex_column isotope-item all_sort no_margin post-entry post-entry-1101 grid-entry-overview grid-loop-13 grid-parity-odd   av_one_fourth first default_av_fullwidth '><article class='main_color inner-entry'  itemscope=\"itemscope\" itemtype=\"https:\/\/schema.org\/CreativeWork\" ><a href=\"https:\/\/schmittmann-kolleg.de\/wordpress\/portfolio-item\/kuenstlicheintelligenz-19-20\/\" title='K\u00fcnstliche Intelligenz WiSe 19\/20'  data-rel='grid-1' class='grid-image avia-hover-fx'> <\/a><div class='grid-content'><div class='avia-arrow'><\/div><header class=\"entry-content-header\"><h3 class='grid-entry-title entry-title '  itemprop=\"headline\" ><a href='https:\/\/schmittmann-kolleg.de\/wordpress\/portfolio-item\/kuenstlicheintelligenz-19-20\/' title='K\u00fcnstliche Intelligenz WiSe 19\/20'>K\u00fcnstliche Intelligenz <br><br>WiSe 19\/20<\/a><\/h3><\/header><\/div><footer class=\"entry-footer\"><\/footer><\/article><\/div><div data-ajax-id='1041' class=' grid-entry flex_column isotope-item all_sort no_margin post-entry post-entry-1041 grid-entry-overview grid-loop-14 grid-parity-even   av_one_fourth  default_av_fullwidth '><article class='main_color inner-entry'  itemscope=\"itemscope\" itemtype=\"https:\/\/schema.org\/CreativeWork\" ><a href=\"https:\/\/schmittmann-kolleg.de\/wordpress\/portfolio-item\/geopolitiksose-2019\/\" title='GeopolitikSoSe 2019'  data-rel='grid-1' class='grid-image avia-hover-fx'> <\/a><div class='grid-content'><div class='avia-arrow'><\/div><header class=\"entry-content-header\"><h3 class='grid-entry-title entry-title '  itemprop=\"headline\" ><a href='https:\/\/schmittmann-kolleg.de\/wordpress\/portfolio-item\/geopolitiksose-2019\/' title='GeopolitikSoSe 2019'>Geopolitik<br><br>SoSe 2019<\/a><\/h3><\/header><\/div><footer class=\"entry-footer\"><\/footer><\/article><\/div><div data-ajax-id='928' class=' grid-entry flex_column isotope-item all_sort no_margin post-entry post-entry-928 grid-entry-overview grid-loop-15 grid-parity-odd   av_one_fourth  default_av_fullwidth '><article class='main_color inner-entry'  itemscope=\"itemscope\" itemtype=\"https:\/\/schema.org\/CreativeWork\" ><a href=\"https:\/\/schmittmann-kolleg.de\/wordpress\/portfolio-item\/nachhaltigkeitws-18-19\/\" title='NachhaltigkeitWiSe 18\/19'  data-rel='grid-1' class='grid-image avia-hover-fx'> <\/a><div class='grid-content'><div class='avia-arrow'><\/div><header class=\"entry-content-header\"><h3 class='grid-entry-title entry-title '  itemprop=\"headline\" ><a href='https:\/\/schmittmann-kolleg.de\/wordpress\/portfolio-item\/nachhaltigkeitws-18-19\/' title='NachhaltigkeitWiSe 18\/19'>Nachhaltigkeit<br><br>WiSe 18\/19<\/a><\/h3><\/header><\/div><footer class=\"entry-footer\"><\/footer><\/article><\/div><div data-ajax-id='877' class=' grid-entry flex_column isotope-item all_sort no_margin post-entry post-entry-877 grid-entry-overview grid-loop-16 grid-parity-even  post-entry-last   av_one_fourth  default_av_fullwidth '><article class='main_color inner-entry'  itemscope=\"itemscope\" itemtype=\"https:\/\/schema.org\/CreativeWork\" ><a href=\"https:\/\/schmittmann-kolleg.de\/wordpress\/portfolio-item\/was-ist-liebesose-2018\/\" title='Was ist Liebe?SoSe 2018'  data-rel='grid-1' class='grid-image avia-hover-fx'> <\/a><div class='grid-content'><div class='avia-arrow'><\/div><header class=\"entry-content-header\"><h3 class='grid-entry-title entry-title '  itemprop=\"headline\" ><a href='https:\/\/schmittmann-kolleg.de\/wordpress\/portfolio-item\/was-ist-liebesose-2018\/' title='Was ist Liebe?SoSe 2018'>Was ist Liebe?<br><br>SoSe 2018<\/a><\/h3><\/header><\/div><footer class=\"entry-footer\"><\/footer><\/article><\/div><\/div><\/div>   <!--   class=\"av-portfolio-grid-sorting-container\"  --><div class='pagination-wrap  '><nav class='pagination'><span class='pagination-meta'>Seite 1 von 3<\/span><span class='current'>1<\/span><a href='https:\/\/schmittmann-kolleg.de\/wordpress\/wp-json\/wp\/v2\/pages\/53\/?avia-element-paging=2' class='inactive next_page' >2<\/a><a href='https:\/\/schmittmann-kolleg.de\/wordpress\/wp-json\/wp\/v2\/pages\/53\/?avia-element-paging=3' class='inactive' >3<\/a><\/nav>\n<\/div><\/div><\/p>\n","protected":false},"excerpt":{"rendered":"","protected":false},"author":1,"featured_media":0,"parent":0,"menu_order":0,"comment_status":"closed","ping_status":"closed","template":"","meta":{"footnotes":""},"class_list":["post-53","page","type-page","status-publish","hentry"],"_links":{"self":[{"href":"https:\/\/schmittmann-kolleg.de\/wordpress\/wp-json\/wp\/v2\/pages\/53","targetHints":{"allow":["GET"]}}],"collection":[{"href":"https:\/\/schmittmann-kolleg.de\/wordpress\/wp-json\/wp\/v2\/pages"}],"about":[{"href":"https:\/\/schmittmann-kolleg.de\/wordpress\/wp-json\/wp\/v2\/types\/page"}],"author":[{"embeddable":true,"href":"https:\/\/schmittmann-kolleg.de\/wordpress\/wp-json\/wp\/v2\/users\/1"}],"replies":[{"embeddable":true,"href":"https:\/\/schmittmann-kolleg.de\/wordpress\/wp-json\/wp\/v2\/comments?post=53"}],"version-history":[{"count":13,"href":"https:\/\/schmittmann-kolleg.de\/wordpress\/wp-json\/wp\/v2\/pages\/53\/revisions"}],"predecessor-version":[{"id":1627,"href":"https:\/\/schmittmann-kolleg.de\/wordpress\/wp-json\/wp\/v2\/pages\/53\/revisions\/1627"}],"wp:attachment":[{"href":"https:\/\/schmittmann-kolleg.de\/wordpress\/wp-json\/wp\/v2\/media?parent=53"}],"curies":[{"name":"wp","href":"https:\/\/api.w.org\/{rel}","templated":true}]}}