{"id":48,"date":"2016-01-26T14:57:53","date_gmt":"2016-01-26T13:57:53","guid":{"rendered":"http:\/\/schmittmann-kolleg.de\/wordpress\/?page_id=48"},"modified":"2019-01-23T16:21:51","modified_gmt":"2019-01-23T15:21:51","slug":"48-2","status":"publish","type":"page","link":"https:\/\/schmittmann-kolleg.de\/wordpress\/48-2\/","title":{"rendered":"Texte"},"content":{"rendered":"\n<style type=\"text\/css\" data-created_by=\"avia_inline_auto\" id=\"style-css-av-av_one_fourth-9497bbf8bff73ea4c6992cc17fa9ec36\">\n.flex_column.av-av_one_fourth-9497bbf8bff73ea4c6992cc17fa9ec36{\n-webkit-border-radius:0px 0px 0px 0px;\n-moz-border-radius:0px 0px 0px 0px;\nborder-radius:0px 0px 0px 0px;\npadding:0px 0px 0px 0px;\n}\n<\/style>\n<div class='flex_column av-av_one_fourth-9497bbf8bff73ea4c6992cc17fa9ec36 av_one_fourth  avia-builder-el-0  el_before_av_one_fourth  avia-builder-el-first  first flex_column_div av-zero-column-padding '     ><section  class='av_textblock_section av-av_textblock-0366cc7376be6c9e82a3e9cc8987b64f'  itemscope=\"itemscope\" itemtype=\"https:\/\/schema.org\/CreativeWork\" ><div class='avia_textblock'  itemprop=\"text\" ><h2 style=\"text-align: left;\"><span style=\"color: #808080;\">24 Leute<br \/>\n1 Haus<\/span><\/h2>\n<p style=\"text-align: justify;\">Langweilig wird es nie, denn auch au\u00dferhalb des Semesterprogramms ist in der Hausgemeinschaft immer etwas los. Ein spontanes Kickerduell wird ausgerufen, ein Spieleabend organisiert oder der Super Bowl geguckt \u2013 Ob Kino oder Kochen: Bei so vielen Leuten findet sich eigentlich immer jemand, der Zeit und Lust hat.<\/p>\n<p style=\"text-align: justify;\">Das gemeinsame Leben mit 24 unterschiedlichen Menschen will organisiert sein. Deswegen \u00fcbernimmt jede*r von uns eine Aufgabe.<\/p>\n<p style=\"text-align: justify;\">Jede*r hat seine Aufgabe f\u00fcr ein Semester (K\u00fcchendienst einteilen, Catering f\u00fcr Hausveranstaltungen, Serverwartung). Jedes Semester wird gewechselt.<\/p>\n<p style=\"text-align: justify;\">Wer bei uns einziehen m\u00f6chte, sollte bereit sein irgendwann w\u00e4hrend seines Studiums entweder Heimleiter*in oder Haussprecher*in zu werden. Der*die Haussprecher*in gestaltet das Semesterprogramm, k\u00fcmmert sich um die Hausgemeinschaft und \u00fcbernimmt repr\u00e4sentative Aufgaben. Der*die Heimleiter*in \u00fcbernimmt eher eine Verwaltungsrolle und k\u00fcmmert sich um Mietvertr\u00e4ge, organisatorische Abl\u00e4ufe wie z.B. die Zimmerbelegung und Finanzsachen.<\/p>\n<\/div><\/section><\/div>\n<style type=\"text\/css\" data-created_by=\"avia_inline_auto\" id=\"style-css-av-av_one_fourth-9c1d454dc06f7247226bc4e8f931daae\">\n.flex_column.av-av_one_fourth-9c1d454dc06f7247226bc4e8f931daae{\n-webkit-border-radius:0px 0px 0px 0px;\n-moz-border-radius:0px 0px 0px 0px;\nborder-radius:0px 0px 0px 0px;\npadding:0px 0px 0px 0px;\n}\n<\/style>\n<div class='flex_column av-av_one_fourth-9c1d454dc06f7247226bc4e8f931daae av_one_fourth  avia-builder-el-2  el_after_av_one_fourth  el_before_av_one_fourth  flex_column_div av-zero-column-padding '     ><\/div><\/p>\n\n<style type=\"text\/css\" data-created_by=\"avia_inline_auto\" id=\"style-css-av-av_one_fourth-9c1d454dc06f7247226bc4e8f931daae\">\n.flex_column.av-av_one_fourth-9c1d454dc06f7247226bc4e8f931daae{\n-webkit-border-radius:0px 0px 0px 0px;\n-moz-border-radius:0px 0px 0px 0px;\nborder-radius:0px 0px 0px 0px;\npadding:0px 0px 0px 0px;\n}\n<\/style>\n<div class='flex_column av-av_one_fourth-9c1d454dc06f7247226bc4e8f931daae av_one_fourth  avia-builder-el-3  el_after_av_one_fourth  el_before_av_one_fourth  flex_column_div av-zero-column-padding '     ><section  class='av_textblock_section av-av_textblock-0366cc7376be6c9e82a3e9cc8987b64f'  itemscope=\"itemscope\" itemtype=\"https:\/\/schema.org\/CreativeWork\" ><div class='avia_textblock'  itemprop=\"text\" ><h2 style=\"text-align: left;\">Semester-<br \/>\nprogramm<\/h2>\n<p style=\"text-align: justify;\">Jedes Semester darf man sich darauf freuen, \u00fcber ein bestimmtes Thema mehr zu erfahren. Fu\u00dfball, Frauen im Islam, Chemie im Alltag, Globalisierung \u2013 um nur ein paar Themen zu nennen.<\/p>\n<p style=\"text-align: justify;\">\u00a0 (LINK) Semprogramm<\/p>\n<\/div><\/section><br \/>\n<section  class='av_textblock_section av-av_textblock-0366cc7376be6c9e82a3e9cc8987b64f'  itemscope=\"itemscope\" itemtype=\"https:\/\/schema.org\/CreativeWork\" ><div class='avia_textblock'  itemprop=\"text\" ><h2 style=\"text-align: left;\">Engagement &amp;<br \/>\nVerantwortung<\/h2>\n<p style=\"text-align: justify;\">Engagement, Weltoffenheit und Verantwortung zu \u00fcbernehmen, sind bei uns im Haus besonders wichtig \u2013 ohne das w\u00fcrde unser Zusammenleben nicht funktionieren.<\/p>\n<\/div><\/section><\/p><\/div>\n<style type=\"text\/css\" data-created_by=\"avia_inline_auto\" id=\"style-css-av-av_one_fourth-9c1d454dc06f7247226bc4e8f931daae\">\n.flex_column.av-av_one_fourth-9c1d454dc06f7247226bc4e8f931daae{\n-webkit-border-radius:0px 0px 0px 0px;\n-moz-border-radius:0px 0px 0px 0px;\nborder-radius:0px 0px 0px 0px;\npadding:0px 0px 0px 0px;\n}\n<\/style>\n<div class='flex_column av-av_one_fourth-9c1d454dc06f7247226bc4e8f931daae av_one_fourth  avia-builder-el-6  el_after_av_one_fourth  el_before_av_sidebar  flex_column_div av-zero-column-padding '     ><section  class='av_textblock_section av-av_textblock-0366cc7376be6c9e82a3e9cc8987b64f'  itemscope=\"itemscope\" itemtype=\"https:\/\/schema.org\/CreativeWork\" ><div class='avia_textblock'  itemprop=\"text\" ><h2>Selbst<br \/>\nverwaltung<\/h2>\n<p>Das gemeinsame Leben mit 24 unterschiedlichen Menschen und einem Semesterprogramm will organisiert sein. Damit unser Haushalt nicht im Chaos versinkt \u00fcbernimmt jeder etwas Verantwortung. Die Aufgaben werden zwischen uns aufgeteilt und jede*r von uns \u00fcbernimmt f\u00fcr die Dauer eines Semesters eine davon.<\/p>\n<p>(LINK)<\/p>\n<\/div><\/section><br \/>\n<div  class='avia-button-wrap avia-button-center  avia-builder-el-8  el_after_av_textblock  avia-builder-el-last '>\n<style type=\"text\/css\" data-created_by=\"avia_inline_auto\" id=\"style-css-av-av_button_big-c55e4c67c74b1edb203389ae3085523c\">\n#top #wrap_all .avia-button.av-av_button_big-c55e4c67c74b1edb203389ae3085523c{\ncolor:#ffffff;\n-webkit-transition:all 0.4s ease-in-out;\n-moz-transition:all 0.4s ease-in-out;\n-ms-transition:all 0.4s ease-in-out;\n-o-transition:all 0.4s ease-in-out;\ntransition:all 0.4s ease-in-out;\n}\n#top #wrap_all .avia-button.av-av_button_big-c55e4c67c74b1edb203389ae3085523c:hover{\ncolor:#ffffff;\n-webkit-transition:all 0.4s ease-in-out;\n-moz-transition:all 0.4s ease-in-out;\n-ms-transition:all 0.4s ease-in-out;\n-o-transition:all 0.4s ease-in-out;\ntransition:all 0.4s ease-in-out;\n}\n<\/style>\n<a href='https:\/\/schmittmann-kolleg.de\/wordpress\/selbstverwaltung\/' class='avia-color-theme-color avia-button avia-button-fullwidth av-av_button_big-c55e4c67c74b1edb203389ae3085523c avia-icon_select-no avia-color-theme-color'  ><span class='avia_iconbox_title' >Selbstverwaltung<\/span><span class='avia_button_background avia-button avia-button-fullwidth avia-color-theme-color-subtle'><\/span><\/a><\/div><\/p><\/div><div  class='avia-builder-widget-area clearfix  avia-builder-el-9  el_after_av_one_fourth  avia-builder-el-last '><section id=\"text-2\" class=\"widget clearfix widget_text\">\t\t\t<div class=\"textwidget\"><hr>\r\n<center><a href=\"http:\/\/schmittmann-kolleg.de\/wordpress\/impressum\/\">IMPRESSUM<\/a> | <a href=\"http:\/\/schmittmann-kolleg.de\/wordpress\/kontakt\/\">KONTAKT<\/a> |\u00a0<a href=\"https:\/\/www.facebook.com\/Schmittmann-Kolleg-178337832223050\/\">FACEBOOK<\/a><br>powered by wordpress<\/center><\/div>\n\t\t<span class=\"seperator extralight-border\"><\/span><\/section><\/div><\/p>\n","protected":false},"excerpt":{"rendered":"","protected":false},"author":1,"featured_media":0,"parent":0,"menu_order":0,"comment_status":"closed","ping_status":"closed","template":"","meta":{"footnotes":""},"class_list":["post-48","page","type-page","status-publish","hentry"],"_links":{"self":[{"href":"https:\/\/schmittmann-kolleg.de\/wordpress\/wp-json\/wp\/v2\/pages\/48","targetHints":{"allow":["GET"]}}],"collection":[{"href":"https:\/\/schmittmann-kolleg.de\/wordpress\/wp-json\/wp\/v2\/pages"}],"about":[{"href":"https:\/\/schmittmann-kolleg.de\/wordpress\/wp-json\/wp\/v2\/types\/page"}],"author":[{"embeddable":true,"href":"https:\/\/schmittmann-kolleg.de\/wordpress\/wp-json\/wp\/v2\/users\/1"}],"replies":[{"embeddable":true,"href":"https:\/\/schmittmann-kolleg.de\/wordpress\/wp-json\/wp\/v2\/comments?post=48"}],"version-history":[{"count":10,"href":"https:\/\/schmittmann-kolleg.de\/wordpress\/wp-json\/wp\/v2\/pages\/48\/revisions"}],"predecessor-version":[{"id":1625,"href":"https:\/\/schmittmann-kolleg.de\/wordpress\/wp-json\/wp\/v2\/pages\/48\/revisions\/1625"}],"wp:attachment":[{"href":"https:\/\/schmittmann-kolleg.de\/wordpress\/wp-json\/wp\/v2\/media?parent=48"}],"curies":[{"name":"wp","href":"https:\/\/api.w.org\/{rel}","templated":true}]}}