{"id":408,"date":"2016-04-14T20:50:04","date_gmt":"2016-04-14T18:50:04","guid":{"rendered":"http:\/\/schmittmann-kolleg.de\/wordpress\/?page_id=408"},"modified":"2026-04-23T02:13:44","modified_gmt":"2026-04-23T00:13:44","slug":"ehemaligen","status":"publish","type":"page","link":"https:\/\/schmittmann-kolleg.de\/wordpress\/ehemaligen\/","title":{"rendered":"Ehemalige"},"content":{"rendered":"\n<style type=\"text\/css\" data-created_by=\"avia_inline_auto\" id=\"style-css-av-2fsfs0-949c3c11d288b9154e2c816491b18b59\">\n.flex_column.av-2fsfs0-949c3c11d288b9154e2c816491b18b59{\n-webkit-border-radius:0px 0px 0px 0px;\n-moz-border-radius:0px 0px 0px 0px;\nborder-radius:0px 0px 0px 0px;\npadding:0px 0px 0px 0px;\n}\n<\/style>\n<div class='flex_column av-2fsfs0-949c3c11d288b9154e2c816491b18b59 av_one_full  avia-builder-el-0  el_before_av_one_third  avia-builder-el-first  first flex_column_div av-zero-column-padding '     ><section  class='av_textblock_section av-28r46g-cc125c1c9222b20cc99a1764a6c2cfa9'  itemscope=\"itemscope\" itemtype=\"https:\/\/schema.org\/CreativeWork\" ><div class='avia_textblock'  itemprop=\"text\" ><h2 style=\"text-align: center;\">Jedes Jahr trifft man sich wieder&#8230;<\/h2>\n<\/div><\/section><\/div>\n\n<style type=\"text\/css\" data-created_by=\"avia_inline_auto\" id=\"style-css-av-7e9yo-724aa876b6ae87b74025778ec14f16f0\">\n.flex_column.av-7e9yo-724aa876b6ae87b74025778ec14f16f0{\n-webkit-border-radius:0px 0px 0px 0px;\n-moz-border-radius:0px 0px 0px 0px;\nborder-radius:0px 0px 0px 0px;\npadding:0px 0px 0px 0px;\n}\n<\/style>\n<div class='flex_column av-7e9yo-724aa876b6ae87b74025778ec14f16f0 av_one_third  avia-builder-el-2  el_after_av_one_full  el_before_av_one_third  first flex_column_div av-zero-column-padding column-top-margin'     ><p>\n<style type=\"text\/css\" data-created_by=\"avia_inline_auto\" id=\"style-css-av-1ya8a0-d96f1493b0f2617934ce127d8fe1b0aa\">\n#top .av-special-heading.av-1ya8a0-d96f1493b0f2617934ce127d8fe1b0aa{\npadding-bottom:10px;\n}\nbody .av-special-heading.av-1ya8a0-d96f1493b0f2617934ce127d8fe1b0aa .av-special-heading-tag .heading-char{\nfont-size:25px;\n}\n.av-special-heading.av-1ya8a0-d96f1493b0f2617934ce127d8fe1b0aa .av-subheading{\nfont-size:15px;\n}\n<\/style>\n<div  class='av-special-heading av-1ya8a0-d96f1493b0f2617934ce127d8fe1b0aa av-special-heading-h3  avia-builder-el-3  el_before_av_textblock  avia-builder-el-first '><h3 class='av-special-heading-tag'  itemprop=\"headline\"  >Das Ehemaligentreffen<\/h3><div class=\"special-heading-border\"><div class=\"special-heading-inner-border\"><\/div><\/div><\/div><br \/>\n<section  class='av_textblock_section av-1olsao-f52f005f24b259ee5d59fbac95206ee3'  itemscope=\"itemscope\" itemtype=\"https:\/\/schema.org\/CreativeWork\" ><div class='avia_textblock'  itemprop=\"text\" ><div style=\"text-align: justify;\">\n<p>Neben einigen informellen Treffen wie dem Sommerstammtisch und dem Treffen auf dem Weihnachtsmarkt, gibt es jedes Jahr ein gro\u00dfes Event f\u00fcr die ehemaligen und aktuellen Bewohner*innen des Schmittmann-Kollegs:<\/p>\n<p>Das Ehemaligentreffen.<\/p>\n<p>Der Haupttag ist jeweils der Samstag, der im Schmittmann-Kolleg selbst stattfindet. Zwischen Mittagessen und gem\u00fctlichem Kaffeetrinken gibt es eine Festrede aus einem breiten gesellschaftspolitischen Spektrum, h\u00e4ufig mit einem regionalen Bezug auf K\u00f6ln oder sogar das Schmittmann-Kolleg selbst. Erg\u00e4nzt wird die Rede durch Beitr\u00e4ge aus der Studierendenschaft die von ihren Forschungsschwerpunkten berichtet und die derzeitige Hochschullandschaft f\u00fcr die \u201e\u00e4lteren Semester\u201c transparent macht. Abgerundet wird dies mit einem Gedenkgottesdienst im Veedel, den die Bewohner*innen mit selbst gestalteten F\u00fcrbitten begleiten. Ein gemeinsames Abendessen stellt den Abschluss des ersten Tages dar.<\/p>\n<p>Am Sonntag steht die K\u00f6lner Kultur im Mittelpunkt. Besuche im Museum, der Philharmonie und bei K\u00f6lner Institutionen k\u00f6nnen genauso auf dem Programm stehen wie Stadtf\u00fchrungen durch die sich immer weiter wandelnde Stadt oder eine gef\u00fchrte Besichtigung einer der zahlreichen Kirchen K\u00f6lns.<\/p>\n<p>Damit unsere Ehemaligen auch Mu\u00dfe f\u00fcr die Vortr\u00e4ge und die Gespr\u00e4che mit fr\u00fcheren Kommiliton*innen haben, gibt es samstags eine Kinderbetreuung.<\/p>\n<\/div>\n<div style=\"text-align: justify;\"><\/div>\n<\/div><\/section><\/p><\/div>\n\n<style type=\"text\/css\" data-created_by=\"avia_inline_auto\" id=\"style-css-av-1jv4s0-91578fe1a42344d495f885aa4d5bc37c\">\n.flex_column.av-1jv4s0-91578fe1a42344d495f885aa4d5bc37c{\n-webkit-border-radius:0px 0px 0px 0px;\n-moz-border-radius:0px 0px 0px 0px;\nborder-radius:0px 0px 0px 0px;\npadding:0px 0px 0px 0px;\n}\n<\/style>\n<div class='flex_column av-1jv4s0-91578fe1a42344d495f885aa4d5bc37c av_one_third  avia-builder-el-5  el_after_av_one_third  el_before_av_one_third  flex_column_div av-zero-column-padding column-top-margin'     ><p>\n<style type=\"text\/css\" data-created_by=\"avia_inline_auto\" id=\"style-css-av-1e0t0o-4a60c355e544f09d35583eee2701f472\">\n#top .av-special-heading.av-1e0t0o-4a60c355e544f09d35583eee2701f472{\npadding-bottom:10px;\n}\nbody .av-special-heading.av-1e0t0o-4a60c355e544f09d35583eee2701f472 .av-special-heading-tag .heading-char{\nfont-size:25px;\n}\n.av-special-heading.av-1e0t0o-4a60c355e544f09d35583eee2701f472 .av-subheading{\nfont-size:15px;\n}\n<\/style>\n<div  class='av-special-heading av-1e0t0o-4a60c355e544f09d35583eee2701f472 av-special-heading-h3  avia-builder-el-6  el_before_av_textblock  avia-builder-el-first '><h3 class='av-special-heading-tag'  itemprop=\"headline\"  >Kontakt <span class='special_amp'>&amp;<\/span> Anmeldung<\/h3><div class=\"special-heading-border\"><div class=\"special-heading-inner-border\"><\/div><\/div><\/div><br \/>\n<section  class='av_textblock_section av-18us9c-e4eae8306652b57f99fb0b9e4444a370'  itemscope=\"itemscope\" itemtype=\"https:\/\/schema.org\/CreativeWork\" ><div class='avia_textblock'  itemprop=\"text\" ><div style=\"text-align: center;\"><\/div>\n<p>Ihr seid ehemalige &#8222;Schmitties&#8220; und m\u00f6chtet rechtzeitig \u00fcber das kommende Ehemaligentreffen informiert werden?<\/p>\n<p>Dann schreibt an <a href=\"mailto:vorstand@schmittmann-kolleg.de\">vorstand@schmittmann-kolleg.de<\/a>.<\/p>\n<\/div><\/section><br \/>\n\n<style type=\"text\/css\" data-created_by=\"avia_inline_auto\" id=\"style-css-av-12cvqg-557a06a7e6f119f491146d19b6d49fd2\">\n#top .av-special-heading.av-12cvqg-557a06a7e6f119f491146d19b6d49fd2{\npadding-bottom:10px;\n}\nbody .av-special-heading.av-12cvqg-557a06a7e6f119f491146d19b6d49fd2 .av-special-heading-tag .heading-char{\nfont-size:25px;\n}\n.av-special-heading.av-12cvqg-557a06a7e6f119f491146d19b6d49fd2 .av-subheading{\nfont-size:15px;\n}\n<\/style>\n<div  class='av-special-heading av-12cvqg-557a06a7e6f119f491146d19b6d49fd2 av-special-heading-h3  avia-builder-el-8  el_after_av_textblock  el_before_av_textblock '><h3 class='av-special-heading-tag'  itemprop=\"headline\"  >Wir sehen uns am&#8230;<\/h3><div class=\"special-heading-border\"><div class=\"special-heading-inner-border\"><\/div><\/div><\/div><br \/>\n<section  class='av_textblock_section av-3cc3s-071ffd70c497c2c9723b2099e4245c50'  itemscope=\"itemscope\" itemtype=\"https:\/\/schema.org\/CreativeWork\" ><div class='avia_textblock'  itemprop=\"text\" ><div style=\"text-align: left;\"><strong><em>&#8230; ersten Maiwochende auf jeden Fall wieder.<\/em><\/strong><\/div>\n<div><\/div>\n<div><\/div>\n<div><\/div>\n<div><\/div>\n<div><\/div>\n<div style=\"text-align: left;\">Das Ehemalligentreffen findet dieses Jahr am 2. Mai 2026 statt! Meldet Euch gerne an.<\/div>\n<div>Wir freuen uns auf Euch:)<\/div>\n<div><\/div>\n<\/div><\/section><\/p><\/div>\n<style type=\"text\/css\" data-created_by=\"avia_inline_auto\" id=\"style-css-av-plip4-d5fc19206bccd5831975954804c18fdb\">\n.flex_column.av-plip4-d5fc19206bccd5831975954804c18fdb{\n-webkit-border-radius:0px 0px 0px 0px;\n-moz-border-radius:0px 0px 0px 0px;\nborder-radius:0px 0px 0px 0px;\npadding:0px 0px 0px 0px;\n}\n<\/style>\n<div class='flex_column av-plip4-d5fc19206bccd5831975954804c18fdb av_one_third  avia-builder-el-10  el_after_av_one_third  el_before_av_one_full  flex_column_div av-zero-column-padding column-top-margin'     ><p>\n<style type=\"text\/css\" data-created_by=\"avia_inline_auto\" id=\"style-css-av-ma768-d77188bd096b32ed05d2ed74c0d9f16f\">\n#top .av-special-heading.av-ma768-d77188bd096b32ed05d2ed74c0d9f16f{\npadding-bottom:10px;\n}\nbody .av-special-heading.av-ma768-d77188bd096b32ed05d2ed74c0d9f16f .av-special-heading-tag .heading-char{\nfont-size:25px;\n}\n.av-special-heading.av-ma768-d77188bd096b32ed05d2ed74c0d9f16f .av-subheading{\nfont-size:15px;\n}\n<\/style>\n<div  class='av-special-heading av-ma768-d77188bd096b32ed05d2ed74c0d9f16f av-special-heading-h3  avia-builder-el-11  el_before_av_textblock  avia-builder-el-first '><h3 class='av-special-heading-tag'  itemprop=\"headline\"  >Vergangene Ehemaligentreffen<\/h3><div class=\"special-heading-border\"><div class=\"special-heading-inner-border\"><\/div><\/div><\/div><br \/>\n<section  class='av_textblock_section av-dh6d4-99c87df2651e7663d066e10b58f1e8ed'  itemscope=\"itemscope\" itemtype=\"https:\/\/schema.org\/CreativeWork\" ><div class='avia_textblock'  itemprop=\"text\" ><p><img loading=\"lazy\" decoding=\"async\" class=\"alignnone size-medium wp-image-1194\" src=\"https:\/\/schmittmann-kolleg.de\/wordpress\/wp-content\/uploads\/2020\/04\/DSC8872-300x200.jpg\" alt=\"\" width=\"300\" height=\"200\" srcset=\"https:\/\/schmittmann-kolleg.de\/wordpress\/wp-content\/uploads\/2020\/04\/DSC8872-300x200.jpg 300w, https:\/\/schmittmann-kolleg.de\/wordpress\/wp-content\/uploads\/2020\/04\/DSC8872-768x512.jpg 768w, https:\/\/schmittmann-kolleg.de\/wordpress\/wp-content\/uploads\/2020\/04\/DSC8872-1030x687.jpg 1030w, https:\/\/schmittmann-kolleg.de\/wordpress\/wp-content\/uploads\/2020\/04\/DSC8872-1500x1000.jpg 1500w, https:\/\/schmittmann-kolleg.de\/wordpress\/wp-content\/uploads\/2020\/04\/DSC8872-705x470.jpg 705w, https:\/\/schmittmann-kolleg.de\/wordpress\/wp-content\/uploads\/2020\/04\/DSC8872-450x300.jpg 450w\" sizes=\"auto, (max-width: 300px) 100vw, 300px\" \/><img loading=\"lazy\" decoding=\"async\" class=\"alignnone size-medium wp-image-551\" src=\"https:\/\/schmittmann-kolleg.de\/wordpress\/wp-content\/uploads\/2016\/04\/Ehemaligentreffen-2013-1-HP-300x225.jpg\" alt=\"Ehemaligentreffen 2013 1 HP\" width=\"300\" height=\"225\" srcset=\"https:\/\/schmittmann-kolleg.de\/wordpress\/wp-content\/uploads\/2016\/04\/Ehemaligentreffen-2013-1-HP-300x225.jpg 300w, https:\/\/schmittmann-kolleg.de\/wordpress\/wp-content\/uploads\/2016\/04\/Ehemaligentreffen-2013-1-HP-768x576.jpg 768w, https:\/\/schmittmann-kolleg.de\/wordpress\/wp-content\/uploads\/2016\/04\/Ehemaligentreffen-2013-1-HP-705x529.jpg 705w, https:\/\/schmittmann-kolleg.de\/wordpress\/wp-content\/uploads\/2016\/04\/Ehemaligentreffen-2013-1-HP-450x338.jpg 450w, https:\/\/schmittmann-kolleg.de\/wordpress\/wp-content\/uploads\/2016\/04\/Ehemaligentreffen-2013-1-HP.jpg 1024w\" sizes=\"auto, (max-width: 300px) 100vw, 300px\" \/><img loading=\"lazy\" decoding=\"async\" class=\"alignnone size-medium wp-image-553\" src=\"https:\/\/schmittmann-kolleg.de\/wordpress\/wp-content\/uploads\/2016\/04\/Ehemaligentreffen-2013-3-HP-300x225.jpg\" alt=\"Ehemaligentreffen 2013 3 HP\" width=\"300\" height=\"225\" srcset=\"https:\/\/schmittmann-kolleg.de\/wordpress\/wp-content\/uploads\/2016\/04\/Ehemaligentreffen-2013-3-HP-300x225.jpg 300w, https:\/\/schmittmann-kolleg.de\/wordpress\/wp-content\/uploads\/2016\/04\/Ehemaligentreffen-2013-3-HP-768x576.jpg 768w, https:\/\/schmittmann-kolleg.de\/wordpress\/wp-content\/uploads\/2016\/04\/Ehemaligentreffen-2013-3-HP-705x529.jpg 705w, https:\/\/schmittmann-kolleg.de\/wordpress\/wp-content\/uploads\/2016\/04\/Ehemaligentreffen-2013-3-HP-450x338.jpg 450w, https:\/\/schmittmann-kolleg.de\/wordpress\/wp-content\/uploads\/2016\/04\/Ehemaligentreffen-2013-3-HP.jpg 1024w\" sizes=\"auto, (max-width: 300px) 100vw, 300px\" \/><img loading=\"lazy\" decoding=\"async\" class=\"alignnone size-medium wp-image-1195\" src=\"https:\/\/schmittmann-kolleg.de\/wordpress\/wp-content\/uploads\/2020\/04\/DSC8835-300x200.jpg\" alt=\"\" width=\"300\" height=\"200\" srcset=\"https:\/\/schmittmann-kolleg.de\/wordpress\/wp-content\/uploads\/2020\/04\/DSC8835-300x200.jpg 300w, https:\/\/schmittmann-kolleg.de\/wordpress\/wp-content\/uploads\/2020\/04\/DSC8835-768x512.jpg 768w, https:\/\/schmittmann-kolleg.de\/wordpress\/wp-content\/uploads\/2020\/04\/DSC8835-1030x687.jpg 1030w, https:\/\/schmittmann-kolleg.de\/wordpress\/wp-content\/uploads\/2020\/04\/DSC8835-1500x1000.jpg 1500w, https:\/\/schmittmann-kolleg.de\/wordpress\/wp-content\/uploads\/2020\/04\/DSC8835-705x470.jpg 705w, https:\/\/schmittmann-kolleg.de\/wordpress\/wp-content\/uploads\/2020\/04\/DSC8835-450x300.jpg 450w\" sizes=\"auto, (max-width: 300px) 100vw, 300px\" \/><\/p>\n<\/div><\/section><\/p><\/div><\/p>\n\n<style type=\"text\/css\" data-created_by=\"avia_inline_auto\" id=\"style-css-av-9c660-e1f520ec959dbf07a7f2fd13451aab6e\">\n.flex_column.av-9c660-e1f520ec959dbf07a7f2fd13451aab6e{\n-webkit-border-radius:0px 0px 0px 0px;\n-moz-border-radius:0px 0px 0px 0px;\nborder-radius:0px 0px 0px 0px;\npadding:0px 0px 0px 0px;\n}\n<\/style>\n<div class='flex_column av-9c660-e1f520ec959dbf07a7f2fd13451aab6e av_one_full  avia-builder-el-13  el_after_av_one_third  avia-builder-el-last  first flex_column_div av-zero-column-padding column-top-margin'     ><\/div>\n","protected":false},"excerpt":{"rendered":"","protected":false},"author":1,"featured_media":0,"parent":0,"menu_order":0,"comment_status":"closed","ping_status":"closed","template":"","meta":{"footnotes":""},"class_list":["post-408","page","type-page","status-publish","hentry"],"_links":{"self":[{"href":"https:\/\/schmittmann-kolleg.de\/wordpress\/wp-json\/wp\/v2\/pages\/408","targetHints":{"allow":["GET"]}}],"collection":[{"href":"https:\/\/schmittmann-kolleg.de\/wordpress\/wp-json\/wp\/v2\/pages"}],"about":[{"href":"https:\/\/schmittmann-kolleg.de\/wordpress\/wp-json\/wp\/v2\/types\/page"}],"author":[{"embeddable":true,"href":"https:\/\/schmittmann-kolleg.de\/wordpress\/wp-json\/wp\/v2\/users\/1"}],"replies":[{"embeddable":true,"href":"https:\/\/schmittmann-kolleg.de\/wordpress\/wp-json\/wp\/v2\/comments?post=408"}],"version-history":[{"count":10,"href":"https:\/\/schmittmann-kolleg.de\/wordpress\/wp-json\/wp\/v2\/pages\/408\/revisions"}],"predecessor-version":[{"id":2000,"href":"https:\/\/schmittmann-kolleg.de\/wordpress\/wp-json\/wp\/v2\/pages\/408\/revisions\/2000"}],"wp:attachment":[{"href":"https:\/\/schmittmann-kolleg.de\/wordpress\/wp-json\/wp\/v2\/media?parent=408"}],"curies":[{"name":"wp","href":"https:\/\/api.w.org\/{rel}","templated":true}]}}