{"id":33,"date":"2016-01-25T22:11:20","date_gmt":"2016-01-25T21:11:20","guid":{"rendered":"http:\/\/schmittmann-kolleg.de\/wordpress\/?page_id=33"},"modified":"2026-02-06T10:13:34","modified_gmt":"2026-02-06T09:13:34","slug":"bewerbung","status":"publish","type":"page","link":"https:\/\/schmittmann-kolleg.de\/wordpress\/bewerbung\/","title":{"rendered":"Bewerbung"},"content":{"rendered":"\n<style type=\"text\/css\" data-created_by=\"avia_inline_auto\" id=\"style-css-av-8ksjd-7bfb1665f402b2e5e07a044aaeca0541\">\n.flex_column.av-8ksjd-7bfb1665f402b2e5e07a044aaeca0541{\n-webkit-border-radius:0px 0px 0px 0px;\n-moz-border-radius:0px 0px 0px 0px;\nborder-radius:0px 0px 0px 0px;\npadding:0px 0px 0px 0px;\n}\n<\/style>\n<div class='flex_column av-8ksjd-7bfb1665f402b2e5e07a044aaeca0541 av_one_full  avia-builder-el-0  el_before_av_one_third  avia-builder-el-first  first flex_column_div av-zero-column-padding '     ><style type=\"text\/css\" data-created_by=\"avia_inline_auto\" id=\"style-css-av-89bnh-d70437b987ba35d175a480f96a31d20b\">\n#top .av-special-heading.av-89bnh-d70437b987ba35d175a480f96a31d20b{\npadding-bottom:10px;\n}\nbody .av-special-heading.av-89bnh-d70437b987ba35d175a480f96a31d20b .av-special-heading-tag .heading-char{\nfont-size:25px;\n}\n.av-special-heading.av-89bnh-d70437b987ba35d175a480f96a31d20b .av-subheading{\nfont-size:15px;\n}\n<\/style>\n<div  class='av-special-heading av-89bnh-d70437b987ba35d175a480f96a31d20b av-special-heading-h1  avia-builder-el-1  avia-builder-el-no-sibling '><h1 class='av-special-heading-tag'  itemprop=\"headline\"  >Bewirb dich bei uns<\/h1><div class=\"special-heading-border\"><div class=\"special-heading-inner-border\"><\/div><\/div><\/div><\/div>\n\n<style type=\"text\/css\" data-created_by=\"avia_inline_auto\" id=\"style-css-av-7kmj5-35c25060cc2cbcbe571f212de21e56ed\">\n.flex_column.av-7kmj5-35c25060cc2cbcbe571f212de21e56ed{\n-webkit-border-radius:0px 0px 0px 0px;\n-moz-border-radius:0px 0px 0px 0px;\nborder-radius:0px 0px 0px 0px;\npadding:0px 0px 0px 0px;\n}\n<\/style>\n<div class='flex_column av-7kmj5-35c25060cc2cbcbe571f212de21e56ed av_one_third  avia-builder-el-2  el_after_av_one_full  el_before_av_two_fifth  first flex_column_div av-zero-column-padding column-top-margin'     ><p>\n<style type=\"text\/css\" data-created_by=\"avia_inline_auto\" id=\"style-css-av-72hzh-a6a52262e6ba2f5aee57aca12abe4f41\">\n#top .av-special-heading.av-72hzh-a6a52262e6ba2f5aee57aca12abe4f41{\npadding-bottom:10px;\n}\nbody .av-special-heading.av-72hzh-a6a52262e6ba2f5aee57aca12abe4f41 .av-special-heading-tag .heading-char{\nfont-size:25px;\n}\n.av-special-heading.av-72hzh-a6a52262e6ba2f5aee57aca12abe4f41 .av-subheading{\nfont-size:15px;\n}\n<\/style>\n<div  class='av-special-heading av-72hzh-a6a52262e6ba2f5aee57aca12abe4f41 av-special-heading-h3  avia-builder-el-3  el_before_av_textblock  avia-builder-el-first '><h3 class='av-special-heading-tag'  itemprop=\"headline\"  >Ein Schmittie werden &#8230;<\/h3><div class=\"special-heading-border\"><div class=\"special-heading-inner-border\"><\/div><\/div><\/div><br \/>\n<section  class='av_textblock_section av-62fol-42d53e927463009b25e4a5cd34720004'  itemscope=\"itemscope\" itemtype=\"https:\/\/schema.org\/CreativeWork\" ><div class='avia_textblock'  itemprop=\"text\" ><p style=\"text-align: justify;\">Wir bieten Studierenden ein Zimmer in der K\u00f6lner S\u00fcdtstadt in einem sch\u00f6nen, modernen Haus. Man kann bis zum Ende des Studiums bei uns wohnen, Zwischenmieter*innen haben wir aber auch, mindestens einen im Semester.<\/p>\n<p>Wir erwarten von unseren zuk\u00fcnftigen Mitbewohner*innen, dass sie Lust auf das Leben in einer Gemeinschaft voller Menschen unterschiedlicher Art und Herkunft haben und sich am aktiven Wohnheimleben beteiligen.<\/p>\n<p>Wenn deine Bewerbung uns \u00fcberzeugt, laden wir dich zu einem Gespr\u00e4ch zum gegenseitigen Kennenlernen ein. Ein Gremium aus f\u00fcnf Hausbewohner*innen entscheidet, wer aufgenommen wird.<\/p>\n<p>Damit du dir sicher bist, dass du dich bewerben willst, informiere dich auf jeden Fall vorher \u00fcber das <a href=\"https:\/\/schmittmann-kolleg.de\/wordpress\/das-haus\/\">Schmittmann-Kolleg<\/a>. Unter dieser Rubrik und den Seiten <a href=\"https:\/\/schmittmann-kolleg.de\/wordpress\/geschichte\/\">Geschichte<\/a> und <a href=\"https:\/\/schmittmann-kolleg.de\/wordpress\/verein-und-stiftung\/\">Verein und Stiftung<\/a> findest du viele Informationen, die dir weiterhelfen. Solltest du dennoch noch Fragen haben, findest du deine Antworten vielleicht <a href=\"https:\/\/schmittmann-kolleg.de\/wordpress\/faq\/\">hier<\/a>. Bei Fragen, die unsere Website dir nicht beantworten kann, kannst du dich nat\u00fcrlich auch mit uns pers\u00f6nlich <a href=\"mailto:haussprecher@schmittmann-kolleg.de\">in Verbindung setzen<\/a>.<\/p>\n<\/div><\/section><\/p><\/div>\n\n<style type=\"text\/css\" data-created_by=\"avia_inline_auto\" id=\"style-css-av-5fxyl-c0d803d3902d5c4ec96448eaa2a480f8\">\n.flex_column.av-5fxyl-c0d803d3902d5c4ec96448eaa2a480f8{\n-webkit-border-radius:0px 0px 0px 0px;\n-moz-border-radius:0px 0px 0px 0px;\nborder-radius:0px 0px 0px 0px;\npadding:0px 0px 0px 0px;\n}\n<\/style>\n<div class='flex_column av-5fxyl-c0d803d3902d5c4ec96448eaa2a480f8 av_two_fifth  avia-builder-el-5  el_after_av_one_third  el_before_av_one_third  flex_column_div av-zero-column-padding column-top-margin'     ><p>\n<style type=\"text\/css\" data-created_by=\"avia_inline_auto\" id=\"style-css-av-4u7s9-26afbe4117deda9b7b36fcb0a953eece\">\n#top .av-special-heading.av-4u7s9-26afbe4117deda9b7b36fcb0a953eece{\npadding-bottom:10px;\n}\nbody .av-special-heading.av-4u7s9-26afbe4117deda9b7b36fcb0a953eece .av-special-heading-tag .heading-char{\nfont-size:25px;\n}\n.av-special-heading.av-4u7s9-26afbe4117deda9b7b36fcb0a953eece .av-subheading{\nfont-size:15px;\n}\n<\/style>\n<div  class='av-special-heading av-4u7s9-26afbe4117deda9b7b36fcb0a953eece av-special-heading-h3  avia-builder-el-6  el_before_av_textblock  avia-builder-el-first '><h3 class='av-special-heading-tag'  itemprop=\"headline\"  >Als feste Mieterin*fester Mieter?<\/h3><div class=\"special-heading-border\"><div class=\"special-heading-inner-border\"><\/div><\/div><\/div><br \/>\n<section  class='av_textblock_section av-4kxwt-bda2b058c3798efad8f47a716a82e957'  itemscope=\"itemscope\" itemtype=\"https:\/\/schema.org\/CreativeWork\" ><div class='avia_textblock'  itemprop=\"text\" ><p>&#8212; Zum 1. M\u00e4rz 2026 werden bei uns im Schmittmann-Kolleg zwei Zimmer frei! Frist f\u00fcr die Bewerbung (Details s.u.) ist der 12. Februar 2026 &#8212;<\/p>\n<p>Damit wir sehen, dass Ihr wirklich Lust habt, w\u00fcnschen wir uns von zuk\u00fcnftigen festen Mitbewohner*innen, folgendes\u00a0<strong>per Mail <\/strong>an haussprecher@schmittmann-kolleg.de oder<strong> per Post<\/strong>\u00a0zu schicken:<\/p>\n<p><!--more--><\/p>\n<ul>\n<li>Hier hast du die Wahl: Entweder ein klassisches Anschreiben <strong>oder<\/strong> ein ausformulierter Lebenslauf\u00a0<strong>oder<\/strong> ein Essay, alles jeweils <strong>bis zu ein oder zwei Seiten.\u00a0<\/strong>F\u00fcr welches Format du dich entscheidest, ist v\u00f6llig egal. Wichtig ist uns allein, dass wir dich dadurch ein bisschen kennenlernen und auch deutlich wird, warum du bei uns einziehen m\u00f6chtest.<\/li>\n<li>Au\u00dferdem brauchen wir einige Daten von dir, die wir im nachfolgenden Link angegeben haben. Du kannst das Dokument einfach ausf\u00fcllen und deiner Bewerbung anh\u00e4ngen:\u00a0<a href=\"https:\/\/schmittmann-kolleg.de\/wordpress\/wp-content\/uploads\/2020\/06\/Lebenslauf_Schmittie.docx\">Lebenslauf_Schmittie<\/a><\/li>\n<li>Bitte schicke uns kein Foto!<\/li>\n<\/ul>\n<p><strong>PS:<\/strong> LGBTQIA+ sind herzlich willkommen! Wir freuen uns \u00fcber eure Bewerbungen.<\/p>\n<\/div><\/section><br \/>\n\n<style type=\"text\/css\" data-created_by=\"avia_inline_auto\" id=\"style-css-av-43re5-d9c471b875e5fe6be37933f8355eb2a9\">\n#top .av-special-heading.av-43re5-d9c471b875e5fe6be37933f8355eb2a9{\npadding-bottom:10px;\n}\nbody .av-special-heading.av-43re5-d9c471b875e5fe6be37933f8355eb2a9 .av-special-heading-tag .heading-char{\nfont-size:25px;\n}\n.av-special-heading.av-43re5-d9c471b875e5fe6be37933f8355eb2a9 .av-subheading{\nfont-size:15px;\n}\n<\/style>\n<div  class='av-special-heading av-43re5-d9c471b875e5fe6be37933f8355eb2a9 av-special-heading-h3  avia-builder-el-8  el_after_av_textblock  el_before_av_textblock '><h3 class='av-special-heading-tag'  itemprop=\"headline\"  >Als Zwischenmieter*in?<\/h3><div class=\"special-heading-border\"><div class=\"special-heading-inner-border\"><\/div><\/div><\/div><br \/>\n<section  class='av_textblock_section av-32owh-00340b8dd5eadc6523d6035159edf2b4'  itemscope=\"itemscope\" itemtype=\"https:\/\/schema.org\/CreativeWork\" ><div class='avia_textblock'  itemprop=\"text\" ><p>Willst Du f\u00fcr mindestens\u00a0<strong>zwei Monate\u00a0<\/strong>in den Semesterferien oder f\u00fcr ein ganzes Semester zur Zwischenmiete bei uns wohnen, dann frag einfach unsere\u00a0<strong>Heimleitung\u00a0<\/strong>per Mail\u00a0nach freien Zimmern. Die Mail geht an <a href=\"mailto:heimleiter@schmittmann-kolleg.de\">heimleiter@schmittmann-kolleg.de<\/a>.<\/p>\n<p>Eine gro\u00dfe Bitte: In jede Mail geh\u00f6rt\u00a0<strong>Name, Alter, Studiengang sowie der Grund des Aufenthalts in K\u00f6ln\u00a0<\/strong>(Praktikum, Hospitation, Famulatur etc.).\u00a0Mails ohne diese grundlegenden Infos k\u00f6nnen\u00a0nicht beantwortet werden.<\/p>\n<p>Au\u00dferdem weisen wir darauf hin: bitte bewirb dich\u00a0<strong>nur <\/strong>f\u00fcr die Zwischenmiete, wenn du\u00a0<strong>kein Interesse an einer (anschlie\u00dfenden) Fest-\/Dauermiete\u00a0<\/strong>hast. Wenn du Lust hast, dauerhaft zu wohnen, bewirb dich bitte ganz normal bei der Haussprecherin*dem Haussprecher, damit wir den Bewerbungsprozess so fair wie m\u00f6glich gestalten k\u00f6nnen.<\/p>\n<p style=\"text-align: center;\">\n<\/div><\/section><\/p><\/div>\n<style type=\"text\/css\" data-created_by=\"avia_inline_auto\" id=\"style-css-av-2ywbt-174f4d0cc6630c8edc21ff3d5df33f41\">\n.flex_column.av-2ywbt-174f4d0cc6630c8edc21ff3d5df33f41{\n-webkit-border-radius:0px 0px 0px 0px;\n-moz-border-radius:0px 0px 0px 0px;\nborder-radius:0px 0px 0px 0px;\npadding:0px 0px 0px 0px;\n}\n<\/style>\n<div class='flex_column av-2ywbt-174f4d0cc6630c8edc21ff3d5df33f41 av_one_third  avia-builder-el-10  el_after_av_two_fifth  avia-builder-el-last  first flex_column_div av-zero-column-padding '     ><p>\n<style type=\"text\/css\" data-created_by=\"avia_inline_auto\" id=\"style-css-av-1z0w5-1359923a114d927fb9aceda2774190fc\">\n#top .av-special-heading.av-1z0w5-1359923a114d927fb9aceda2774190fc{\npadding-bottom:10px;\n}\nbody .av-special-heading.av-1z0w5-1359923a114d927fb9aceda2774190fc .av-special-heading-tag .heading-char{\nfont-size:25px;\n}\n.av-special-heading.av-1z0w5-1359923a114d927fb9aceda2774190fc .av-subheading{\nfont-size:15px;\n}\n<\/style>\n<div  class='av-special-heading av-1z0w5-1359923a114d927fb9aceda2774190fc av-special-heading-h3  avia-builder-el-11  el_before_av_textblock  avia-builder-el-first '><h3 class='av-special-heading-tag'  itemprop=\"headline\"  >Kontakt<\/h3><div class=\"special-heading-border\"><div class=\"special-heading-inner-border\"><\/div><\/div><\/div><br \/>\n<section  class='av_textblock_section av-1hpwd-4d71461f87758b8f85a5debaf1c3af38'  itemscope=\"itemscope\" itemtype=\"https:\/\/schema.org\/CreativeWork\" ><div class='avia_textblock'  itemprop=\"text\" ><p>Schmittmann-Kolleg<br \/>\nSachsenring 26<br \/>\n50677 K\u00f6ln<\/p>\n<p>Tel.: (02 21) 9 32 28 64<\/p>\n<p>F\u00fcr Bewerbung als feste Mieterin*fester Mieter:<br \/>\n<a href=\"mailto:haussprecher@schmittmann-kolleg.de\">haussprecher@schmittmann-kolleg.de<\/a><\/p>\n<p>F\u00fcr Bewerbungen als Zwischenmieter*in:<br \/>\n<a href=\"mailto:heimleiter@schmittmann-kolleg.de\">heimleiter@schmittmann-kolleg.de<\/a><\/p>\n<\/div><\/section><br \/>\n<div  class='avia-builder-widget-area clearfix  avia-builder-el-13  el_after_av_textblock  avia-builder-el-last '><section id=\"avia_fb_likebox-2\" class=\"widget clearfix avia-widget-container avia_fb_likebox avia_no_block_preview\"><div class=\"avia-preview-headline\">Enfold Facebook Likebox<\/div><div class=\"avia-preview-info\">Titel: <\/div><div class=\"avia-preview-info\">URL: https:\/\/www.facebook.com\/Schmittmann-Kolleg-178337832223050\/?fref=ts<\/div><div class=\"avia-preview-in-front\">Content is only rendered in frontend.<\/div><span class=\"seperator extralight-border\"><\/span><\/section><\/div><\/p><\/div><\/p>\n","protected":false},"excerpt":{"rendered":"","protected":false},"author":1,"featured_media":0,"parent":0,"menu_order":0,"comment_status":"closed","ping_status":"closed","template":"","meta":{"footnotes":""},"class_list":["post-33","page","type-page","status-publish","hentry"],"_links":{"self":[{"href":"https:\/\/schmittmann-kolleg.de\/wordpress\/wp-json\/wp\/v2\/pages\/33","targetHints":{"allow":["GET"]}}],"collection":[{"href":"https:\/\/schmittmann-kolleg.de\/wordpress\/wp-json\/wp\/v2\/pages"}],"about":[{"href":"https:\/\/schmittmann-kolleg.de\/wordpress\/wp-json\/wp\/v2\/types\/page"}],"author":[{"embeddable":true,"href":"https:\/\/schmittmann-kolleg.de\/wordpress\/wp-json\/wp\/v2\/users\/1"}],"replies":[{"embeddable":true,"href":"https:\/\/schmittmann-kolleg.de\/wordpress\/wp-json\/wp\/v2\/comments?post=33"}],"version-history":[{"count":9,"href":"https:\/\/schmittmann-kolleg.de\/wordpress\/wp-json\/wp\/v2\/pages\/33\/revisions"}],"predecessor-version":[{"id":1985,"href":"https:\/\/schmittmann-kolleg.de\/wordpress\/wp-json\/wp\/v2\/pages\/33\/revisions\/1985"}],"wp:attachment":[{"href":"https:\/\/schmittmann-kolleg.de\/wordpress\/wp-json\/wp\/v2\/media?parent=33"}],"curies":[{"name":"wp","href":"https:\/\/api.w.org\/{rel}","templated":true}]}}