{"id":31,"date":"2016-01-25T22:08:31","date_gmt":"2016-01-25T21:08:31","guid":{"rendered":"http:\/\/schmittmann-kolleg.de\/wordpress\/?page_id=31"},"modified":"2018-04-30T17:54:39","modified_gmt":"2018-04-30T15:54:39","slug":"geschichte","status":"publish","type":"page","link":"https:\/\/schmittmann-kolleg.de\/wordpress\/geschichte\/","title":{"rendered":"Geschichte"},"content":{"rendered":"\n<style type=\"text\/css\" data-created_by=\"avia_inline_auto\" id=\"style-css-av-av_one_half-9497bbf8bff73ea4c6992cc17fa9ec36\">\n.flex_column.av-av_one_half-9497bbf8bff73ea4c6992cc17fa9ec36{\n-webkit-border-radius:0px 0px 0px 0px;\n-moz-border-radius:0px 0px 0px 0px;\nborder-radius:0px 0px 0px 0px;\npadding:0px 0px 0px 0px;\n}\n<\/style>\n<div class='flex_column av-av_one_half-9497bbf8bff73ea4c6992cc17fa9ec36 av_one_half  avia-builder-el-0  el_before_av_one_half  avia-builder-el-first  first flex_column_div av-zero-column-padding '     ><p>\n<style type=\"text\/css\" data-created_by=\"avia_inline_auto\" id=\"style-css-av-av_heading-ad696e99abe28eececd9c43a50fd0f37\">\n#top .av-special-heading.av-av_heading-ad696e99abe28eececd9c43a50fd0f37{\npadding-bottom:10px;\n}\nbody .av-special-heading.av-av_heading-ad696e99abe28eececd9c43a50fd0f37 .av-special-heading-tag .heading-char{\nfont-size:25px;\n}\n.av-special-heading.av-av_heading-ad696e99abe28eececd9c43a50fd0f37 .av-subheading{\nfont-size:15px;\n}\n<\/style>\n<div  class='av-special-heading av-av_heading-ad696e99abe28eececd9c43a50fd0f37 av-special-heading-h3  avia-builder-el-1  el_before_av_textblock  avia-builder-el-first '><h3 class='av-special-heading-tag'  itemprop=\"headline\"  >Geschichte des Hauses<\/h3><div class=\"special-heading-border\"><div class=\"special-heading-inner-border\"><\/div><\/div><\/div><br \/>\n<section  class='av_textblock_section av-av_textblock-0366cc7376be6c9e82a3e9cc8987b64f'  itemscope=\"itemscope\" itemtype=\"https:\/\/schema.org\/CreativeWork\" ><div class='avia_textblock'  itemprop=\"text\" ><p style=\"text-align: justify;\"><span style=\"color: #ffffff;\"><i>j<\/i><\/span><\/p>\n<\/div><\/section><br \/>\n\n<style type=\"text\/css\" data-created_by=\"avia_inline_auto\" id=\"style-css-av-av_image-e35ebfb5f9f2a2cf74a5d1ea0e57202b\">\n.avia-image-container.av-av_image-e35ebfb5f9f2a2cf74a5d1ea0e57202b img.avia_image{\nbox-shadow:none;\n}\n.avia-image-container.av-av_image-e35ebfb5f9f2a2cf74a5d1ea0e57202b .av-image-caption-overlay-center{\ncolor:#ffffff;\n}\n<\/style>\n<div  class='avia-image-container av-av_image-e35ebfb5f9f2a2cf74a5d1ea0e57202b av-styling- avia-align-center  avia-builder-el-3  el_after_av_textblock  el_before_av_textblock '   itemprop=\"image\" itemscope=\"itemscope\" itemtype=\"https:\/\/schema.org\/ImageObject\" ><div class=\"avia-image-container-inner\"><div class=\"avia-image-overlay-wrap\"><img decoding=\"async\" class='wp-image-525 avia-img-lazy-loading-not-525 avia_image ' src=\"https:\/\/schmittmann-kolleg.de\/wordpress\/wp-content\/uploads\/2016\/06\/slider4-300x201.jpg\" alt='' title='slider4'  height=\"201\" width=\"300\"  itemprop=\"thumbnailUrl\" srcset=\"https:\/\/schmittmann-kolleg.de\/wordpress\/wp-content\/uploads\/2016\/06\/slider4-300x201.jpg 300w, https:\/\/schmittmann-kolleg.de\/wordpress\/wp-content\/uploads\/2016\/06\/slider4-450x301.jpg 450w, https:\/\/schmittmann-kolleg.de\/wordpress\/wp-content\/uploads\/2016\/06\/slider4.jpg 600w\" sizes=\"(max-width: 300px) 100vw, 300px\" \/><\/div><\/div><\/div><br \/>\n<section  class='av_textblock_section av-av_textblock-0366cc7376be6c9e82a3e9cc8987b64f'  itemscope=\"itemscope\" itemtype=\"https:\/\/schema.org\/CreativeWork\" ><div class='avia_textblock'  itemprop=\"text\" ><p style=\"text-align: justify;\"><em>Mit freundlicher Genehmigung von Martin Strickman aus: &#8222;Die Materialisierung der Ideale &#8211; Das Schmittmann-Kolleg und der &#8218;erweiterte Denkmalbegriff'&#8220;\u00a0<\/em><\/p>\n<p style=\"text-align: justify;\">1903, im Jahr der Hochzeit mit Helene Wahlen, der Tochter einer angesehenen K\u00f6lner Kaufmannsfamilie, erwarb <a href=\"https:\/\/schmittmann-kolleg.de\/wordpress\/benedikt-schmittmann\/\">Benedikt Schmittmann<\/a> von einem j\u00fcdischen Holzh\u00e4ndler eine Villa mit der K\u00f6lner S\u00fcdstadt-Adresse Sachsenring 26.19 Das kostbare zweist\u00f6ckige\u00a0 Gr\u00fcnderzeitgeb\u00e4ude \u2013\u00a0dem damaligen Zeitgeschmack entsprechend im historistischen Stil erbaut \u2013\u00a0besa\u00df Erker, eine aufwendige Balustrade und einen Giebel mit \u00fcppiger Ornamentik.<\/p>\n<p style=\"text-align: justify;\">&#8222;Sein Haus stand den Studenten, den Professoren und Politikern vieler Nationen stets offen. In den zwanziger Jahren wurde es daher zu einem Zentrum des geistigen Lebens in K\u00f6ln.&#8220;\u00a0 Wie sich das Haus zu einem Ort geistigen Austausches verschiedenster Menschen entwickelte, geht aus einem Bericht hervor: &#8222;In jener Zeit geh\u00f6rte ich in K\u00f6ln zu einem Diskussionskreis, der sich in dem gastfreundlichen Hause des K\u00f6lner Universit\u00e4tsprofessors B. Schmittmann gebildet hatte. Schmittmann war ein Universit\u00e4tslehrer, der noch Lust und Zeit fand, mit seinen Studenten eine wissenschaftliche Familie zu bilden und ihnen die Wege ins Berufsleben zu ebnen.&#8220;<\/p>\n<\/div><\/section><\/p><\/div>\n\n<style type=\"text\/css\" data-created_by=\"avia_inline_auto\" id=\"style-css-av-av_one_half-9c1d454dc06f7247226bc4e8f931daae\">\n.flex_column.av-av_one_half-9c1d454dc06f7247226bc4e8f931daae{\n-webkit-border-radius:0px 0px 0px 0px;\n-moz-border-radius:0px 0px 0px 0px;\nborder-radius:0px 0px 0px 0px;\npadding:0px 0px 0px 0px;\n}\n<\/style>\n<div class='flex_column av-av_one_half-9c1d454dc06f7247226bc4e8f931daae av_one_half  avia-builder-el-5  el_after_av_one_half  avia-builder-el-last  flex_column_div av-zero-column-padding '     ><section  class='av_textblock_section av-av_textblock-0366cc7376be6c9e82a3e9cc8987b64f'  itemscope=\"itemscope\" itemtype=\"https:\/\/schema.org\/CreativeWork\" ><div class='avia_textblock'  itemprop=\"text\" ><p style=\"text-align: justify;\">&#8222;In der Nacht zum 29.06.1943 wurde das Haus mit Ausnahme des Fundaments und des Souterrainsgew\u00f6lbes durch eine Phosphorbombe zerst\u00f6rt. Mit eigenen Mitteln und einigen Zusch\u00fcssen lie\u00df die Witwe Helene genannt &#8222;Ella&#8220; Schmittmann das Haus in einem schlichten Stil wieder aufbauen, richtete darin ein Studentenwohnheim ein. Aus der Not der Zerst\u00f6rung wurde der Gewinn gezogen, in die Hausgestaltung eine Etage mehr einzuf\u00fcgen und ein rationellere Raumeinteilung vorzunehmen. Nach manchen Schwierigkeiten konnte endlich im Jahre 1952 das Richtfest, und Anfang 1953 die Einweihung gefeiert.&#8220; Ella Schmittmann bezog selber das Haus mit der Adresse Sachsenring 51 gegen\u00fcber dem neu entstandenen Wohnheim. Das &#8222;Kreuz-Kolleg&#8220; \u2013\u00a0wie es zu Anfang noch genannt wurde \u2013\u00a0beherbergte 1954 f\u00fcnfundzwanzig Studenten, wobei mit Ausnahme von zwei Einzelzimmern alle\u00a0Zimmer doppelt belegt waren. Die Bewohnerzahl schwankte immer zwischen vierundzwanzig und drei\u00dfig.<\/p>\n<p style=\"text-align: justify;\">1963 folgte ein Umbau, bei dem neue Zimmer entstanden, so da\u00df die Zahl der Doppelzimmer auf drei reduziert werden konnte.<\/p>\n<p style=\"text-align: justify;\">Um umfassende Renovierungsarbeiten durchf\u00fchren zu k\u00f6nnen, wurde das Haus vom M\u00e4rz bis Oktober 1992 f\u00fcr ein Semester geschlossen. In dieser Zeit wurden mit einem betr\u00e4chtlichen finanziellen Aufwand die sanit\u00e4ren Anlagen erneuert, die Raumaufteilung ver\u00e4ndert, Au\u00dfen- und Innenanstrich erneuert sowie komplett neues Mobiliar angeschafft, so da\u00df sich das Gesamtbild des Hauses v\u00f6llig ver\u00e4ndert hat.<\/p>\n<\/div><\/section><br \/>\n<div  class='avia-slideshow av-av_slideshow-e5d37a51f6bc82b0c1407ab5e71a4e1d avia-slideshow-portfolio av_slideshow avia-slide-slider  avia-builder-el-7  el_after_av_textblock  avia-builder-el-last  av-slideshow-ui av-slideshow-manual av-loop-once av-loop-manual-endless av-default-height-applied avia-slideshow-1' data-slideshow-options=\"{&quot;animation&quot;:&quot;slide&quot;,&quot;autoplay&quot;:false,&quot;loop_autoplay&quot;:&quot;once&quot;,&quot;interval&quot;:5,&quot;loop_manual&quot;:&quot;manual-endless&quot;,&quot;autoplay_stopper&quot;:false,&quot;noNavigation&quot;:false,&quot;bg_slider&quot;:false,&quot;keep_padding&quot;:false,&quot;hoverpause&quot;:false,&quot;show_slide_delay&quot;:0}\"  itemprop=\"image\" itemscope=\"itemscope\" itemtype=\"https:\/\/schema.org\/ImageObject\" ><ul class='avia-slideshow-inner ' style='padding-bottom: 80.8080808081%;'><li  class='avia-slideshow-slide av-av_slideshow-e5d37a51f6bc82b0c1407ab5e71a4e1d__0  slide-1 slide-odd'><div data-rel='slideshow-1' class='avia-slide-wrap '   ><img decoding=\"async\" class=\"wp-image-523 avia-img-lazy-loading-not-523\"  src=\"https:\/\/schmittmann-kolleg.de\/wordpress\/wp-content\/uploads\/2016\/06\/slider2-01-495x400.jpg\" width=\"495\" height=\"400\" title='slider2-01' alt=''  itemprop=\"thumbnailUrl\" srcset=\"https:\/\/schmittmann-kolleg.de\/wordpress\/wp-content\/uploads\/2016\/06\/slider2-01-495x400.jpg 495w, https:\/\/schmittmann-kolleg.de\/wordpress\/wp-content\/uploads\/2016\/06\/slider2-01-300x242.jpg 300w, https:\/\/schmittmann-kolleg.de\/wordpress\/wp-content\/uploads\/2016\/06\/slider2-01-450x363.jpg 450w, https:\/\/schmittmann-kolleg.de\/wordpress\/wp-content\/uploads\/2016\/06\/slider2-01.jpg 496w\" sizes=\"(max-width: 495px) 100vw, 495px\" \/><\/div><\/li><li  class='avia-slideshow-slide av-av_slideshow-e5d37a51f6bc82b0c1407ab5e71a4e1d__1  slide-2 slide-even'><div data-rel='slideshow-1' class='avia-slide-wrap '   ><img decoding=\"async\" class=\"wp-image-525 avia-img-lazy-loading-not-525\"  src=\"https:\/\/schmittmann-kolleg.de\/wordpress\/wp-content\/uploads\/2016\/06\/slider4-495x400.jpg\" width=\"495\" height=\"400\" title='slider4' alt=''  itemprop=\"thumbnailUrl\"   \/><\/div><\/li><li  class='avia-slideshow-slide av-av_slideshow-e5d37a51f6bc82b0c1407ab5e71a4e1d__2  slide-3 slide-odd'><div data-rel='slideshow-1' class='avia-slide-wrap '   ><img decoding=\"async\" class=\"wp-image-526 avia-img-lazy-loading-not-526\"  src=\"https:\/\/schmittmann-kolleg.de\/wordpress\/wp-content\/uploads\/2016\/06\/slider5-01-495x400.jpg\" width=\"495\" height=\"400\" title='slider5-01' alt=''  itemprop=\"thumbnailUrl\" srcset=\"https:\/\/schmittmann-kolleg.de\/wordpress\/wp-content\/uploads\/2016\/06\/slider5-01-495x400.jpg 495w, https:\/\/schmittmann-kolleg.de\/wordpress\/wp-content\/uploads\/2016\/06\/slider5-01-300x242.jpg 300w, https:\/\/schmittmann-kolleg.de\/wordpress\/wp-content\/uploads\/2016\/06\/slider5-01-450x363.jpg 450w, https:\/\/schmittmann-kolleg.de\/wordpress\/wp-content\/uploads\/2016\/06\/slider5-01.jpg 496w\" sizes=\"(max-width: 495px) 100vw, 495px\" \/><\/div><\/li><li  class='avia-slideshow-slide av-av_slideshow-e5d37a51f6bc82b0c1407ab5e71a4e1d__3  slide-4 slide-even'><div data-rel='slideshow-1' class='avia-slide-wrap '   ><img decoding=\"async\" class=\"wp-image-524 avia-img-lazy-loading-not-524\"  src=\"https:\/\/schmittmann-kolleg.de\/wordpress\/wp-content\/uploads\/2016\/06\/slider3-01-495x400.jpg\" width=\"495\" height=\"400\" title='Benedikt Schmittmann' alt=''  itemprop=\"thumbnailUrl\" srcset=\"https:\/\/schmittmann-kolleg.de\/wordpress\/wp-content\/uploads\/2016\/06\/slider3-01-495x400.jpg 495w, https:\/\/schmittmann-kolleg.de\/wordpress\/wp-content\/uploads\/2016\/06\/slider3-01-300x242.jpg 300w, https:\/\/schmittmann-kolleg.de\/wordpress\/wp-content\/uploads\/2016\/06\/slider3-01-450x363.jpg 450w, https:\/\/schmittmann-kolleg.de\/wordpress\/wp-content\/uploads\/2016\/06\/slider3-01.jpg 496w\" sizes=\"(max-width: 495px) 100vw, 495px\" \/><\/div><\/li><li  class='avia-slideshow-slide av-av_slideshow-e5d37a51f6bc82b0c1407ab5e71a4e1d__4  slide-5 slide-odd'><div data-rel='slideshow-1' class='avia-slide-wrap '   ><img decoding=\"async\" class=\"wp-image-522 avia-img-lazy-loading-not-522\"  src=\"https:\/\/schmittmann-kolleg.de\/wordpress\/wp-content\/uploads\/2016\/06\/slider1-01-495x400.jpg\" width=\"495\" height=\"400\" title='slider1-01' alt=''  itemprop=\"thumbnailUrl\" srcset=\"https:\/\/schmittmann-kolleg.de\/wordpress\/wp-content\/uploads\/2016\/06\/slider1-01-495x400.jpg 495w, https:\/\/schmittmann-kolleg.de\/wordpress\/wp-content\/uploads\/2016\/06\/slider1-01-300x242.jpg 300w, https:\/\/schmittmann-kolleg.de\/wordpress\/wp-content\/uploads\/2016\/06\/slider1-01-450x363.jpg 450w, https:\/\/schmittmann-kolleg.de\/wordpress\/wp-content\/uploads\/2016\/06\/slider1-01.jpg 496w\" sizes=\"(max-width: 495px) 100vw, 495px\" \/><\/div><\/li><\/ul><div class='avia-slideshow-arrows avia-slideshow-controls' ><a href='#prev' class='prev-slide ' aria-hidden='true' data-av_icon='\ue87c' data-av_iconfont='entypo-fontello'  tabindex='-1'>Zur\u00fcck<\/a><a href='#next' class='next-slide ' aria-hidden='true' data-av_icon='\ue87d' data-av_iconfont='entypo-fontello'  tabindex='-1'>Weiter<\/a><\/div><div class='avia-slideshow-dots avia-slideshow-controls'><a href='#1' class='goto-slide active' >1<\/a><a href='#2' class='goto-slide ' >2<\/a><a href='#3' class='goto-slide ' >3<\/a><a href='#4' class='goto-slide ' >4<\/a><a href='#5' class='goto-slide ' >5<\/a><\/div><\/div><\/p><\/div>\n","protected":false},"excerpt":{"rendered":"","protected":false},"author":1,"featured_media":0,"parent":0,"menu_order":0,"comment_status":"closed","ping_status":"closed","template":"","meta":{"footnotes":""},"class_list":["post-31","page","type-page","status-publish","hentry"],"_links":{"self":[{"href":"https:\/\/schmittmann-kolleg.de\/wordpress\/wp-json\/wp\/v2\/pages\/31","targetHints":{"allow":["GET"]}}],"collection":[{"href":"https:\/\/schmittmann-kolleg.de\/wordpress\/wp-json\/wp\/v2\/pages"}],"about":[{"href":"https:\/\/schmittmann-kolleg.de\/wordpress\/wp-json\/wp\/v2\/types\/page"}],"author":[{"embeddable":true,"href":"https:\/\/schmittmann-kolleg.de\/wordpress\/wp-json\/wp\/v2\/users\/1"}],"replies":[{"embeddable":true,"href":"https:\/\/schmittmann-kolleg.de\/wordpress\/wp-json\/wp\/v2\/comments?post=31"}],"version-history":[{"count":12,"href":"https:\/\/schmittmann-kolleg.de\/wordpress\/wp-json\/wp\/v2\/pages\/31\/revisions"}],"predecessor-version":[{"id":1608,"href":"https:\/\/schmittmann-kolleg.de\/wordpress\/wp-json\/wp\/v2\/pages\/31\/revisions\/1608"}],"wp:attachment":[{"href":"https:\/\/schmittmann-kolleg.de\/wordpress\/wp-json\/wp\/v2\/media?parent=31"}],"curies":[{"name":"wp","href":"https:\/\/api.w.org\/{rel}","templated":true}]}}