{"id":139,"date":"2016-01-29T14:27:38","date_gmt":"2016-01-29T13:27:38","guid":{"rendered":"http:\/\/schmittmann-kolleg.de\/wordpress\/?page_id=139"},"modified":"2020-04-09T17:01:33","modified_gmt":"2020-04-09T15:01:33","slug":"das-haus-2","status":"publish","type":"page","link":"https:\/\/schmittmann-kolleg.de\/wordpress\/das-haus-2\/","title":{"rendered":"Das Haus"},"content":{"rendered":"<div id='full_slider_1'  class='avia-fullwidth-slider main_color avia-shadow   avia-builder-el-0  el_before_av_one_third  avia-builder-el-first   container_wrap sidebar_right'  >\n<style type=\"text\/css\" data-created_by=\"avia_inline_auto\" id=\"style-css-av-av_slideshow_full-0726a42733a93d614ed8307f4bccd933\">\n#top #wrap_all .avia-slideshow .av-slideshow-caption.av-av_slideshow_full-0726a42733a93d614ed8307f4bccd933__0 .avia-caption-title{\nfont-size:14px;\n}\n#top .avia-slideshow .av-slideshow-caption.av-av_slideshow_full-0726a42733a93d614ed8307f4bccd933__0 .avia-caption-content{\nfont-size:11px;\n}\n#top .avia-slideshow .av-slideshow-caption.av-av_slideshow_full-0726a42733a93d614ed8307f4bccd933__0 .avia-caption-content p{\nfont-size:11px;\n}\n<\/style>\n<div  class='avia-slideshow av-av_slideshow_full-0726a42733a93d614ed8307f4bccd933 avia-slideshow-featured av_slideshow_full avia-slide-slider av-slideshow-ui av-control-default av-slideshow-manual av-loop-once av-loop-manual-endless av-default-height-applied  image_no_stretch avia-slideshow-1' data-slideshow-options=\"{&quot;animation&quot;:&quot;slide&quot;,&quot;autoplay&quot;:false,&quot;loop_autoplay&quot;:&quot;once&quot;,&quot;interval&quot;:5,&quot;loop_manual&quot;:&quot;manual-endless&quot;,&quot;autoplay_stopper&quot;:false,&quot;noNavigation&quot;:false,&quot;bg_slider&quot;:false,&quot;keep_padding&quot;:false,&quot;hoverpause&quot;:false,&quot;show_slide_delay&quot;:0}\"  itemprop=\"image\" itemscope=\"itemscope\" itemtype=\"https:\/\/schema.org\/ImageObject\" ><ul class='avia-slideshow-inner ' style='padding-bottom: 28.6666666667%;'><\/ul><\/div><\/div><div id='after_full_slider_1'  class='main_color av_default_container_wrap container_wrap sidebar_right'  ><div class='container av-section-cont-open' ><div class='template-page content  av-content-small alpha units'><div class='post-entry post-entry-type-page post-entry-139'><div class='entry-content-wrapper clearfix'>\n\n<style type=\"text\/css\" data-created_by=\"avia_inline_auto\" id=\"style-css-av-av_one_third-9497bbf8bff73ea4c6992cc17fa9ec36\">\n.flex_column.av-av_one_third-9497bbf8bff73ea4c6992cc17fa9ec36{\n-webkit-border-radius:0px 0px 0px 0px;\n-moz-border-radius:0px 0px 0px 0px;\nborder-radius:0px 0px 0px 0px;\npadding:0px 0px 0px 0px;\n}\n<\/style>\n<div class='flex_column av-av_one_third-9497bbf8bff73ea4c6992cc17fa9ec36 av_one_third  avia-builder-el-1  el_after_av_slideshow_full  el_before_av_one_fourth  avia-builder-el-first  first flex_column_div av-zero-column-padding '     ><section  class='av_textblock_section av-av_textblock-0366cc7376be6c9e82a3e9cc8987b64f'  itemscope=\"itemscope\" itemtype=\"https:\/\/schema.org\/CreativeWork\" ><div class='avia_textblock'  itemprop=\"text\" ><div style=\"text-align: justify;\">\n<h2>Das Haus<\/h2>\n<p>Ein Haus mit Tradition: Von au\u00dfen erinnert es noch an die alte Villa, die es einst war. Aber von innen ist es eben etwas anders. Vierundzwanzig Zimmer gibt es hier, auf drei Stockwerken, f\u00fcr jeden Bewohner eins. Ganz wichtig sind die Gemeinschaftsr\u00e4ume: Die K\u00fcche ist nat\u00fcrlich entsprechend gro\u00df, damit auch einige zusammen kochen k\u00f6nnen. Essen kann man im gro\u00dfen Essraum. Dann gibt es eine Bibliothek mit vielen B\u00fcchern zu unterschiedlichsten Themen. Das hindert uns aber nicht daran, uns dort zu treffen und andere Sachen zu machen als zu lernen. Ein gem\u00fctlicher Fernsehraum darf nat\u00fcrlich auch nicht fehlen. Im kleinen Garten neben dem Haus kann man bei gutem Wetter einen sch\u00f6nen Grillabend verbringen.<\/p>\n<p>Wenn man \u00fcber dieses Haus redet, darf man nicht vergessen, wie das alles funktioniert. Unser Schmittmann-Kolleg g\u00e4be es nie ohne den <a href=\"https:\/\/schmittmann-kolleg.de\/wordpress\/verein-und-stiftung\/\">Tr\u00e4gerverein und die Stiftung<\/a>, die dahinter stehen und uns in allen Situationen unterst\u00fctzen. Und vor allem nicht ohne Benedikt Schmittmann und seine Frau Helene, die das alles erm\u00f6glicht haben. Dar\u00fcber kann man mehr unter <a href=\"https:\/\/schmittmann-kolleg.de\/wordpress\/geschichte\/\">Geschichte<\/a> erfahren.<\/p>\n<p>Wir sind im \u00dcbrigen keine Verbindung und sonst auch nicht ideologisch gebunden. Benedikt Schmittmann war gl\u00e4ubiger Katholik, aber wer bei uns wohnen kann, h\u00e4ngt nicht von der Konfession ab. Wichtiger sind dein Interesse an den Mitbewohner*innen und der Wunsch, dich im Haus zu engagieren.<\/p>\n<\/div>\n<\/div><\/section><br \/>\n<section  class='av_textblock_section av-av_textblock-0366cc7376be6c9e82a3e9cc8987b64f'  itemscope=\"itemscope\" itemtype=\"https:\/\/schema.org\/CreativeWork\" ><div class='avia_textblock'  itemprop=\"text\" ><div style=\"text-align: justify;\">\n<h2>Die Lage<\/h2>\n<p>Wir lieben unser\u00a0Veedel, die k\u00f6lsche S\u00fcdstadt. Das Haus befindet sich super zentral auf dem Ring. Mit der Stadtbahn bist du nur in wenigen Minuten am Friesenplatz, Neumarkt oder am Hauptbahnhof. Zum Einkaufen brauchst du nur ein paar Minuten zu Fu\u00df, denn wir befinden uns in unmittelbarer N\u00e4he zum Chlodwigplatz, der neben verschiedenen Superm\u00e4rkten vor allem schicke Restaurants und k\u00f6lsche Kneipen und Bars zu bieten hat. Ebenso so\u00a0wenig Zeit\u00a0braucht man, um am Rheinauhafen den sch\u00f6nen Ausblick auf den Rhein und die Poller Wiesen zu genie\u00dfen oder im Volksgarten auf der Wiese zu liegen.<\/p>\n<\/div>\n<\/div><\/section><\/p><\/div>\n\n<style type=\"text\/css\" data-created_by=\"avia_inline_auto\" id=\"style-css-av-av_one_fourth-9c1d454dc06f7247226bc4e8f931daae\">\n.flex_column.av-av_one_fourth-9c1d454dc06f7247226bc4e8f931daae{\n-webkit-border-radius:0px 0px 0px 0px;\n-moz-border-radius:0px 0px 0px 0px;\nborder-radius:0px 0px 0px 0px;\npadding:0px 0px 0px 0px;\n}\n<\/style>\n<div class='flex_column av-av_one_fourth-9c1d454dc06f7247226bc4e8f931daae av_one_fourth  avia-builder-el-4  el_after_av_one_third  el_before_av_two_fifth  flex_column_div av-zero-column-padding '     ><section  class='av_textblock_section av-av_textblock-0366cc7376be6c9e82a3e9cc8987b64f'  itemscope=\"itemscope\" itemtype=\"https:\/\/schema.org\/CreativeWork\" ><div class='avia_textblock'  itemprop=\"text\" ><div style=\"text-align: justify;\">\n<h2>Die\u00a0Zimmer<\/h2>\n<p>Es gibt viele verschiedene Zimmer im Haus: kleine und gro\u00dfe, l\u00e4ngliche und quadratische, mit einem oder zwei Fenstern. Hinsichtlich der Miete unterscheiden wir zwischen kleinen und gro\u00dfen Zimmern; die Mietkosten f\u00fcr die kleinen Zimmer sind niedriger als die f\u00fcr die gro\u00dfen. Unser internes Vergabesystem erm\u00f6glicht dir, dich immer auf Zimmer zu bewerben, die durch Auszug oder Auslandssemester frei werden. Die Zimmer sind m\u00f6bliert mit Bett, Regal, Schreibtisch, Kleiderschrank, Nachttisch und Schreibtischstuhl, au\u00dferdem befindet sich in jedem Zimmer ein Waschbecken. Die eigene T\u00fcr ist abschlie\u00dfbar. Es ist nicht m\u00f6glich, die M\u00f6bel durch\u00a0eigene zu ersetzen. In den meisten Zimmern hast du aber Platz, um eigene M\u00f6bel zu nutzen und dein Zimmer einzurichten. Dadurch hat\u00a0jedes der 24 Zimmer seinen einen ganz eigenen und abwechslungsreichen Charme. Auf den Bildern kannst du die Zimmer von verschiedenen Mitbewohner*innen sehen und dir ausmalen, wie deine Einrichtung aussehen k\u00f6nnte.<\/p>\n<\/div>\n<\/div><\/section><br \/>\n<section  class='av_textblock_section av-av_textblock-0366cc7376be6c9e82a3e9cc8987b64f'  itemscope=\"itemscope\" itemtype=\"https:\/\/schema.org\/CreativeWork\" ><div class='avia_textblock'  itemprop=\"text\" ><div style=\"text-align: justify;\">\n<h2>Familie\u00a0Hiertz<\/h2>\n<p>Im obersten Stock des Hauses wohnt Familie Hiertz. Frau Hiertz wohnt schon seit der Gr\u00fcndung des Hauses 1953 hier. Sie ist unsere Hausmeisterin und wird von uns berechtigterweise die gute Seele des Hauses genannt. Sowohl Frau Hiertz\u00a0als auch Herr Hiertz haben immer ein offenes Ohr f\u00fcr uns Studenten und helfen uns tatkr\u00e4ftig im Haus.\u00a0F\u00fcr ein kleines Schw\u00e4tzchen finden sie auch stets Zeit mit ihrer Kommunikationsfreudigkeit und der rheinischen Lebensfreude.<\/p>\n<\/div>\n<\/div><\/section><\/p><\/div>\n\n<style type=\"text\/css\" data-created_by=\"avia_inline_auto\" id=\"style-css-av-av_two_fifth-9c1d454dc06f7247226bc4e8f931daae\">\n.flex_column.av-av_two_fifth-9c1d454dc06f7247226bc4e8f931daae{\n-webkit-border-radius:0px 0px 0px 0px;\n-moz-border-radius:0px 0px 0px 0px;\nborder-radius:0px 0px 0px 0px;\npadding:0px 0px 0px 0px;\n}\n<\/style>\n<div class='flex_column av-av_two_fifth-9c1d454dc06f7247226bc4e8f931daae av_two_fifth  avia-builder-el-7  el_after_av_one_fourth  el_before_av_one_full  flex_column_div av-zero-column-padding '     ><section  class='av_textblock_section av-av_textblock-0366cc7376be6c9e82a3e9cc8987b64f'  itemscope=\"itemscope\" itemtype=\"https:\/\/schema.org\/CreativeWork\" ><div class='avia_textblock'  itemprop=\"text\" ><h2>Ein paar Impressionen &#8230;<\/h2>\n<\/div><\/section><br \/>\n<div  class='avia-slideshow av-av_slideshow-230f05115431a8caf11d8110a75a9ece avia-slideshow-portfolio av_slideshow avia-slide-slider  avia-builder-el-9  el_after_av_textblock  el_before_av_slideshow  av-slideshow-ui av-slideshow-autoplay av-loop-endless av-loop-manual-endless av-default-height-applied avia-slideshow-2' data-slideshow-options=\"{&quot;animation&quot;:&quot;slide&quot;,&quot;autoplay&quot;:true,&quot;loop_autoplay&quot;:&quot;endless&quot;,&quot;interval&quot;:4,&quot;loop_manual&quot;:&quot;manual-endless&quot;,&quot;autoplay_stopper&quot;:false,&quot;noNavigation&quot;:false,&quot;bg_slider&quot;:false,&quot;keep_padding&quot;:false,&quot;hoverpause&quot;:false,&quot;show_slide_delay&quot;:0}\"  itemprop=\"image\" itemscope=\"itemscope\" itemtype=\"https:\/\/schema.org\/ImageObject\" ><ul class='avia-slideshow-inner ' style='padding-bottom: 80.8080808081%;'><li  class='avia-slideshow-slide av-av_slideshow-230f05115431a8caf11d8110a75a9ece__0  slide-1 slide-odd'><div data-rel='slideshow-2' class='avia-slide-wrap '   ><img decoding=\"async\" class=\"wp-image-1161 avia-img-lazy-loading-not-1161\"  src=\"https:\/\/schmittmann-kolleg.de\/wordpress\/wp-content\/uploads\/2020\/04\/d664fc6d-6045-493c-8e18-87c173136ff3-495x400.jpg\" width=\"495\" height=\"400\" title='d664fc6d-6045-493c-8e18-87c173136ff3' alt=''  itemprop=\"thumbnailUrl\" srcset=\"https:\/\/schmittmann-kolleg.de\/wordpress\/wp-content\/uploads\/2020\/04\/d664fc6d-6045-493c-8e18-87c173136ff3-495x400.jpg 495w, https:\/\/schmittmann-kolleg.de\/wordpress\/wp-content\/uploads\/2020\/04\/d664fc6d-6045-493c-8e18-87c173136ff3-845x684.jpg 845w\" sizes=\"(max-width: 495px) 100vw, 495px\" \/><\/div><\/li><li  class='avia-slideshow-slide av-av_slideshow-230f05115431a8caf11d8110a75a9ece__1  slide-2 slide-even'><div data-rel='slideshow-2' class='avia-slide-wrap '   ><img decoding=\"async\" class=\"wp-image-1173 avia-img-lazy-loading-not-1173\"  src=\"https:\/\/schmittmann-kolleg.de\/wordpress\/wp-content\/uploads\/2020\/04\/IMG_8086-495x400.jpeg\" width=\"495\" height=\"400\" title='IMG_8086' alt=''  itemprop=\"thumbnailUrl\" srcset=\"https:\/\/schmittmann-kolleg.de\/wordpress\/wp-content\/uploads\/2020\/04\/IMG_8086-495x400.jpeg 495w, https:\/\/schmittmann-kolleg.de\/wordpress\/wp-content\/uploads\/2020\/04\/IMG_8086-845x684.jpeg 845w\" sizes=\"(max-width: 495px) 100vw, 495px\" \/><\/div><\/li><li  class='avia-slideshow-slide av-av_slideshow-230f05115431a8caf11d8110a75a9ece__2  slide-3 slide-odd'><div data-rel='slideshow-2' class='avia-slide-wrap '   ><img decoding=\"async\" class=\"wp-image-1171 avia-img-lazy-loading-not-1171\"  src=\"https:\/\/schmittmann-kolleg.de\/wordpress\/wp-content\/uploads\/2020\/04\/IMG_8067-495x400.jpeg\" width=\"495\" height=\"400\" title='IMG_8067' alt=''  itemprop=\"thumbnailUrl\" srcset=\"https:\/\/schmittmann-kolleg.de\/wordpress\/wp-content\/uploads\/2020\/04\/IMG_8067-495x400.jpeg 495w, https:\/\/schmittmann-kolleg.de\/wordpress\/wp-content\/uploads\/2020\/04\/IMG_8067-845x684.jpeg 845w\" sizes=\"(max-width: 495px) 100vw, 495px\" \/><\/div><\/li><li  class='avia-slideshow-slide av-av_slideshow-230f05115431a8caf11d8110a75a9ece__3  slide-4 slide-even'><div data-rel='slideshow-2' class='avia-slide-wrap '   ><img decoding=\"async\" class=\"wp-image-1172 avia-img-lazy-loading-not-1172\"  src=\"https:\/\/schmittmann-kolleg.de\/wordpress\/wp-content\/uploads\/2020\/04\/IMG_8072-495x400.jpeg\" width=\"495\" height=\"400\" title='IMG_8072' alt=''  itemprop=\"thumbnailUrl\" srcset=\"https:\/\/schmittmann-kolleg.de\/wordpress\/wp-content\/uploads\/2020\/04\/IMG_8072-495x400.jpeg 495w, https:\/\/schmittmann-kolleg.de\/wordpress\/wp-content\/uploads\/2020\/04\/IMG_8072-845x684.jpeg 845w\" sizes=\"(max-width: 495px) 100vw, 495px\" \/><\/div><\/li><li  class='avia-slideshow-slide av-av_slideshow-230f05115431a8caf11d8110a75a9ece__4  slide-5 slide-odd'><div data-rel='slideshow-2' class='avia-slide-wrap '   ><img decoding=\"async\" class=\"wp-image-1170 avia-img-lazy-loading-not-1170\"  src=\"https:\/\/schmittmann-kolleg.de\/wordpress\/wp-content\/uploads\/2020\/04\/IMG_8112-495x400.jpeg\" width=\"495\" height=\"400\" title='Das j\u00e4hrliche Kuchenessen mit Frau und Herr Hiertz' alt=''  itemprop=\"thumbnailUrl\"   \/><\/div><\/li><li  class='avia-slideshow-slide av-av_slideshow-230f05115431a8caf11d8110a75a9ece__5  slide-6 slide-even'><div data-rel='slideshow-2' class='avia-slide-wrap '   ><img decoding=\"async\" class=\"wp-image-1197 avia-img-lazy-loading-not-1197\"  src=\"https:\/\/schmittmann-kolleg.de\/wordpress\/wp-content\/uploads\/2020\/04\/IMG_8057-495x400.jpeg\" width=\"495\" height=\"400\" title='IMG_8057' alt=''  itemprop=\"thumbnailUrl\" srcset=\"https:\/\/schmittmann-kolleg.de\/wordpress\/wp-content\/uploads\/2020\/04\/IMG_8057-495x400.jpeg 495w, https:\/\/schmittmann-kolleg.de\/wordpress\/wp-content\/uploads\/2020\/04\/IMG_8057-845x684.jpeg 845w\" sizes=\"(max-width: 495px) 100vw, 495px\" \/><\/div><\/li><li  class='avia-slideshow-slide av-av_slideshow-230f05115431a8caf11d8110a75a9ece__6  slide-7 slide-odd'><div data-rel='slideshow-2' class='avia-slide-wrap '   ><img decoding=\"async\" class=\"wp-image-1198 avia-img-lazy-loading-not-1198\"  src=\"https:\/\/schmittmann-kolleg.de\/wordpress\/wp-content\/uploads\/2020\/04\/IMG_8058-495x400.jpeg\" width=\"495\" height=\"400\" title='IMG_8058' alt=''  itemprop=\"thumbnailUrl\" srcset=\"https:\/\/schmittmann-kolleg.de\/wordpress\/wp-content\/uploads\/2020\/04\/IMG_8058-495x400.jpeg 495w, https:\/\/schmittmann-kolleg.de\/wordpress\/wp-content\/uploads\/2020\/04\/IMG_8058-845x684.jpeg 845w\" sizes=\"(max-width: 495px) 100vw, 495px\" \/><\/div><\/li><li  class='avia-slideshow-slide av-av_slideshow-230f05115431a8caf11d8110a75a9ece__7  slide-8 slide-even'><div data-rel='slideshow-2' class='avia-slide-wrap '   ><img decoding=\"async\" class=\"wp-image-1199 avia-img-lazy-loading-not-1199\"  src=\"https:\/\/schmittmann-kolleg.de\/wordpress\/wp-content\/uploads\/2020\/04\/IMG_8063-495x400.jpeg\" width=\"495\" height=\"400\" title='Marcel in der K\u00fcche' alt=''  itemprop=\"thumbnailUrl\" srcset=\"https:\/\/schmittmann-kolleg.de\/wordpress\/wp-content\/uploads\/2020\/04\/IMG_8063-495x400.jpeg 495w, https:\/\/schmittmann-kolleg.de\/wordpress\/wp-content\/uploads\/2020\/04\/IMG_8063-845x684.jpeg 845w\" sizes=\"(max-width: 495px) 100vw, 495px\" \/><\/div><\/li><li  class='avia-slideshow-slide av-av_slideshow-230f05115431a8caf11d8110a75a9ece__8  slide-9 slide-odd'><div data-rel='slideshow-2' class='avia-slide-wrap '   ><img decoding=\"async\" class=\"wp-image-1200 avia-img-lazy-loading-not-1200\"  src=\"https:\/\/schmittmann-kolleg.de\/wordpress\/wp-content\/uploads\/2020\/04\/IMG_8095-1-495x400.jpeg\" width=\"495\" height=\"400\" title='Balkonien' alt=''  itemprop=\"thumbnailUrl\" srcset=\"https:\/\/schmittmann-kolleg.de\/wordpress\/wp-content\/uploads\/2020\/04\/IMG_8095-1-495x400.jpeg 495w, https:\/\/schmittmann-kolleg.de\/wordpress\/wp-content\/uploads\/2020\/04\/IMG_8095-1-845x684.jpeg 845w\" sizes=\"(max-width: 495px) 100vw, 495px\" \/><\/div><\/li><\/ul><div class='avia-slideshow-arrows avia-slideshow-controls' ><a href='#prev' class='prev-slide ' aria-hidden='true' data-av_icon='\ue87c' data-av_iconfont='entypo-fontello'  tabindex='-1'>Zur\u00fcck<\/a><a href='#next' class='next-slide ' aria-hidden='true' data-av_icon='\ue87d' data-av_iconfont='entypo-fontello'  tabindex='-1'>Weiter<\/a><\/div><div class='avia-slideshow-dots avia-slideshow-controls'><a href='#1' class='goto-slide active' >1<\/a><a href='#2' class='goto-slide ' >2<\/a><a href='#3' class='goto-slide ' >3<\/a><a href='#4' class='goto-slide ' >4<\/a><a href='#5' class='goto-slide ' >5<\/a><a href='#6' class='goto-slide ' >6<\/a><a href='#7' class='goto-slide ' >7<\/a><a href='#8' class='goto-slide ' >8<\/a><a href='#9' class='goto-slide ' >9<\/a><\/div><\/div><br \/>\n<div  class='avia-slideshow av-av_slideshow-230f05115431a8caf11d8110a75a9ece avia-slideshow-portfolio av_slideshow avia-slide-slider  avia-builder-el-10  el_after_av_slideshow  avia-builder-el-last  av-slideshow-ui av-slideshow-autoplay av-loop-endless av-loop-manual-endless av-default-height-applied avia-slideshow-3' data-slideshow-options=\"{&quot;animation&quot;:&quot;slide&quot;,&quot;autoplay&quot;:true,&quot;loop_autoplay&quot;:&quot;endless&quot;,&quot;interval&quot;:4,&quot;loop_manual&quot;:&quot;manual-endless&quot;,&quot;autoplay_stopper&quot;:false,&quot;noNavigation&quot;:false,&quot;bg_slider&quot;:false,&quot;keep_padding&quot;:false,&quot;hoverpause&quot;:false,&quot;show_slide_delay&quot;:0}\"  itemprop=\"image\" itemscope=\"itemscope\" itemtype=\"https:\/\/schema.org\/ImageObject\" ><ul class='avia-slideshow-inner ' style='padding-bottom: 80.8080808081%;'><li  class='avia-slideshow-slide av-av_slideshow-230f05115431a8caf11d8110a75a9ece__0  slide-1 slide-odd'><div data-rel='slideshow-3' class='avia-slide-wrap '   ><img decoding=\"async\" class=\"wp-image-1161 avia-img-lazy-loading-not-1161\"  src=\"https:\/\/schmittmann-kolleg.de\/wordpress\/wp-content\/uploads\/2020\/04\/d664fc6d-6045-493c-8e18-87c173136ff3-495x400.jpg\" width=\"495\" height=\"400\" title='d664fc6d-6045-493c-8e18-87c173136ff3' alt=''  itemprop=\"thumbnailUrl\" srcset=\"https:\/\/schmittmann-kolleg.de\/wordpress\/wp-content\/uploads\/2020\/04\/d664fc6d-6045-493c-8e18-87c173136ff3-495x400.jpg 495w, https:\/\/schmittmann-kolleg.de\/wordpress\/wp-content\/uploads\/2020\/04\/d664fc6d-6045-493c-8e18-87c173136ff3-845x684.jpg 845w\" sizes=\"(max-width: 495px) 100vw, 495px\" \/><\/div><\/li><li  class='avia-slideshow-slide av-av_slideshow-230f05115431a8caf11d8110a75a9ece__1  slide-2 slide-even'><div data-rel='slideshow-3' class='avia-slide-wrap '   ><img decoding=\"async\" class=\"wp-image-1173 avia-img-lazy-loading-not-1173\"  src=\"https:\/\/schmittmann-kolleg.de\/wordpress\/wp-content\/uploads\/2020\/04\/IMG_8086-495x400.jpeg\" width=\"495\" height=\"400\" title='IMG_8086' alt=''  itemprop=\"thumbnailUrl\" srcset=\"https:\/\/schmittmann-kolleg.de\/wordpress\/wp-content\/uploads\/2020\/04\/IMG_8086-495x400.jpeg 495w, https:\/\/schmittmann-kolleg.de\/wordpress\/wp-content\/uploads\/2020\/04\/IMG_8086-845x684.jpeg 845w\" sizes=\"(max-width: 495px) 100vw, 495px\" \/><\/div><\/li><li  class='avia-slideshow-slide av-av_slideshow-230f05115431a8caf11d8110a75a9ece__2  slide-3 slide-odd'><div data-rel='slideshow-3' class='avia-slide-wrap '   ><img decoding=\"async\" class=\"wp-image-1171 avia-img-lazy-loading-not-1171\"  src=\"https:\/\/schmittmann-kolleg.de\/wordpress\/wp-content\/uploads\/2020\/04\/IMG_8067-495x400.jpeg\" width=\"495\" height=\"400\" title='IMG_8067' alt=''  itemprop=\"thumbnailUrl\" srcset=\"https:\/\/schmittmann-kolleg.de\/wordpress\/wp-content\/uploads\/2020\/04\/IMG_8067-495x400.jpeg 495w, https:\/\/schmittmann-kolleg.de\/wordpress\/wp-content\/uploads\/2020\/04\/IMG_8067-845x684.jpeg 845w\" sizes=\"(max-width: 495px) 100vw, 495px\" \/><\/div><\/li><li  class='avia-slideshow-slide av-av_slideshow-230f05115431a8caf11d8110a75a9ece__3  slide-4 slide-even'><div data-rel='slideshow-3' class='avia-slide-wrap '   ><img decoding=\"async\" class=\"wp-image-1172 avia-img-lazy-loading-not-1172\"  src=\"https:\/\/schmittmann-kolleg.de\/wordpress\/wp-content\/uploads\/2020\/04\/IMG_8072-495x400.jpeg\" width=\"495\" height=\"400\" title='IMG_8072' alt=''  itemprop=\"thumbnailUrl\" srcset=\"https:\/\/schmittmann-kolleg.de\/wordpress\/wp-content\/uploads\/2020\/04\/IMG_8072-495x400.jpeg 495w, https:\/\/schmittmann-kolleg.de\/wordpress\/wp-content\/uploads\/2020\/04\/IMG_8072-845x684.jpeg 845w\" sizes=\"(max-width: 495px) 100vw, 495px\" \/><\/div><\/li><li  class='avia-slideshow-slide av-av_slideshow-230f05115431a8caf11d8110a75a9ece__4  slide-5 slide-odd'><div data-rel='slideshow-3' class='avia-slide-wrap '   ><img decoding=\"async\" class=\"wp-image-1170 avia-img-lazy-loading-not-1170\"  src=\"https:\/\/schmittmann-kolleg.de\/wordpress\/wp-content\/uploads\/2020\/04\/IMG_8112-495x400.jpeg\" width=\"495\" height=\"400\" title='Das j\u00e4hrliche Kuchenessen mit Frau und Herr Hiertz' alt=''  itemprop=\"thumbnailUrl\"   \/><\/div><\/li><li  class='avia-slideshow-slide av-av_slideshow-230f05115431a8caf11d8110a75a9ece__5  slide-6 slide-even'><div data-rel='slideshow-3' class='avia-slide-wrap '   ><img decoding=\"async\" class=\"wp-image-1197 avia-img-lazy-loading-not-1197\"  src=\"https:\/\/schmittmann-kolleg.de\/wordpress\/wp-content\/uploads\/2020\/04\/IMG_8057-495x400.jpeg\" width=\"495\" height=\"400\" title='IMG_8057' alt=''  itemprop=\"thumbnailUrl\" srcset=\"https:\/\/schmittmann-kolleg.de\/wordpress\/wp-content\/uploads\/2020\/04\/IMG_8057-495x400.jpeg 495w, https:\/\/schmittmann-kolleg.de\/wordpress\/wp-content\/uploads\/2020\/04\/IMG_8057-845x684.jpeg 845w\" sizes=\"(max-width: 495px) 100vw, 495px\" \/><\/div><\/li><li  class='avia-slideshow-slide av-av_slideshow-230f05115431a8caf11d8110a75a9ece__6  slide-7 slide-odd'><div data-rel='slideshow-3' class='avia-slide-wrap '   ><img decoding=\"async\" class=\"wp-image-1198 avia-img-lazy-loading-not-1198\"  src=\"https:\/\/schmittmann-kolleg.de\/wordpress\/wp-content\/uploads\/2020\/04\/IMG_8058-495x400.jpeg\" width=\"495\" height=\"400\" title='IMG_8058' alt=''  itemprop=\"thumbnailUrl\" srcset=\"https:\/\/schmittmann-kolleg.de\/wordpress\/wp-content\/uploads\/2020\/04\/IMG_8058-495x400.jpeg 495w, https:\/\/schmittmann-kolleg.de\/wordpress\/wp-content\/uploads\/2020\/04\/IMG_8058-845x684.jpeg 845w\" sizes=\"(max-width: 495px) 100vw, 495px\" \/><\/div><\/li><li  class='avia-slideshow-slide av-av_slideshow-230f05115431a8caf11d8110a75a9ece__7  slide-8 slide-even'><div data-rel='slideshow-3' class='avia-slide-wrap '   ><img decoding=\"async\" class=\"wp-image-1199 avia-img-lazy-loading-not-1199\"  src=\"https:\/\/schmittmann-kolleg.de\/wordpress\/wp-content\/uploads\/2020\/04\/IMG_8063-495x400.jpeg\" width=\"495\" height=\"400\" title='Marcel in der K\u00fcche' alt=''  itemprop=\"thumbnailUrl\" srcset=\"https:\/\/schmittmann-kolleg.de\/wordpress\/wp-content\/uploads\/2020\/04\/IMG_8063-495x400.jpeg 495w, https:\/\/schmittmann-kolleg.de\/wordpress\/wp-content\/uploads\/2020\/04\/IMG_8063-845x684.jpeg 845w\" sizes=\"(max-width: 495px) 100vw, 495px\" \/><\/div><\/li><li  class='avia-slideshow-slide av-av_slideshow-230f05115431a8caf11d8110a75a9ece__8  slide-9 slide-odd'><div data-rel='slideshow-3' class='avia-slide-wrap '   ><img decoding=\"async\" class=\"wp-image-1200 avia-img-lazy-loading-not-1200\"  src=\"https:\/\/schmittmann-kolleg.de\/wordpress\/wp-content\/uploads\/2020\/04\/IMG_8095-1-495x400.jpeg\" width=\"495\" height=\"400\" title='Balkonien' alt=''  itemprop=\"thumbnailUrl\" srcset=\"https:\/\/schmittmann-kolleg.de\/wordpress\/wp-content\/uploads\/2020\/04\/IMG_8095-1-495x400.jpeg 495w, https:\/\/schmittmann-kolleg.de\/wordpress\/wp-content\/uploads\/2020\/04\/IMG_8095-1-845x684.jpeg 845w\" sizes=\"(max-width: 495px) 100vw, 495px\" \/><\/div><\/li><\/ul><div class='avia-slideshow-arrows avia-slideshow-controls' ><a href='#prev' class='prev-slide ' aria-hidden='true' data-av_icon='\ue87c' data-av_iconfont='entypo-fontello'  tabindex='-1'>Zur\u00fcck<\/a><a href='#next' class='next-slide ' aria-hidden='true' data-av_icon='\ue87d' data-av_iconfont='entypo-fontello'  tabindex='-1'>Weiter<\/a><\/div><div class='avia-slideshow-dots avia-slideshow-controls'><a href='#1' class='goto-slide active' >1<\/a><a href='#2' class='goto-slide ' >2<\/a><a href='#3' class='goto-slide ' >3<\/a><a href='#4' class='goto-slide ' >4<\/a><a href='#5' class='goto-slide ' >5<\/a><a href='#6' class='goto-slide ' >6<\/a><a href='#7' class='goto-slide ' >7<\/a><a href='#8' class='goto-slide ' >8<\/a><a href='#9' class='goto-slide ' >9<\/a><\/div><\/div><\/p><\/div>\n<style type=\"text\/css\" data-created_by=\"avia_inline_auto\" id=\"style-css-av-av_one_full-9497bbf8bff73ea4c6992cc17fa9ec36\">\n.flex_column.av-av_one_full-9497bbf8bff73ea4c6992cc17fa9ec36{\n-webkit-border-radius:0px 0px 0px 0px;\n-moz-border-radius:0px 0px 0px 0px;\nborder-radius:0px 0px 0px 0px;\npadding:0px 0px 0px 0px;\n}\n<\/style>\n<div class='flex_column av-av_one_full-9497bbf8bff73ea4c6992cc17fa9ec36 av_one_full  avia-builder-el-11  el_after_av_two_fifth  avia-builder-el-last  first flex_column_div av-zero-column-padding '     ><\/div><\/p>\n","protected":false},"excerpt":{"rendered":"","protected":false},"author":1,"featured_media":0,"parent":0,"menu_order":0,"comment_status":"closed","ping_status":"closed","template":"","meta":{"footnotes":""},"class_list":["post-139","page","type-page","status-publish","hentry"],"_links":{"self":[{"href":"https:\/\/schmittmann-kolleg.de\/wordpress\/wp-json\/wp\/v2\/pages\/139","targetHints":{"allow":["GET"]}}],"collection":[{"href":"https:\/\/schmittmann-kolleg.de\/wordpress\/wp-json\/wp\/v2\/pages"}],"about":[{"href":"https:\/\/schmittmann-kolleg.de\/wordpress\/wp-json\/wp\/v2\/types\/page"}],"author":[{"embeddable":true,"href":"https:\/\/schmittmann-kolleg.de\/wordpress\/wp-json\/wp\/v2\/users\/1"}],"replies":[{"embeddable":true,"href":"https:\/\/schmittmann-kolleg.de\/wordpress\/wp-json\/wp\/v2\/comments?post=139"}],"version-history":[{"count":11,"href":"https:\/\/schmittmann-kolleg.de\/wordpress\/wp-json\/wp\/v2\/pages\/139\/revisions"}],"predecessor-version":[{"id":1206,"href":"https:\/\/schmittmann-kolleg.de\/wordpress\/wp-json\/wp\/v2\/pages\/139\/revisions\/1206"}],"wp:attachment":[{"href":"https:\/\/schmittmann-kolleg.de\/wordpress\/wp-json\/wp\/v2\/media?parent=139"}],"curies":[{"name":"wp","href":"https:\/\/api.w.org\/{rel}","templated":true}]}}