{"id":1367,"date":"2020-12-13T21:12:18","date_gmt":"2020-12-13T20:12:18","guid":{"rendered":"http:\/\/schmittmann-kolleg.de\/wordpress\/?page_id=1367"},"modified":"2024-10-23T12:20:44","modified_gmt":"2024-10-23T10:20:44","slug":"heleneschmittmann","status":"publish","type":"page","link":"https:\/\/schmittmann-kolleg.de\/wordpress\/heleneschmittmann\/","title":{"rendered":"Helene Schmittmann"},"content":{"rendered":"\n<style type=\"text\/css\" data-created_by=\"avia_inline_auto\" id=\"style-css-av-1makw7-9becc8b24671d76dfcf8417410179145\">\n.flex_column.av-1makw7-9becc8b24671d76dfcf8417410179145{\n-webkit-border-radius:0px 0px 0px 0px;\n-moz-border-radius:0px 0px 0px 0px;\nborder-radius:0px 0px 0px 0px;\npadding:0px 0px 0px 0px;\n}\n<\/style>\n<div class='flex_column av-1makw7-9becc8b24671d76dfcf8417410179145 av_one_half  avia-builder-el-0  el_before_av_one_half  avia-builder-el-first  first flex_column_div av-zero-column-padding '     ><p>\n<style type=\"text\/css\" data-created_by=\"avia_inline_auto\" id=\"style-css-av-df77wn-fac199fc2c2c68f9b8cb0e5fbb6eea1f\">\n#top .av-special-heading.av-df77wn-fac199fc2c2c68f9b8cb0e5fbb6eea1f{\npadding-bottom:10px;\n}\nbody .av-special-heading.av-df77wn-fac199fc2c2c68f9b8cb0e5fbb6eea1f .av-special-heading-tag .heading-char{\nfont-size:25px;\n}\n.av-special-heading.av-df77wn-fac199fc2c2c68f9b8cb0e5fbb6eea1f .av-subheading{\nfont-size:15px;\n}\n<\/style>\n<div  class='av-special-heading av-df77wn-fac199fc2c2c68f9b8cb0e5fbb6eea1f av-special-heading-h2 blockquote modern-quote modern-centered  avia-builder-el-1  el_before_av_hr  avia-builder-el-first '><h2 class='av-special-heading-tag'  itemprop=\"headline\"  >Helene Schmittmann<\/h2><div class=\"special-heading-border\"><div class=\"special-heading-inner-border\"><\/div><\/div><\/div><br \/>\n<div  class='hr av-19dh2f-cf64b19a86f08a305576a13ed7a55e24 hr-default  avia-builder-el-2  el_after_av_heading  el_before_av_image '><span class='hr-inner '><span class=\"hr-inner-style\"><\/span><\/span><\/div><br \/>\n\n<style type=\"text\/css\" data-created_by=\"avia_inline_auto\" id=\"style-css-av-bc53o7-79ea3c9915963f922848646cba4f318b\">\n.avia-image-container.av-bc53o7-79ea3c9915963f922848646cba4f318b img.avia_image{\nbox-shadow:none;\n}\n.avia-image-container.av-bc53o7-79ea3c9915963f922848646cba4f318b .av-image-caption-overlay-center{\ncolor:#ffffff;\n}\n<\/style>\n<div  class='avia-image-container av-bc53o7-79ea3c9915963f922848646cba4f318b av-styling- avia-align-center  avia-builder-el-3  el_after_av_hr  el_before_av_hr '   itemprop=\"image\" itemscope=\"itemscope\" itemtype=\"https:\/\/schema.org\/ImageObject\" ><div class=\"avia-image-container-inner\"><div class=\"avia-image-overlay-wrap\"><img decoding=\"async\" class='wp-image-1368 avia-img-lazy-loading-not-1368 avia_image ' src=\"https:\/\/schmittmann-kolleg.de\/wordpress\/wp-content\/uploads\/2020\/12\/Helene-274x300.png\" alt='' title='Helene Schmittmann (Quelle: https:\/\/www.schmittmann-wahlen-stiftung.de\/helene-schmittmann\/kurzbiographie)'  height=\"300\" width=\"274\"  itemprop=\"thumbnailUrl\" srcset=\"https:\/\/schmittmann-kolleg.de\/wordpress\/wp-content\/uploads\/2020\/12\/Helene-274x300.png 274w, https:\/\/schmittmann-kolleg.de\/wordpress\/wp-content\/uploads\/2020\/12\/Helene.png 290w\" sizes=\"(max-width: 274px) 100vw, 274px\" \/><\/div><\/div><\/div><br \/>\n<div  class='hr av-9eugkn-29acca68bbdce7607800333f8f84a2fa hr-default  avia-builder-el-4  el_after_av_image  el_before_av_textblock '><span class='hr-inner '><span class=\"hr-inner-style\"><\/span><\/span><\/div><br \/>\n<section  class='av_textblock_section av-7mosfb-92eb396a129abdc6053d43844e10e348'  itemscope=\"itemscope\" itemtype=\"https:\/\/schema.org\/CreativeWork\" ><div class='avia_textblock'  itemprop=\"text\" ><p style=\"text-align: center;\"><strong>&#8222;Sie macht das Schmittmann-Haus noch einmal zu einem besonderen Ort der Begegnung und des geistigen Austausches. Jedem Hausbewohner dr\u00fcckt sie damit einen Pr\u00e4gestempel auf, den jeder mit Stolz tr\u00e4gt und der ihn mit tiefer Dankbarkeit f\u00fcr Helene Schmittmann erf\u00fcllt.&#8220; (A.Kuhlmann \u201eHelene Schmittmann \u2013 Mit Glaube und Liebe f\u00fcr eines bessere Welt\u201c, K\u00f6ln 2003)<\/strong><\/p>\n<\/div><\/section><\/p><\/div>\n<style type=\"text\/css\" data-created_by=\"avia_inline_auto\" id=\"style-css-av-5j8yd3-68445280eeb8a4591e8a934793d74558\">\n.flex_column.av-5j8yd3-68445280eeb8a4591e8a934793d74558{\n-webkit-border-radius:0px 0px 0px 0px;\n-moz-border-radius:0px 0px 0px 0px;\nborder-radius:0px 0px 0px 0px;\npadding:0px 0px 0px 0px;\n}\n<\/style>\n<div class='flex_column av-5j8yd3-68445280eeb8a4591e8a934793d74558 av_one_half  avia-builder-el-6  el_after_av_one_half  avia-builder-el-last  flex_column_div av-zero-column-padding '     ><p><div  class='hr av-3mke0n-20aa1e08d895fac2c39cf1cfbfdfd4d9 hr-default  avia-builder-el-7  el_before_av_textblock  avia-builder-el-first '><span class='hr-inner '><span class=\"hr-inner-style\"><\/span><\/span><\/div><br \/>\n<section  class='av_textblock_section av-2bbn5z-b294b3e3b4a17bd252270b197ad7802a'  itemscope=\"itemscope\" itemtype=\"https:\/\/schema.org\/CreativeWork\" ><div class='avia_textblock'  itemprop=\"text\" ><p>Im Wintersemester 20\/21 haben wir uns als Hausgemeinschaft intensiv mit Helene Schmittmann, ihrem Leben und ihrem Schaffen auseinandergesetzt. Unter anderem haben wir eine Tour auf den Spuren ihres Lebens, durch das Gereonsviertel, \u00fcber den Melatenfriedhof und durch Ehrenfeld gemacht. Bei unserem virtuellen Ehemaligentreffen im Sommer 2021 gab es dazu einen Audio-Spaziergang, den wir euch hier gerne zur Verf\u00fcgung stellen m\u00f6chten. Der Audio-Guide wurde entwickelt von Mercedes Hering und Paul Naumann unter Mitarbeit von Jannika Gro\u00dfe Westerloh. Das Skript inkl. Google-Maps-Wegbeschreibungen und Lageplan des Melaten Friedhofs ist hier zu finden: <a href=\"https:\/\/schmittmann-kolleg.de\/wordpress\/wp-content\/uploads\/2024\/10\/Skript-Helene-Schmittmann-Spaziergang.pdf\">Skript Helene Schmittmann Spaziergang<\/a>.<\/p>\n<\/div><\/section><br \/>\n\n<style type=\"text\/css\" data-created_by=\"avia_inline_auto\" id=\"style-css-av-m2lnnrww-3d694880a0dc80abcd431160ea60f577\">\n#top .av-special-heading.av-m2lnnrww-3d694880a0dc80abcd431160ea60f577{\npadding-bottom:10px;\n}\nbody .av-special-heading.av-m2lnnrww-3d694880a0dc80abcd431160ea60f577 .av-special-heading-tag .heading-char{\nfont-size:25px;\n}\n.av-special-heading.av-m2lnnrww-3d694880a0dc80abcd431160ea60f577 .av-subheading{\nfont-size:15px;\n}\n<\/style>\n<div  class='av-special-heading av-m2lnnrww-3d694880a0dc80abcd431160ea60f577 av-special-heading-h3  avia-builder-el-9  el_after_av_textblock  el_before_av_player '><h3 class='av-special-heading-tag'  itemprop=\"headline\"  >Audio-Spaziergang<\/h3><div class=\"special-heading-border\"><div class=\"special-heading-inner-border\"><\/div><\/div><\/div><br \/>\n<div id=\"av_player-1\" class=\"av-player av-player-container av-m2lnhyzg-3f0bd1a2e483c0055610ed5addf03e94 avia-playerstyle-classic av_player-1  avia-builder-el-10  el_after_av_heading  el_before_av_hr  first avia-playlist-no-loop avia-playlist-hide-cover\"><div class=\"av-player-player-container\"><div class=\"wp-playlist wp-audio-playlist wp-playlist-light\">\n\t\t\t<div class=\"wp-playlist-current-item\"><\/div>\n\t\t<audio controls=\"controls\" preload=\"none\" width=\"1478\"\n\t\t\t><\/audio>\n\t<div class=\"wp-playlist-next\"><\/div>\n\t<div class=\"wp-playlist-prev\"><\/div>\n\t<noscript>\n\t<ol>\n\t\t<li><a href='https:\/\/schmittmann-kolleg.de\/wordpress\/wp-content\/uploads\/2024\/10\/Einleitung.mp3'>Einleitung<\/a><\/li><li><a href='https:\/\/schmittmann-kolleg.de\/wordpress\/wp-content\/uploads\/2024\/10\/Station-1-Mohrenstrasse-21-1.mp3'>Station 1 - Mohrenstra\u00dfe 21<\/a><\/li><li><a href='https:\/\/schmittmann-kolleg.de\/wordpress\/wp-content\/uploads\/2024\/10\/Station-2-St.-Gereon.mp3'>Station 2 - St. Gereon<\/a><\/li><li><a href='https:\/\/schmittmann-kolleg.de\/wordpress\/wp-content\/uploads\/2024\/10\/Station-3-Friedhof-Melaten.mp3'>Station 3 - Friedhof Melaten<\/a><\/li><li><a href='https:\/\/schmittmann-kolleg.de\/wordpress\/wp-content\/uploads\/2024\/10\/Station-4-Venloer-Strasse-338a.mp3'>Station 4 - Venloer Stra\u00dfe 338a<\/a><\/li><li><a href='https:\/\/schmittmann-kolleg.de\/wordpress\/wp-content\/uploads\/2024\/10\/Station-5-Marktkapelle.mp3'>Station 5 - Marktkapelle<\/a><\/li>\t<\/ol>\n\t<\/noscript>\n\t<script type=\"application\/json\" class=\"wp-playlist-script\">{\"type\":\"audio\",\"tracklist\":true,\"tracknumbers\":true,\"images\":true,\"artists\":true,\"tracks\":[{\"src\":\"https:\/\/schmittmann-kolleg.de\/wordpress\/wp-content\/uploads\/2024\/10\/Einleitung.mp3\",\"type\":\"audio\/mpeg\",\"title\":\"Einleitung\",\"caption\":\"\",\"description\":\"Helene Schmittmann Spaziergang - Einleitung\",\"meta\":{\"year\":\"2021\",\"length_formatted\":\"0:59\"},\"image\":{\"src\":\"https:\/\/schmittmann-kolleg.de\/wordpress\/wp-includes\/images\/media\/audio.svg\",\"width\":48,\"height\":64},\"thumb\":{\"src\":\"https:\/\/schmittmann-kolleg.de\/wordpress\/wp-includes\/images\/media\/audio.svg\",\"width\":48,\"height\":64}},{\"src\":\"https:\/\/schmittmann-kolleg.de\/wordpress\/wp-content\/uploads\/2024\/10\/Station-1-Mohrenstrasse-21-1.mp3\",\"type\":\"audio\/mpeg\",\"title\":\"Station 1 - Mohrenstra\\u00dfe 21\",\"caption\":\"\",\"description\":\"Helene Schmittmann Spaziergang Station 1 - Mohrenstra\\u00dfe 21\",\"meta\":{\"year\":\"2021\",\"length_formatted\":\"3:38\"},\"image\":{\"src\":\"https:\/\/schmittmann-kolleg.de\/wordpress\/wp-includes\/images\/media\/audio.svg\",\"width\":48,\"height\":64},\"thumb\":{\"src\":\"https:\/\/schmittmann-kolleg.de\/wordpress\/wp-includes\/images\/media\/audio.svg\",\"width\":48,\"height\":64}},{\"src\":\"https:\/\/schmittmann-kolleg.de\/wordpress\/wp-content\/uploads\/2024\/10\/Station-2-St.-Gereon.mp3\",\"type\":\"audio\/mpeg\",\"title\":\"Station 2 - St. Gereon\",\"caption\":\"\",\"description\":\"Helene Schmittmann Spaziergang Station 2 - St. Gereon\",\"meta\":{\"year\":\"2021\",\"length_formatted\":\"2:28\"},\"image\":{\"src\":\"https:\/\/schmittmann-kolleg.de\/wordpress\/wp-includes\/images\/media\/audio.svg\",\"width\":48,\"height\":64},\"thumb\":{\"src\":\"https:\/\/schmittmann-kolleg.de\/wordpress\/wp-includes\/images\/media\/audio.svg\",\"width\":48,\"height\":64}},{\"src\":\"https:\/\/schmittmann-kolleg.de\/wordpress\/wp-content\/uploads\/2024\/10\/Station-3-Friedhof-Melaten.mp3\",\"type\":\"audio\/mpeg\",\"title\":\"Station 3 - Friedhof Melaten\",\"caption\":\"\",\"description\":\"Helene Schmittmann Spaziergang Station 3 - Friedhof Melaten\",\"meta\":{\"year\":\"2021\",\"length_formatted\":\"2:15\"},\"image\":{\"src\":\"https:\/\/schmittmann-kolleg.de\/wordpress\/wp-includes\/images\/media\/audio.svg\",\"width\":48,\"height\":64},\"thumb\":{\"src\":\"https:\/\/schmittmann-kolleg.de\/wordpress\/wp-includes\/images\/media\/audio.svg\",\"width\":48,\"height\":64}},{\"src\":\"https:\/\/schmittmann-kolleg.de\/wordpress\/wp-content\/uploads\/2024\/10\/Station-4-Venloer-Strasse-338a.mp3\",\"type\":\"audio\/mpeg\",\"title\":\"Station 4 - Venloer Stra\\u00dfe 338a\",\"caption\":\"\",\"description\":\"Helene Schmittmann Spaziergang Station 4 - Venloer Stra\\u00dfe 338a\",\"meta\":{\"year\":\"2021\",\"length_formatted\":\"1:28\"},\"image\":{\"src\":\"https:\/\/schmittmann-kolleg.de\/wordpress\/wp-includes\/images\/media\/audio.svg\",\"width\":48,\"height\":64},\"thumb\":{\"src\":\"https:\/\/schmittmann-kolleg.de\/wordpress\/wp-includes\/images\/media\/audio.svg\",\"width\":48,\"height\":64}},{\"src\":\"https:\/\/schmittmann-kolleg.de\/wordpress\/wp-content\/uploads\/2024\/10\/Station-5-Marktkapelle.mp3\",\"type\":\"audio\/mpeg\",\"title\":\"Station 5 - Marktkapelle\",\"caption\":\"\",\"description\":\"Helene Schmittmann Spaziergang Station 5 - Marktkapelle\",\"meta\":{\"year\":\"2021\",\"length_formatted\":\"0:52\"},\"image\":{\"src\":\"https:\/\/schmittmann-kolleg.de\/wordpress\/wp-includes\/images\/media\/audio.svg\",\"width\":48,\"height\":64},\"thumb\":{\"src\":\"https:\/\/schmittmann-kolleg.de\/wordpress\/wp-includes\/images\/media\/audio.svg\",\"width\":48,\"height\":64}}]}<\/script>\n<\/div>\n\t<\/div><\/div><br \/>\n<div  class='hr av-av_hr-91d7ccd583a503147498e120fee2ff9b hr-default  avia-builder-el-11  el_after_av_player  el_before_av_image '><span class='hr-inner '><span class=\"hr-inner-style\"><\/span><\/span><\/div><br \/>\n\n<style type=\"text\/css\" data-created_by=\"avia_inline_auto\" id=\"style-css-av-m2lpqdv9-fd3787864bfebf831cf6bf450192a936\">\n.avia-image-container.av-m2lpqdv9-fd3787864bfebf831cf6bf450192a936 img.avia_image{\nbox-shadow:none;\n}\n.avia-image-container.av-m2lpqdv9-fd3787864bfebf831cf6bf450192a936 .av-image-caption-overlay-center{\ncolor:#ffffff;\n}\n<\/style>\n<div  class='avia-image-container av-m2lpqdv9-fd3787864bfebf831cf6bf450192a936 av-styling- avia-align-center  avia-builder-el-12  el_after_av_hr  el_before_av_textblock '   itemprop=\"image\" itemscope=\"itemscope\" itemtype=\"https:\/\/schema.org\/ImageObject\" ><div class=\"avia-image-container-inner\"><div class=\"avia-image-overlay-wrap\"><img decoding=\"async\" class='wp-image-1859 avia-img-lazy-loading-not-1859 avia_image ' src=\"https:\/\/schmittmann-kolleg.de\/wordpress\/wp-content\/uploads\/2024\/10\/Map-Stationen-Helene-Schmittmann-Spaziergang-1030x579.png\" alt='' title='Map Stationen Helene Schmittmann Spaziergang'  height=\"579\" width=\"1030\"  itemprop=\"thumbnailUrl\" srcset=\"https:\/\/schmittmann-kolleg.de\/wordpress\/wp-content\/uploads\/2024\/10\/Map-Stationen-Helene-Schmittmann-Spaziergang-1030x579.png 1030w, https:\/\/schmittmann-kolleg.de\/wordpress\/wp-content\/uploads\/2024\/10\/Map-Stationen-Helene-Schmittmann-Spaziergang-300x169.png 300w, https:\/\/schmittmann-kolleg.de\/wordpress\/wp-content\/uploads\/2024\/10\/Map-Stationen-Helene-Schmittmann-Spaziergang-768x432.png 768w, https:\/\/schmittmann-kolleg.de\/wordpress\/wp-content\/uploads\/2024\/10\/Map-Stationen-Helene-Schmittmann-Spaziergang-1536x864.png 1536w, https:\/\/schmittmann-kolleg.de\/wordpress\/wp-content\/uploads\/2024\/10\/Map-Stationen-Helene-Schmittmann-Spaziergang-1500x844.png 1500w, https:\/\/schmittmann-kolleg.de\/wordpress\/wp-content\/uploads\/2024\/10\/Map-Stationen-Helene-Schmittmann-Spaziergang-705x397.png 705w, https:\/\/schmittmann-kolleg.de\/wordpress\/wp-content\/uploads\/2024\/10\/Map-Stationen-Helene-Schmittmann-Spaziergang.png 1920w\" sizes=\"(max-width: 1030px) 100vw, 1030px\" \/><\/div><\/div><\/div><br \/>\n<section  class='av_textblock_section av-m2lq1bzg-5055e1b44c7f41093ec99328f5852221'  itemscope=\"itemscope\" itemtype=\"https:\/\/schema.org\/CreativeWork\" ><div class='avia_textblock'  itemprop=\"text\" ><p>Bild: Screenshot von Google Maps mit den eingezeichneten Stationen (4,6 km, etwa eine Stunde Fu\u00dfweg).<\/p>\n<p>Die Route mit allen Stationen auf Google Maps kann auch hier nachverfolgt werden: <a href=\"https:\/\/www.google.com\/maps\/dir\/Mohrenstra%C3%9Fe+21,+50670+K%C3%B6ln\/St.+Gereon,+Gereonskloster+2,+50670+K%C3%B6ln\/Melaten-Friedhof,+Aachener+Str.+204,+50931+K%C3%B6ln\/Venloer+Str.+338A,+50823+K%C3%B6ln\/Marktkapelle+St.+Mari%C3%A4+Himmelfahrt,+Geisselstra%C3%9Fe+5,+50823+K%C3%B6ln\/@50.9439928,6.9315385,14.32z\/data=!4m32!4m31!1m5!1m1!1s0x47bf25a7d6cd8569:0x35d677d9cff396f9!2m2!1d6.9474988!2d50.9420006!1m5!1m1!1s0x47bf25a78cf72d03:0x3d87c39bb4891!2m2!1d6.9457905!2d50.943209!1m5!1m1!1s0x47bf25226c757f23:0xa8732d182c45d462!2m2!1d6.9175914!2d50.9395184!1m5!1m1!1s0x47bf253e60c6fe79:0x1c8448c389d4bbd5!2m2!1d6.9174042!2d50.9499311!1m5!1m1!1s0x47bf251613e49e97:0xc1493ddabad41b76!2m2!1d6.9211297!2d50.9475448!3e2?entry=ttu&amp;g_ep=EgoyMDI0MTAyMC4xIKXMDSoASAFQAw%3D%3D\">Link zu Google Maps<\/a>.<\/p>\n<\/div><\/section><\/p><\/div><\/p>\n","protected":false},"excerpt":{"rendered":"","protected":false},"author":1,"featured_media":0,"parent":0,"menu_order":0,"comment_status":"open","ping_status":"open","template":"","meta":{"footnotes":""},"class_list":["post-1367","page","type-page","status-publish","hentry"],"_links":{"self":[{"href":"https:\/\/schmittmann-kolleg.de\/wordpress\/wp-json\/wp\/v2\/pages\/1367","targetHints":{"allow":["GET"]}}],"collection":[{"href":"https:\/\/schmittmann-kolleg.de\/wordpress\/wp-json\/wp\/v2\/pages"}],"about":[{"href":"https:\/\/schmittmann-kolleg.de\/wordpress\/wp-json\/wp\/v2\/types\/page"}],"author":[{"embeddable":true,"href":"https:\/\/schmittmann-kolleg.de\/wordpress\/wp-json\/wp\/v2\/users\/1"}],"replies":[{"embeddable":true,"href":"https:\/\/schmittmann-kolleg.de\/wordpress\/wp-json\/wp\/v2\/comments?post=1367"}],"version-history":[{"count":10,"href":"https:\/\/schmittmann-kolleg.de\/wordpress\/wp-json\/wp\/v2\/pages\/1367\/revisions"}],"predecessor-version":[{"id":1875,"href":"https:\/\/schmittmann-kolleg.de\/wordpress\/wp-json\/wp\/v2\/pages\/1367\/revisions\/1875"}],"wp:attachment":[{"href":"https:\/\/schmittmann-kolleg.de\/wordpress\/wp-json\/wp\/v2\/media?parent=1367"}],"curies":[{"name":"wp","href":"https:\/\/api.w.org\/{rel}","templated":true}]}}