{"id":127,"date":"2016-01-29T14:14:33","date_gmt":"2016-01-29T13:14:33","guid":{"rendered":"http:\/\/schmittmann-kolleg.de\/wordpress\/?page_id=127"},"modified":"2023-08-29T12:17:46","modified_gmt":"2023-08-29T10:17:46","slug":"wir","status":"publish","type":"page","link":"https:\/\/schmittmann-kolleg.de\/wordpress\/wir\/","title":{"rendered":"Wir, die Schmitties"},"content":{"rendered":"<div id='full_slider_1'  class='avia-fullwidth-slider main_color avia-shadow   avia-builder-el-0  el_before_av_one_full  avia-builder-el-first   container_wrap sidebar_right'  ><div  class='avia-slideshow av-3pfy87-89ecdcce8097d39a73139edb8bad1613 avia-slideshow-featured av_slideshow_full avia-slide-slider av-slideshow-ui av-control-default av-slideshow-manual av-loop-once av-loop-manual-endless av-default-height-applied   avia-slideshow-1' data-slideshow-options=\"{&quot;animation&quot;:&quot;slide&quot;,&quot;autoplay&quot;:false,&quot;loop_autoplay&quot;:&quot;once&quot;,&quot;interval&quot;:5,&quot;loop_manual&quot;:&quot;manual-endless&quot;,&quot;autoplay_stopper&quot;:false,&quot;noNavigation&quot;:false,&quot;bg_slider&quot;:false,&quot;keep_padding&quot;:false,&quot;hoverpause&quot;:false,&quot;show_slide_delay&quot;:0}\"  itemprop=\"image\" itemscope=\"itemscope\" itemtype=\"https:\/\/schema.org\/ImageObject\" ><ul class='avia-slideshow-inner ' style='padding-bottom: 28.6666666667%;'><li  class='avia-slideshow-slide av-3pfy87-89ecdcce8097d39a73139edb8bad1613__0  av-single-slide slide-1 slide-odd'><div data-rel='slideshow-1' class='avia-slide-wrap '   ><img decoding=\"async\" class=\"wp-image-448 avia-img-lazy-loading-not-448\"  src=\"https:\/\/schmittmann-kolleg.de\/wordpress\/wp-content\/uploads\/2016\/05\/haus3-1500x430.jpg\" width=\"1500\" height=\"430\" title='haus3' alt=''  itemprop=\"thumbnailUrl\"   \/><\/div><\/li><\/ul><\/div><\/div><div id='after_full_slider_1'  class='main_color av_default_container_wrap container_wrap sidebar_right'  ><div class='container av-section-cont-open' ><div class='template-page content  av-content-small alpha units'><div class='post-entry post-entry-type-page post-entry-127'><div class='entry-content-wrapper clearfix'>\n\n<style type=\"text\/css\" data-created_by=\"avia_inline_auto\" id=\"style-css-av-3gv9kn-0d5c73649fe0518c95c977986fe46777\">\n.flex_column.av-3gv9kn-0d5c73649fe0518c95c977986fe46777{\n-webkit-border-radius:0px 0px 0px 0px;\n-moz-border-radius:0px 0px 0px 0px;\nborder-radius:0px 0px 0px 0px;\npadding:0px 0px 0px 0px;\n}\n<\/style>\n<div class='flex_column av-3gv9kn-0d5c73649fe0518c95c977986fe46777 av_one_full  avia-builder-el-1  el_after_av_slideshow_full  el_before_av_one_third  avia-builder-el-first  first flex_column_div av-zero-column-padding '     ><style type=\"text\/css\" data-created_by=\"avia_inline_auto\" id=\"style-css-av-bhmj3-f277343a7141527d84f6271e135d9c7e\">\n#top .av-special-heading.av-bhmj3-f277343a7141527d84f6271e135d9c7e{\npadding-bottom:10px;\n}\nbody .av-special-heading.av-bhmj3-f277343a7141527d84f6271e135d9c7e .av-special-heading-tag .heading-char{\nfont-size:25px;\n}\n.av-special-heading.av-bhmj3-f277343a7141527d84f6271e135d9c7e .av-subheading{\nfont-size:15px;\n}\n<\/style>\n<div  class='av-special-heading av-bhmj3-f277343a7141527d84f6271e135d9c7e av-special-heading-h1  avia-builder-el-2  avia-builder-el-no-sibling '><h1 class='av-special-heading-tag'  itemprop=\"headline\"  >Wir, die Schmitties<\/h1><div class=\"special-heading-border\"><div class=\"special-heading-inner-border\"><\/div><\/div><\/div><\/div>\n\n<style type=\"text\/css\" data-created_by=\"avia_inline_auto\" id=\"style-css-av-32no4v-f8d0ec22765e4f374e0fafe7ed851d2b\">\n.flex_column.av-32no4v-f8d0ec22765e4f374e0fafe7ed851d2b{\n-webkit-border-radius:0px 0px 0px 0px;\n-moz-border-radius:0px 0px 0px 0px;\nborder-radius:0px 0px 0px 0px;\npadding:0px 0px 0px 0px;\n}\n<\/style>\n<div class='flex_column av-32no4v-f8d0ec22765e4f374e0fafe7ed851d2b av_one_third  avia-builder-el-3  el_after_av_one_full  el_before_av_one_fourth  first flex_column_div av-zero-column-padding column-top-margin'     ><section  class='av_textblock_section av-2xug0v-4f6c666935e65b28c1723343047fde56'  itemscope=\"itemscope\" itemtype=\"https:\/\/schema.org\/CreativeWork\" ><div class='avia_textblock'  itemprop=\"text\" ><h2 style=\"text-align: justify;\">Wir<\/h2>\n<p style=\"text-align: justify;\">24 unterschiedliche Studierende unter einem Dach. Gemeinsamkeiten haben wir trotzdem einige. Besonders Engagement, Weltoffenheit und Verantwortung zu \u00fcbernehmen, sind bei uns im Haus besonders wichtig \u2013\u00a0ohne \u00a0w\u00fcrde unser Zusammenleben nicht funktionieren. Aber auch unsere Unterschiede halten uns zusammen. Im Dialog\u00a0lernen wir voneinander, lassen uns inspirieren und \u00f6ffnen uns neuen Perspektiven.\u00a0Wir sind im \u00dcbrigen keine Verbindung und auch nicht ideologisch gebunden. Benedikt Schmittmann war gl\u00e4ubiger Katholik, aber wer bei uns wohnen kann, h\u00e4ngt nicht von der Konfession\u00a0ab. Wichtig sind dein Interesse an den Mitbewohner*innen und der Wunsch, dich im Haus zu engagieren.<\/p>\n<\/div><\/section><br \/>\n<section  class='av_textblock_section av-2o9a3j-b783df9bfe17f5c93cf23e133db57057'  itemscope=\"itemscope\" itemtype=\"https:\/\/schema.org\/CreativeWork\" ><div class='avia_textblock'  itemprop=\"text\" ><h2 style=\"text-align: justify;\">Alltag<\/h2>\n<p style=\"text-align: justify;\">Das Schmittie ist keine Zweck-WG. Wir verbringen gerne und viel Zeit miteinander, auch neben dem Semesterprogramm. Ob der Tatort am Sonntag, Spieleabend im TV-Raum, Grillen im Garten,\u00a0Kneipentour in der S\u00fcdstadt, Katerfr\u00fchst\u00fcck im Essraum oder Sonnen im Park &#8211; man findet immer jemanden und im besten Fall einige, die neben Zeit vor allem auch Lust haben, etwas zu unternehmen. Neben all diesen spontanen M\u00f6glichkeiten, seine Freizeit zu gestalten, gibt es au\u00dferhalb des Semesterprogrammes auch ein paar andere Veranstaltungen, wie unsere sch\u00f6ne Weihnachtsfeier oder das Salat- und Kuchen-Essen mit Frau und Herrn Hiertz. Auch an Feiertagen wie Karneval und Silvester ist immer einiges im Haus los.<\/p>\n<\/div><\/section><br \/>\n<section  class='av_textblock_section av-2j8gu7-7e123e482f8d234a8a420e39678b2edb'  itemscope=\"itemscope\" itemtype=\"https:\/\/schema.org\/CreativeWork\" ><div class='avia_textblock'  itemprop=\"text\" ><h2 style=\"text-align: justify;\">Facebook<\/h2>\n<p style=\"text-align: justify;\">\n<p style=\"text-align: justify;\">\n<p>Was im Schmittie aktuell so los ist,\u00a0kannst du nicht nur in unserem <a href=\"https:\/\/schmittmann-kolleg.de\/wordpress\/blog\/\">Blog<\/a>, sondern vor allem\u00a0auf unserer <a href=\"https:\/\/www.facebook.com\/Schmittmann-Kolleg-178337832223050\/\">Facebook-Seite<\/a> erfahren. Wir freuen uns auf deinen Daumen!<\/p>\n<\/div><\/section><br \/>\n<div  class='avia-builder-widget-area clearfix  avia-builder-el-7  el_after_av_textblock  avia-builder-el-last '><section id=\"avia_fb_likebox-2\" class=\"widget clearfix avia-widget-container avia_fb_likebox avia_no_block_preview\"><div class=\"avia-preview-headline\">Enfold Facebook Likebox<\/div><div class=\"avia-preview-info\">Titel: <\/div><div class=\"avia-preview-info\">URL: https:\/\/www.facebook.com\/Schmittmann-Kolleg-178337832223050\/?fref=ts<\/div><div class=\"avia-preview-in-front\">Content is only rendered in frontend.<\/div><span class=\"seperator extralight-border\"><\/span><\/section><\/div><\/p><\/div>\n<style type=\"text\/css\" data-created_by=\"avia_inline_auto\" id=\"style-css-av-2abac7-4c3c4f5f2444408e9fed35efba01be32\">\n.flex_column.av-2abac7-4c3c4f5f2444408e9fed35efba01be32{\n-webkit-border-radius:0px 0px 0px 0px;\n-moz-border-radius:0px 0px 0px 0px;\nborder-radius:0px 0px 0px 0px;\npadding:0px 0px 0px 0px;\n}\n<\/style>\n<div class='flex_column av-2abac7-4c3c4f5f2444408e9fed35efba01be32 av_one_fourth  avia-builder-el-8  el_after_av_one_third  el_before_av_two_fifth  flex_column_div av-zero-column-padding column-top-margin'     ><section  class='av_textblock_section av-208afr-260da394c2346282044f91736b77ca2e'  itemscope=\"itemscope\" itemtype=\"https:\/\/schema.org\/CreativeWork\" ><div class='avia_textblock'  itemprop=\"text\" ><h2>Semesterprogramm<\/h2>\n<p style=\"text-align: justify;\">Jedes Semester darf man sich darauf freuen, \u00fcber ein bestimmtes Thema mehr zu erfahren: Soziale Ungleichheit, Fu\u00dfball, Frauen im Islam, Chemie im Alltag, Globalisierung, um nur ein paar Themen zu nennen. Es kommen interessante Referent*innen f\u00fcr Vortr\u00e4ge zu uns ins Haus und wir unternehmen Exkursionen zusammen. Eine Semesterfahrt gibt es auch, die uns je nach Thema in eine andere europ\u00e4ische Stadt f\u00fchrt, wie beispielsweise Rom, Paris oder Berlin. Die Haussprecher*innen gestalten das Programm jedes Semester aufs Neue. Das Semesterprogramm sorgt f\u00fcr ein gutes, gemeinschaftliches Klima im Haus und vor allem bietet es die M\u00f6glichkeit, \u00fcber den eigenen Tellerrand hinaus zu schauen. Auch Au\u00dfenstehende k\u00f6nnen zu den Vortr\u00e4gen vorbeikommen. Das aktuelle und auch die ehemaligen Semesterprogramme findest du <a href=\"https:\/\/schmittmann-kolleg.de\/wordpress\/semesterprogramm\/\">hier<\/a>.<\/p>\n<\/div><\/section><br \/>\n<section  class='av_textblock_section av-1ur92n-54b687d00a05cc3b02584e7cfbd94b3e'  itemscope=\"itemscope\" itemtype=\"https:\/\/schema.org\/CreativeWork\" ><div class='avia_textblock'  itemprop=\"text\" ><h2>Selbstverwaltung<\/h2>\n<p style=\"text-align: justify;\">Das gemeinsame Leben mit 24 unterschiedlichen Menschen will organisiert sein. Deswegen \u00fcbernimmt jeder von uns eine Aufgabe f\u00fcr ein Semester (K\u00fcchendienst einteilen, Catering f\u00fcr Hausveranstaltungen, Serverwartung usw.). Jedes Semester wird gewechselt. Mehr dazu erf\u00e4hrst du <a href=\"https:\/\/schmittmann-kolleg.de\/wordpress\/selbstverwaltung\/\">hier<\/a>!<br \/>\nWer bei uns einziehen m\u00f6chte, sollte bereit sein, irgendwann w\u00e4hrend seines Studiums entweder Heimleiter*in oder Haussprecher*in zu werden. Hausprecher*innen gestalten das Semesterprogramm, k\u00fcmmern sich um die Hausgemeinschaft und \u00fcbernehmen repr\u00e4sentative Aufgaben. Heimleiter*innen k\u00fcmmern sich um die Buchhaltung, die\u00a0Mietvertr\u00e4ge und organisatorische Abl\u00e4ufe wie beispielsweise die Zimmerbelegung.<\/p>\n<\/div><\/section><\/p><\/div>\n<style type=\"text\/css\" data-created_by=\"avia_inline_auto\" id=\"style-css-av-1oo13j-8593be8ef516a33dcc48f83aeb12c629\">\n.flex_column.av-1oo13j-8593be8ef516a33dcc48f83aeb12c629{\n-webkit-border-radius:0px 0px 0px 0px;\n-moz-border-radius:0px 0px 0px 0px;\nborder-radius:0px 0px 0px 0px;\npadding:0px 0px 0px 0px;\n}\n<\/style>\n<div class='flex_column av-1oo13j-8593be8ef516a33dcc48f83aeb12c629 av_two_fifth  avia-builder-el-11  el_after_av_one_fourth  avia-builder-el-last  flex_column_div av-zero-column-padding column-top-margin'     ><div  class='avia-slideshow av-1myg9z-13eb4b20d081a91ce4d6d02a15e4ae6e avia-slideshow-no scaling av_slideshow avia-slide-slider  avia-builder-el-12  avia-builder-el-no-sibling  av-slideshow-ui av-slideshow-manual av-loop-once av-loop-manual-endless av-default-height-applied avia-slideshow-2' data-slideshow-options=\"{&quot;animation&quot;:&quot;slide&quot;,&quot;autoplay&quot;:false,&quot;loop_autoplay&quot;:&quot;once&quot;,&quot;interval&quot;:5,&quot;loop_manual&quot;:&quot;manual-endless&quot;,&quot;autoplay_stopper&quot;:false,&quot;noNavigation&quot;:false,&quot;bg_slider&quot;:false,&quot;keep_padding&quot;:false,&quot;hoverpause&quot;:false,&quot;show_slide_delay&quot;:0}\"  itemprop=\"image\" itemscope=\"itemscope\" itemtype=\"https:\/\/schema.org\/ImageObject\" ><ul class='avia-slideshow-inner ' style='padding-bottom: 41.9884169884%;'><li  class='avia-slideshow-slide av-1myg9z-13eb4b20d081a91ce4d6d02a15e4ae6e__0  slide-1 slide-odd'><div data-rel='slideshow-2' class='avia-slide-wrap '   ><img decoding=\"async\" class=\"wp-image-1128 avia-img-lazy-loading-not-1128\"  src=\"https:\/\/schmittmann-kolleg.de\/wordpress\/wp-content\/uploads\/2020\/02\/IMG_8210-e1581170097583.jpg\" width=\"2072\" height=\"870\" title='Berlin 2019' alt=''  itemprop=\"thumbnailUrl\" srcset=\"https:\/\/schmittmann-kolleg.de\/wordpress\/wp-content\/uploads\/2020\/02\/IMG_8210-e1581170097583.jpg 2072w, https:\/\/schmittmann-kolleg.de\/wordpress\/wp-content\/uploads\/2020\/02\/IMG_8210-e1581170097583-300x126.jpg 300w, https:\/\/schmittmann-kolleg.de\/wordpress\/wp-content\/uploads\/2020\/02\/IMG_8210-e1581170097583-768x322.jpg 768w, https:\/\/schmittmann-kolleg.de\/wordpress\/wp-content\/uploads\/2020\/02\/IMG_8210-e1581170097583-1030x432.jpg 1030w, https:\/\/schmittmann-kolleg.de\/wordpress\/wp-content\/uploads\/2020\/02\/IMG_8210-e1581170097583-1500x630.jpg 1500w, https:\/\/schmittmann-kolleg.de\/wordpress\/wp-content\/uploads\/2020\/02\/IMG_8210-e1581170097583-705x296.jpg 705w, https:\/\/schmittmann-kolleg.de\/wordpress\/wp-content\/uploads\/2020\/02\/IMG_8210-e1581170097583-450x189.jpg 450w\" sizes=\"(max-width: 2072px) 100vw, 2072px\" \/><\/div><\/li><li  class='avia-slideshow-slide av-1myg9z-13eb4b20d081a91ce4d6d02a15e4ae6e__1  slide-2 slide-even'><div data-rel='slideshow-2' class='avia-slide-wrap '   ><img decoding=\"async\" class=\"wp-image-1138 avia-img-lazy-loading-not-1138\"  src=\"https:\/\/schmittmann-kolleg.de\/wordpress\/wp-content\/uploads\/2020\/02\/IMG_8163.jpg\" width=\"2592\" height=\"1728\" title='IMG_8163' alt=''  itemprop=\"thumbnailUrl\" srcset=\"https:\/\/schmittmann-kolleg.de\/wordpress\/wp-content\/uploads\/2020\/02\/IMG_8163.jpg 2592w, https:\/\/schmittmann-kolleg.de\/wordpress\/wp-content\/uploads\/2020\/02\/IMG_8163-300x200.jpg 300w, https:\/\/schmittmann-kolleg.de\/wordpress\/wp-content\/uploads\/2020\/02\/IMG_8163-768x512.jpg 768w, https:\/\/schmittmann-kolleg.de\/wordpress\/wp-content\/uploads\/2020\/02\/IMG_8163-1030x687.jpg 1030w, https:\/\/schmittmann-kolleg.de\/wordpress\/wp-content\/uploads\/2020\/02\/IMG_8163-1500x1000.jpg 1500w, https:\/\/schmittmann-kolleg.de\/wordpress\/wp-content\/uploads\/2020\/02\/IMG_8163-705x470.jpg 705w, https:\/\/schmittmann-kolleg.de\/wordpress\/wp-content\/uploads\/2020\/02\/IMG_8163-450x300.jpg 450w\" sizes=\"(max-width: 2592px) 100vw, 2592px\" \/><\/div><\/li><li  class='avia-slideshow-slide av-1myg9z-13eb4b20d081a91ce4d6d02a15e4ae6e__2  slide-3 slide-odd'><div data-rel='slideshow-2' class='avia-slide-wrap '   ><img decoding=\"async\" class=\"wp-image-1061 avia-img-lazy-loading-not-1061\"  src=\"https:\/\/schmittmann-kolleg.de\/wordpress\/wp-content\/uploads\/2019\/06\/2019-06-20-13.42.29.jpg\" width=\"2040\" height=\"2719\" title='Auf dem Weg nach Riga' alt=''  itemprop=\"thumbnailUrl\" srcset=\"https:\/\/schmittmann-kolleg.de\/wordpress\/wp-content\/uploads\/2019\/06\/2019-06-20-13.42.29.jpg 2040w, https:\/\/schmittmann-kolleg.de\/wordpress\/wp-content\/uploads\/2019\/06\/2019-06-20-13.42.29-225x300.jpg 225w, https:\/\/schmittmann-kolleg.de\/wordpress\/wp-content\/uploads\/2019\/06\/2019-06-20-13.42.29-768x1024.jpg 768w, https:\/\/schmittmann-kolleg.de\/wordpress\/wp-content\/uploads\/2019\/06\/2019-06-20-13.42.29-773x1030.jpg 773w, https:\/\/schmittmann-kolleg.de\/wordpress\/wp-content\/uploads\/2019\/06\/2019-06-20-13.42.29-1125x1500.jpg 1125w, https:\/\/schmittmann-kolleg.de\/wordpress\/wp-content\/uploads\/2019\/06\/2019-06-20-13.42.29-529x705.jpg 529w, https:\/\/schmittmann-kolleg.de\/wordpress\/wp-content\/uploads\/2019\/06\/2019-06-20-13.42.29-450x600.jpg 450w\" sizes=\"(max-width: 2040px) 100vw, 2040px\" \/><\/div><\/li><li  class='avia-slideshow-slide av-1myg9z-13eb4b20d081a91ce4d6d02a15e4ae6e__3  slide-4 slide-even'><div data-rel='slideshow-2' class='avia-slide-wrap '   ><img decoding=\"async\" class=\"wp-image-1063 avia-img-lazy-loading-not-1063\"  src=\"https:\/\/schmittmann-kolleg.de\/wordpress\/wp-content\/uploads\/2019\/06\/19-06-13-18-24-07-7910-e1561033888643.jpg\" width=\"2147\" height=\"947\" title='Schmittiefahrt nach Riga 2019' alt=''  itemprop=\"thumbnailUrl\" srcset=\"https:\/\/schmittmann-kolleg.de\/wordpress\/wp-content\/uploads\/2019\/06\/19-06-13-18-24-07-7910-e1561033888643.jpg 2147w, https:\/\/schmittmann-kolleg.de\/wordpress\/wp-content\/uploads\/2019\/06\/19-06-13-18-24-07-7910-e1561033888643-300x132.jpg 300w, https:\/\/schmittmann-kolleg.de\/wordpress\/wp-content\/uploads\/2019\/06\/19-06-13-18-24-07-7910-e1561033888643-768x339.jpg 768w, https:\/\/schmittmann-kolleg.de\/wordpress\/wp-content\/uploads\/2019\/06\/19-06-13-18-24-07-7910-e1561033888643-1030x454.jpg 1030w, https:\/\/schmittmann-kolleg.de\/wordpress\/wp-content\/uploads\/2019\/06\/19-06-13-18-24-07-7910-e1561033888643-1500x662.jpg 1500w, https:\/\/schmittmann-kolleg.de\/wordpress\/wp-content\/uploads\/2019\/06\/19-06-13-18-24-07-7910-e1561033888643-705x311.jpg 705w, https:\/\/schmittmann-kolleg.de\/wordpress\/wp-content\/uploads\/2019\/06\/19-06-13-18-24-07-7910-e1561033888643-450x198.jpg 450w\" sizes=\"(max-width: 2147px) 100vw, 2147px\" \/><\/div><\/li><li  class='avia-slideshow-slide av-1myg9z-13eb4b20d081a91ce4d6d02a15e4ae6e__4  slide-5 slide-odd'><div data-rel='slideshow-2' class='avia-slide-wrap '   ><img decoding=\"async\" class=\"wp-image-967 avia-img-lazy-loading-not-967\"  src=\"https:\/\/schmittmann-kolleg.de\/wordpress\/wp-content\/uploads\/2018\/12\/IMG_7289.jpg\" width=\"2736\" height=\"1824\" title='IMG_7289' alt=''  itemprop=\"thumbnailUrl\" srcset=\"https:\/\/schmittmann-kolleg.de\/wordpress\/wp-content\/uploads\/2018\/12\/IMG_7289.jpg 2736w, https:\/\/schmittmann-kolleg.de\/wordpress\/wp-content\/uploads\/2018\/12\/IMG_7289-300x200.jpg 300w, https:\/\/schmittmann-kolleg.de\/wordpress\/wp-content\/uploads\/2018\/12\/IMG_7289-768x512.jpg 768w, https:\/\/schmittmann-kolleg.de\/wordpress\/wp-content\/uploads\/2018\/12\/IMG_7289-1030x687.jpg 1030w, https:\/\/schmittmann-kolleg.de\/wordpress\/wp-content\/uploads\/2018\/12\/IMG_7289-1500x1000.jpg 1500w, https:\/\/schmittmann-kolleg.de\/wordpress\/wp-content\/uploads\/2018\/12\/IMG_7289-705x470.jpg 705w, https:\/\/schmittmann-kolleg.de\/wordpress\/wp-content\/uploads\/2018\/12\/IMG_7289-450x300.jpg 450w\" sizes=\"(max-width: 2736px) 100vw, 2736px\" \/><\/div><\/li><li  class='avia-slideshow-slide av-1myg9z-13eb4b20d081a91ce4d6d02a15e4ae6e__5  slide-6 slide-even'><div data-rel='slideshow-2' class='avia-slide-wrap '   ><img decoding=\"async\" class=\"wp-image-866 avia-img-lazy-loading-not-866\"  src=\"https:\/\/schmittmann-kolleg.de\/wordpress\/wp-content\/uploads\/2017\/12\/WhatsApp-Image-2017-12-21-at-21.53.19-3.jpeg\" width=\"1280\" height=\"853\" title='WhatsApp Image 2017-12-21 at 21.53.19 (3)' alt=''  itemprop=\"thumbnailUrl\" srcset=\"https:\/\/schmittmann-kolleg.de\/wordpress\/wp-content\/uploads\/2017\/12\/WhatsApp-Image-2017-12-21-at-21.53.19-3.jpeg 1280w, https:\/\/schmittmann-kolleg.de\/wordpress\/wp-content\/uploads\/2017\/12\/WhatsApp-Image-2017-12-21-at-21.53.19-3-300x200.jpeg 300w, https:\/\/schmittmann-kolleg.de\/wordpress\/wp-content\/uploads\/2017\/12\/WhatsApp-Image-2017-12-21-at-21.53.19-3-768x512.jpeg 768w, https:\/\/schmittmann-kolleg.de\/wordpress\/wp-content\/uploads\/2017\/12\/WhatsApp-Image-2017-12-21-at-21.53.19-3-1030x686.jpeg 1030w, https:\/\/schmittmann-kolleg.de\/wordpress\/wp-content\/uploads\/2017\/12\/WhatsApp-Image-2017-12-21-at-21.53.19-3-705x470.jpeg 705w, https:\/\/schmittmann-kolleg.de\/wordpress\/wp-content\/uploads\/2017\/12\/WhatsApp-Image-2017-12-21-at-21.53.19-3-450x300.jpeg 450w\" sizes=\"(max-width: 1280px) 100vw, 1280px\" \/><\/div><\/li><li  class='avia-slideshow-slide av-1myg9z-13eb4b20d081a91ce4d6d02a15e4ae6e__6  slide-7 slide-odd'><div data-rel='slideshow-2' class='avia-slide-wrap '   ><img decoding=\"async\" class=\"wp-image-1162 avia-img-lazy-loading-not-1162\"  src=\"https:\/\/schmittmann-kolleg.de\/wordpress\/wp-content\/uploads\/2020\/04\/8427a53b-a057-464b-87f6-c6858b36eb7b.jpeg\" width=\"1600\" height=\"900\" title='Gr\u00fcnstreifen' alt=''  itemprop=\"thumbnailUrl\" srcset=\"https:\/\/schmittmann-kolleg.de\/wordpress\/wp-content\/uploads\/2020\/04\/8427a53b-a057-464b-87f6-c6858b36eb7b.jpeg 1600w, https:\/\/schmittmann-kolleg.de\/wordpress\/wp-content\/uploads\/2020\/04\/8427a53b-a057-464b-87f6-c6858b36eb7b-300x169.jpeg 300w, https:\/\/schmittmann-kolleg.de\/wordpress\/wp-content\/uploads\/2020\/04\/8427a53b-a057-464b-87f6-c6858b36eb7b-768x432.jpeg 768w, https:\/\/schmittmann-kolleg.de\/wordpress\/wp-content\/uploads\/2020\/04\/8427a53b-a057-464b-87f6-c6858b36eb7b-1030x579.jpeg 1030w, https:\/\/schmittmann-kolleg.de\/wordpress\/wp-content\/uploads\/2020\/04\/8427a53b-a057-464b-87f6-c6858b36eb7b-1500x844.jpeg 1500w, https:\/\/schmittmann-kolleg.de\/wordpress\/wp-content\/uploads\/2020\/04\/8427a53b-a057-464b-87f6-c6858b36eb7b-705x397.jpeg 705w, https:\/\/schmittmann-kolleg.de\/wordpress\/wp-content\/uploads\/2020\/04\/8427a53b-a057-464b-87f6-c6858b36eb7b-450x253.jpeg 450w\" sizes=\"(max-width: 1600px) 100vw, 1600px\" \/><\/div><\/li><li  class='avia-slideshow-slide av-1myg9z-13eb4b20d081a91ce4d6d02a15e4ae6e__7  slide-8 slide-even'><div data-rel='slideshow-2' class='avia-slide-wrap '   ><img decoding=\"async\" class=\"wp-image-1161 avia-img-lazy-loading-not-1161\"  src=\"https:\/\/schmittmann-kolleg.de\/wordpress\/wp-content\/uploads\/2020\/04\/d664fc6d-6045-493c-8e18-87c173136ff3.jpg\" width=\"1600\" height=\"1200\" title='d664fc6d-6045-493c-8e18-87c173136ff3' alt=''  itemprop=\"thumbnailUrl\" srcset=\"https:\/\/schmittmann-kolleg.de\/wordpress\/wp-content\/uploads\/2020\/04\/d664fc6d-6045-493c-8e18-87c173136ff3.jpg 1600w, https:\/\/schmittmann-kolleg.de\/wordpress\/wp-content\/uploads\/2020\/04\/d664fc6d-6045-493c-8e18-87c173136ff3-300x225.jpg 300w, https:\/\/schmittmann-kolleg.de\/wordpress\/wp-content\/uploads\/2020\/04\/d664fc6d-6045-493c-8e18-87c173136ff3-768x576.jpg 768w, https:\/\/schmittmann-kolleg.de\/wordpress\/wp-content\/uploads\/2020\/04\/d664fc6d-6045-493c-8e18-87c173136ff3-1030x773.jpg 1030w, https:\/\/schmittmann-kolleg.de\/wordpress\/wp-content\/uploads\/2020\/04\/d664fc6d-6045-493c-8e18-87c173136ff3-1500x1125.jpg 1500w, https:\/\/schmittmann-kolleg.de\/wordpress\/wp-content\/uploads\/2020\/04\/d664fc6d-6045-493c-8e18-87c173136ff3-705x529.jpg 705w, https:\/\/schmittmann-kolleg.de\/wordpress\/wp-content\/uploads\/2020\/04\/d664fc6d-6045-493c-8e18-87c173136ff3-450x338.jpg 450w\" sizes=\"(max-width: 1600px) 100vw, 1600px\" \/><\/div><\/li><\/ul><div class='avia-slideshow-arrows avia-slideshow-controls' ><a href='#prev' class='prev-slide ' aria-hidden='true' data-av_icon='\ue87c' data-av_iconfont='entypo-fontello'  tabindex='-1'>Zur\u00fcck<\/a><a href='#next' class='next-slide ' aria-hidden='true' data-av_icon='\ue87d' data-av_iconfont='entypo-fontello'  tabindex='-1'>Weiter<\/a><\/div><div class='avia-slideshow-dots avia-slideshow-controls'><a href='#1' class='goto-slide active' >1<\/a><a href='#2' class='goto-slide ' >2<\/a><a href='#3' class='goto-slide ' >3<\/a><a href='#4' class='goto-slide ' >4<\/a><a href='#5' class='goto-slide ' >5<\/a><a href='#6' class='goto-slide ' >6<\/a><a href='#7' class='goto-slide ' >7<\/a><a href='#8' class='goto-slide ' >8<\/a><\/div><\/div><\/div><\/p>\n","protected":false},"excerpt":{"rendered":"","protected":false},"author":1,"featured_media":0,"parent":0,"menu_order":0,"comment_status":"closed","ping_status":"closed","template":"","meta":{"footnotes":""},"class_list":["post-127","page","type-page","status-publish","hentry"],"_links":{"self":[{"href":"https:\/\/schmittmann-kolleg.de\/wordpress\/wp-json\/wp\/v2\/pages\/127","targetHints":{"allow":["GET"]}}],"collection":[{"href":"https:\/\/schmittmann-kolleg.de\/wordpress\/wp-json\/wp\/v2\/pages"}],"about":[{"href":"https:\/\/schmittmann-kolleg.de\/wordpress\/wp-json\/wp\/v2\/types\/page"}],"author":[{"embeddable":true,"href":"https:\/\/schmittmann-kolleg.de\/wordpress\/wp-json\/wp\/v2\/users\/1"}],"replies":[{"embeddable":true,"href":"https:\/\/schmittmann-kolleg.de\/wordpress\/wp-json\/wp\/v2\/comments?post=127"}],"version-history":[{"count":12,"href":"https:\/\/schmittmann-kolleg.de\/wordpress\/wp-json\/wp\/v2\/pages\/127\/revisions"}],"predecessor-version":[{"id":307,"href":"https:\/\/schmittmann-kolleg.de\/wordpress\/wp-json\/wp\/v2\/pages\/127\/revisions\/307"}],"wp:attachment":[{"href":"https:\/\/schmittmann-kolleg.de\/wordpress\/wp-json\/wp\/v2\/media?parent=127"}],"curies":[{"name":"wp","href":"https:\/\/api.w.org\/{rel}","templated":true}]}}