{"id":125,"date":"2016-01-29T14:14:10","date_gmt":"2016-01-29T13:14:10","guid":{"rendered":"http:\/\/schmittmann-kolleg.de\/wordpress\/?page_id=125"},"modified":"2024-05-06T12:21:27","modified_gmt":"2024-05-06T10:21:27","slug":"verein-und-stiftung","status":"publish","type":"page","link":"https:\/\/schmittmann-kolleg.de\/wordpress\/verein-und-stiftung\/","title":{"rendered":"Verein und Stiftung"},"content":{"rendered":"\n<style type=\"text\/css\" data-created_by=\"avia_inline_auto\" id=\"style-css-av-22jtdp-6fae3f3dd2a47c15734d2b868e385e1d\">\n.flex_column.av-22jtdp-6fae3f3dd2a47c15734d2b868e385e1d{\n-webkit-border-radius:0px 0px 0px 0px;\n-moz-border-radius:0px 0px 0px 0px;\nborder-radius:0px 0px 0px 0px;\npadding:0px 0px 0px 0px;\n}\n<\/style>\n<div class='flex_column av-22jtdp-6fae3f3dd2a47c15734d2b868e385e1d av_one_half  avia-builder-el-0  el_before_av_one_half  avia-builder-el-first  first flex_column_div av-zero-column-padding '     ><style type=\"text\/css\" data-created_by=\"avia_inline_auto\" id=\"style-css-av-1wm4h9-56671d39603cea4676be468da24a9e6b\">\n.avia-image-container.av-1wm4h9-56671d39603cea4676be468da24a9e6b img.avia_image{\nbox-shadow:none;\n}\n.avia-image-container.av-1wm4h9-56671d39603cea4676be468da24a9e6b .av-image-caption-overlay-center{\ncolor:#ffffff;\n}\n<\/style>\n<div  class='avia-image-container av-1wm4h9-56671d39603cea4676be468da24a9e6b av-styling- avia-align-center  avia-builder-el-1  avia-builder-el-no-sibling '   itemprop=\"image\" itemscope=\"itemscope\" itemtype=\"https:\/\/schema.org\/ImageObject\" ><div class=\"avia-image-container-inner\"><div class=\"avia-image-overlay-wrap\"><img decoding=\"async\" class='wp-image-504 avia-img-lazy-loading-not-504 avia_image ' src=\"https:\/\/schmittmann-kolleg.de\/wordpress\/wp-content\/uploads\/2016\/06\/haus-01-300x200.jpg\" alt='' title='haus-01'  height=\"200\" width=\"300\"  itemprop=\"thumbnailUrl\" srcset=\"https:\/\/schmittmann-kolleg.de\/wordpress\/wp-content\/uploads\/2016\/06\/haus-01-300x200.jpg 300w, https:\/\/schmittmann-kolleg.de\/wordpress\/wp-content\/uploads\/2016\/06\/haus-01-768x512.jpg 768w, https:\/\/schmittmann-kolleg.de\/wordpress\/wp-content\/uploads\/2016\/06\/haus-01-1030x687.jpg 1030w, https:\/\/schmittmann-kolleg.de\/wordpress\/wp-content\/uploads\/2016\/06\/haus-01-705x470.jpg 705w, https:\/\/schmittmann-kolleg.de\/wordpress\/wp-content\/uploads\/2016\/06\/haus-01-450x300.jpg 450w, https:\/\/schmittmann-kolleg.de\/wordpress\/wp-content\/uploads\/2016\/06\/haus-01.jpg 1188w\" sizes=\"(max-width: 300px) 100vw, 300px\" \/><\/div><\/div><\/div><\/div>\n\n<style type=\"text\/css\" data-created_by=\"avia_inline_auto\" id=\"style-css-av-1pktnh-6a4dabd8c657b5e5d4711bee365e7f50\">\n.flex_column.av-1pktnh-6a4dabd8c657b5e5d4711bee365e7f50{\n-webkit-border-radius:0px 0px 0px 0px;\n-moz-border-radius:0px 0px 0px 0px;\nborder-radius:0px 0px 0px 0px;\npadding:0px 0px 0px 0px;\n}\n<\/style>\n<div class='flex_column av-1pktnh-6a4dabd8c657b5e5d4711bee365e7f50 av_one_half  avia-builder-el-2  el_after_av_one_half  el_before_av_one_half  flex_column_div av-zero-column-padding '     ><style type=\"text\/css\" data-created_by=\"avia_inline_auto\" id=\"style-css-av-1iegq5-803aae87661ea5411f152ee371f076f6\">\n.avia-image-container.av-1iegq5-803aae87661ea5411f152ee371f076f6 img.avia_image{\nbox-shadow:none;\n}\n.avia-image-container.av-1iegq5-803aae87661ea5411f152ee371f076f6 .av-image-caption-overlay-center{\ncolor:#ffffff;\n}\n<\/style>\n<div  class='avia-image-container av-1iegq5-803aae87661ea5411f152ee371f076f6 av-styling- avia-align-center  avia-builder-el-3  avia-builder-el-no-sibling '   itemprop=\"image\" itemscope=\"itemscope\" itemtype=\"https:\/\/schema.org\/ImageObject\" ><div class=\"avia-image-container-inner\"><div class=\"avia-image-overlay-wrap\"><img decoding=\"async\" class='wp-image-502 avia-img-lazy-loading-not-502 avia_image ' src=\"https:\/\/schmittmann-kolleg.de\/wordpress\/wp-content\/uploads\/2016\/06\/gruppenfoto1-01-300x200.jpg\" alt='' title='gruppenfoto1-01'  height=\"200\" width=\"300\"  itemprop=\"thumbnailUrl\" srcset=\"https:\/\/schmittmann-kolleg.de\/wordpress\/wp-content\/uploads\/2016\/06\/gruppenfoto1-01-300x200.jpg 300w, https:\/\/schmittmann-kolleg.de\/wordpress\/wp-content\/uploads\/2016\/06\/gruppenfoto1-01-768x512.jpg 768w, https:\/\/schmittmann-kolleg.de\/wordpress\/wp-content\/uploads\/2016\/06\/gruppenfoto1-01-1030x687.jpg 1030w, https:\/\/schmittmann-kolleg.de\/wordpress\/wp-content\/uploads\/2016\/06\/gruppenfoto1-01-705x470.jpg 705w, https:\/\/schmittmann-kolleg.de\/wordpress\/wp-content\/uploads\/2016\/06\/gruppenfoto1-01-450x300.jpg 450w, https:\/\/schmittmann-kolleg.de\/wordpress\/wp-content\/uploads\/2016\/06\/gruppenfoto1-01.jpg 1188w\" sizes=\"(max-width: 300px) 100vw, 300px\" \/><\/div><\/div><\/div><\/div>\n\n<style type=\"text\/css\" data-created_by=\"avia_inline_auto\" id=\"style-css-av-1gz69x-23ba7735a58bbc5f7f4b07c8c0832dc6\">\n.flex_column.av-1gz69x-23ba7735a58bbc5f7f4b07c8c0832dc6{\n-webkit-border-radius:0px 0px 0px 0px;\n-moz-border-radius:0px 0px 0px 0px;\nborder-radius:0px 0px 0px 0px;\npadding:0px 0px 0px 0px;\n}\n<\/style>\n<div class='flex_column av-1gz69x-23ba7735a58bbc5f7f4b07c8c0832dc6 av_one_half  avia-builder-el-4  el_after_av_one_half  el_before_av_one_half  first flex_column_div av-zero-column-padding column-top-margin'     ><p>\n<style type=\"text\/css\" data-created_by=\"avia_inline_auto\" id=\"style-css-av-18w3vp-464919ead32501603c6149fb7bd8d0dc\">\n#top .av-special-heading.av-18w3vp-464919ead32501603c6149fb7bd8d0dc{\npadding-bottom:10px;\n}\nbody .av-special-heading.av-18w3vp-464919ead32501603c6149fb7bd8d0dc .av-special-heading-tag .heading-char{\nfont-size:25px;\n}\n.av-special-heading.av-18w3vp-464919ead32501603c6149fb7bd8d0dc .av-subheading{\nfont-size:15px;\n}\n<\/style>\n<div  class='av-special-heading av-18w3vp-464919ead32501603c6149fb7bd8d0dc av-special-heading-h3  avia-builder-el-5  el_before_av_textblock  avia-builder-el-first '><h3 class='av-special-heading-tag'  itemprop=\"headline\"  >Der Verein<\/h3><div class=\"special-heading-border\"><div class=\"special-heading-inner-border\"><\/div><\/div><\/div><br \/>\n<section  class='av_textblock_section av-136wj9-5b6cf7af83c7c185764316b2e4a04430'  itemscope=\"itemscope\" itemtype=\"https:\/\/schema.org\/CreativeWork\" ><div class='avia_textblock'  itemprop=\"text\" ><p style=\"text-align: justify;\">Helene Schmittmann gr\u00fcndete 1953 mit Hilfe von Pater L. Siemer, Stadtdechant Prof. Dr. Grosche, Staatssekret\u00e4r Dr. Lammers, Konviktsdirektor Falke und Notar Dr. Lemmens \u00a0als rechtlichen Tr\u00e4ger des Schmittmann-Kollegs den Kreuz-Kolleg Benedikt-Schmittmann-Haus e.V. Sie selbst leitete das neuer\u00f6ffnete Benedikt-Schmittmann-Haus bis zu ihrem Tod am 20.12.1970.<\/p>\n<p style=\"text-align: justify;\">Nach ihrem Tod \u00fcbernahm der Verein neben der rechtlichen und wirtschaftlichen Tr\u00e4gerschaft auch die Leitung des Hauses und damit zusammen mit der Benedikt und Helene Schmittmann-Wahlen-Stiftung auch den Auftrag, das geistige Erbe Benedikt und Helene Schmittmanns lebendig zu halten und weiterzuf\u00fchren. Heute setzt sich der Verein zum gr\u00f6\u00dften Teil aus ehemaligen Bewohnerinnen und Bewohnern des Hauses zusammen.<\/p>\n<p><strong>Kontakt:<\/strong><\/p>\n<p>Kreuz-Kolleg Benedikt-Schmittmann-Haus e.V.<br \/>\nIrina Tillmann (Vorsitzende)<br \/>\nSachsenring 26<br \/>\n50677 K\u00f6ln<br \/>\nMail:\u00a0<a href=\"mailto:vorstand@schmittmann-kolleg.de\">vorstand@schmittmann-kolleg.de<\/a><\/p>\n<\/div><\/section><\/p><\/div>\n<style type=\"text\/css\" data-created_by=\"avia_inline_auto\" id=\"style-css-av-zeit9-cd95048670edd36cc26b0fa7f1e3773a\">\n.flex_column.av-zeit9-cd95048670edd36cc26b0fa7f1e3773a{\n-webkit-border-radius:0px 0px 0px 0px;\n-moz-border-radius:0px 0px 0px 0px;\nborder-radius:0px 0px 0px 0px;\npadding:0px 0px 0px 0px;\n}\n<\/style>\n<div class='flex_column av-zeit9-cd95048670edd36cc26b0fa7f1e3773a av_one_half  avia-builder-el-7  el_after_av_one_half  avia-builder-el-last  flex_column_div av-zero-column-padding column-top-margin'     ><p>\n<style type=\"text\/css\" data-created_by=\"avia_inline_auto\" id=\"style-css-av-qwh2d-d908c930a9fc46a5d81ef290817b97c7\">\n#top .av-special-heading.av-qwh2d-d908c930a9fc46a5d81ef290817b97c7{\npadding-bottom:10px;\n}\nbody .av-special-heading.av-qwh2d-d908c930a9fc46a5d81ef290817b97c7 .av-special-heading-tag .heading-char{\nfont-size:25px;\n}\n.av-special-heading.av-qwh2d-d908c930a9fc46a5d81ef290817b97c7 .av-subheading{\nfont-size:15px;\n}\n<\/style>\n<div  class='av-special-heading av-qwh2d-d908c930a9fc46a5d81ef290817b97c7 av-special-heading-h3  avia-builder-el-8  el_before_av_textblock  avia-builder-el-first '><h3 class='av-special-heading-tag'  itemprop=\"headline\"  >Die Stiftung<\/h3><div class=\"special-heading-border\"><div class=\"special-heading-inner-border\"><\/div><\/div><\/div><br \/>\n<section  class='av_textblock_section av-j7idx-c7b7279bbbab719c7253de63c809a0cf'  itemscope=\"itemscope\" itemtype=\"https:\/\/schema.org\/CreativeWork\" ><div class='avia_textblock'  itemprop=\"text\" ><p style=\"text-align: justify;\">Im Dezember 1937 verfasste Benedikt Schmittmann ein Testament in dem er folgendes als letzten Willen bekundete: \u201eIch, Benedikt Schmittmann, setze meine Ehefrau Helene geborene Wahlen f\u00fcr den Fall, da\u00df sie mich \u00fcberlebt, zu meinem alleinigen Erben ein \u2026 In jedem der vorstehenden Erbf\u00e4lle \u2026 belaste ich die Erbschaft durch die nachstehende Errichtung einer Stiftung \u2026 Die Reineink\u00fcnfte sind ausschlie\u00dflichin gemeinn\u00fctzigem Sinne zu Studien- und Ausbildungszwecken f\u00fcr minderbemittelte Personen &#8230; zu verwenden.\u201c<\/p>\n<p style=\"text-align: justify;\">1969 wurde die \u201eBenedikt und Helene Schmittmann-Wahlen-Stiftung\u201c gegr\u00fcndet. Das Verm\u00f6gen Benedikt Schmittmanns (so auch eine H\u00e4lfte des Benedikt-Schmittmann-Hauses) ging 1969 an die Stiftung \u00fcber. Sie unterst\u00fctzt den Verein Kreuz-Kolleg Benedikt-Schmittmann-Haus finanziell, damit er seine Aufgabe, die Unterhaltung des Studentenwohnheims, wahrnehmen kann. Mehr Informationen gibt es auf der Website der Stiftung.<\/p>\n<p><strong>Kontakt:<\/strong><\/p>\n<p>Benedikt und Helene Schmittmann-Wahlen-Stiftung<br \/>\nTheo Becker (Vorstand)<br \/>\nDechant-Heimbach-Stra\u00dfe 16<br \/>\n53177 Bonn<br \/>\nMail:\u00a0<a href=\"mailto:vorstand@schmittmann-wahlen-stiftung.de\">vorstand@schmittmann-wahlen-stiftung.de<\/a><\/p>\n<\/div><\/section><br \/>\n<div  class='avia-button-wrap av-1gvn9-9e3f505686a35f6f530fed699d90f01b-wrap avia-button-center  avia-builder-el-10  el_after_av_textblock  el_before_av_hr '>\n<style type=\"text\/css\" data-created_by=\"avia_inline_auto\" id=\"style-css-av-1gvn9-9e3f505686a35f6f530fed699d90f01b\">\n#top #wrap_all .avia-button.av-1gvn9-9e3f505686a35f6f530fed699d90f01b{\nbackground-color:#edae44;\nborder-color:#edae44;\ncolor:#ffffff;\n-webkit-transition:all 0.4s ease-in-out;\n-moz-transition:all 0.4s ease-in-out;\n-ms-transition:all 0.4s ease-in-out;\n-o-transition:all 0.4s ease-in-out;\ntransition:all 0.4s ease-in-out;\n}\n<\/style>\n<a href='https:\/\/www.schmittmann-wahlen-stiftung.de\/' class='avia-button av-1gvn9-9e3f505686a35f6f530fed699d90f01b avia-icon_select-yes-left-icon avia-size-small avia-position-center' target=\"_blank\" rel=\"noopener noreferrer\"><span class='avia_button_icon avia_button_icon_left' aria-hidden='true' data-av_icon='\ue835' data-av_iconfont='entypo-fontello'><\/span><span class='avia_iconbox_title' >Website der Schmittmann-Wahlen-Stiftung<\/span><\/a><\/div><br \/>\n\n<style type=\"text\/css\" data-created_by=\"avia_inline_auto\" id=\"style-css-av-9ar0t-6eb5aa623bcabe0b6d76938eec4ee1bd\">\n#top .hr.hr-invisible.av-9ar0t-6eb5aa623bcabe0b6d76938eec4ee1bd{\nheight:290px;\n}\n<\/style>\n<div  class='hr av-9ar0t-6eb5aa623bcabe0b6d76938eec4ee1bd hr-invisible  avia-builder-el-11  el_after_av_button  avia-builder-el-last '><span class='hr-inner '><span class=\"hr-inner-style\"><\/span><\/span><\/div><\/p><\/div><\/p>\n","protected":false},"excerpt":{"rendered":"","protected":false},"author":1,"featured_media":0,"parent":0,"menu_order":0,"comment_status":"closed","ping_status":"closed","template":"","meta":{"footnotes":""},"class_list":["post-125","page","type-page","status-publish","hentry"],"_links":{"self":[{"href":"https:\/\/schmittmann-kolleg.de\/wordpress\/wp-json\/wp\/v2\/pages\/125","targetHints":{"allow":["GET"]}}],"collection":[{"href":"https:\/\/schmittmann-kolleg.de\/wordpress\/wp-json\/wp\/v2\/pages"}],"about":[{"href":"https:\/\/schmittmann-kolleg.de\/wordpress\/wp-json\/wp\/v2\/types\/page"}],"author":[{"embeddable":true,"href":"https:\/\/schmittmann-kolleg.de\/wordpress\/wp-json\/wp\/v2\/users\/1"}],"replies":[{"embeddable":true,"href":"https:\/\/schmittmann-kolleg.de\/wordpress\/wp-json\/wp\/v2\/comments?post=125"}],"version-history":[{"count":11,"href":"https:\/\/schmittmann-kolleg.de\/wordpress\/wp-json\/wp\/v2\/pages\/125\/revisions"}],"predecessor-version":[{"id":1750,"href":"https:\/\/schmittmann-kolleg.de\/wordpress\/wp-json\/wp\/v2\/pages\/125\/revisions\/1750"}],"wp:attachment":[{"href":"https:\/\/schmittmann-kolleg.de\/wordpress\/wp-json\/wp\/v2\/media?parent=125"}],"curies":[{"name":"wp","href":"https:\/\/api.w.org\/{rel}","templated":true}]}}