{"id":121,"date":"2016-01-29T14:13:18","date_gmt":"2016-01-29T13:13:18","guid":{"rendered":"http:\/\/schmittmann-kolleg.de\/wordpress\/?page_id=121"},"modified":"2020-06-04T10:04:15","modified_gmt":"2020-06-04T08:04:15","slug":"faq","status":"publish","type":"page","link":"https:\/\/schmittmann-kolleg.de\/wordpress\/faq\/","title":{"rendered":"FAQ"},"content":{"rendered":"\n<style type=\"text\/css\" data-created_by=\"avia_inline_auto\" id=\"style-css-av-av_one_full-9497bbf8bff73ea4c6992cc17fa9ec36\">\n.flex_column.av-av_one_full-9497bbf8bff73ea4c6992cc17fa9ec36{\n-webkit-border-radius:0px 0px 0px 0px;\n-moz-border-radius:0px 0px 0px 0px;\nborder-radius:0px 0px 0px 0px;\npadding:0px 0px 0px 0px;\n}\n<\/style>\n<div class='flex_column av-av_one_full-9497bbf8bff73ea4c6992cc17fa9ec36 av_one_full  avia-builder-el-0  el_before_av_one_half  avia-builder-el-first  first flex_column_div av-zero-column-padding '     ><style type=\"text\/css\" data-created_by=\"avia_inline_auto\" id=\"style-css-av-av_heading-66e8cf7f41ac62af008f66a79baef975\">\n#top .av-special-heading.av-av_heading-66e8cf7f41ac62af008f66a79baef975{\npadding-bottom:10px;\n}\nbody .av-special-heading.av-av_heading-66e8cf7f41ac62af008f66a79baef975 .av-special-heading-tag .heading-char{\nfont-size:25px;\n}\n.av-special-heading.av-av_heading-66e8cf7f41ac62af008f66a79baef975 .av-subheading{\nfont-size:15px;\n}\n<\/style>\n<div  class='av-special-heading av-av_heading-66e8cf7f41ac62af008f66a79baef975 av-special-heading-h1 blockquote modern-quote modern-centered  avia-builder-el-1  avia-builder-el-no-sibling '><h1 class='av-special-heading-tag'  itemprop=\"headline\"  >Noch Fragen offen?<\/h1><div class=\"special-heading-border\"><div class=\"special-heading-inner-border\"><\/div><\/div><\/div><\/div>\n\n<style type=\"text\/css\" data-created_by=\"avia_inline_auto\" id=\"style-css-av-av_one_half-9497bbf8bff73ea4c6992cc17fa9ec36\">\n.flex_column.av-av_one_half-9497bbf8bff73ea4c6992cc17fa9ec36{\n-webkit-border-radius:0px 0px 0px 0px;\n-moz-border-radius:0px 0px 0px 0px;\nborder-radius:0px 0px 0px 0px;\npadding:0px 0px 0px 0px;\n}\n<\/style>\n<div class='flex_column av-av_one_half-9497bbf8bff73ea4c6992cc17fa9ec36 av_one_half  avia-builder-el-2  el_after_av_one_full  el_before_av_one_half  first flex_column_div av-zero-column-padding column-top-margin'     ><p>\n<style type=\"text\/css\" data-created_by=\"avia_inline_auto\" id=\"style-css-av-av_heading-c18aa19eda8127877e7da3fe0b0af6bd\">\n#top .av-special-heading.av-av_heading-c18aa19eda8127877e7da3fe0b0af6bd{\npadding-bottom:10px;\n}\nbody .av-special-heading.av-av_heading-c18aa19eda8127877e7da3fe0b0af6bd .av-special-heading-tag .heading-char{\nfont-size:25px;\n}\n.av-special-heading.av-av_heading-c18aa19eda8127877e7da3fe0b0af6bd .av-subheading{\nfont-size:15px;\n}\n<\/style>\n<div  class='av-special-heading av-av_heading-c18aa19eda8127877e7da3fe0b0af6bd av-special-heading-h3  avia-builder-el-3  el_before_av_toggle_container  avia-builder-el-first '><h3 class='av-special-heading-tag'  itemprop=\"headline\"  >Frequently Asked Questions<\/h3><div class=\"special-heading-border\"><div class=\"special-heading-inner-border\"><\/div><\/div><\/div><br \/>\n<div  class='togglecontainer av-av_toggle_container-8e0c6e39d39b619a829887bd54fff3ed  avia-builder-el-4  el_after_av_heading  avia-builder-el-last  toggle_close_all' >\n<section class='av_toggle_section av-av_toggle-654e77d025dd2c496418e5ace5fd9a46'  itemscope=\"itemscope\" itemtype=\"https:\/\/schema.org\/CreativeWork\" ><div role=\"tablist\" class=\"single_toggle\" data-tags=\"{Alle} \"  ><p data-fake-id='#toggle-id-1' class='toggler   '  itemprop=\"headline\"  role='tab' tabindex='0' aria-controls='toggle-id-1'>Wollt Ihr meine Bewerbung als E-Mail oder per Post?<span class=\"toggle_icon\"><span class=\"vert_icon\"><\/span><span class=\"hor_icon\"><\/span><\/span><\/p><div id='toggle-id-1' class='toggle_wrap  '  ><div class='toggle_content invers-color '  itemprop=\"text\" ><p>Einfacher f\u00fcr uns alle ist deine Bewerbung per Mail.<\/p>\n<p>In einer Bewerbung f\u00fcr eine Festmiete m\u00fcssen eine pers\u00f6nliche Vorstellung <em>(entweder Anschreiben oder ausformulierter Lebenslauf oder Essay)<\/em> von bis zu zwei Seiten sowie dieses Dokument (<a href=\"https:\/\/schmittmann-kolleg.de\/wordpress\/wp-content\/uploads\/2020\/06\/Lebenslauf_Schmittie.docx\">Lebenslauf_Schmittie<\/a>\u00a0)enthalten sein. Um den Bewerbungsprozess gerechter zu machen, bitten wir euch au\u00dferdem, kein Foto mitzuschicken.<\/p>\n<p>Wichtig ist uns dabei, dass Du in Deiner Bewerbung eine Motivation zeigst, hier wohnen zu wollen, und Deine Pers\u00f6nlichkeit. Standardmails, die an mehrere Institutionen gerichtet sind, werden dem nicht gerecht.<\/p>\n<\/div><\/div><\/div><\/section>\n<section class='av_toggle_section av-av_toggle-5f4ec820d07a01d5ef234e8b39bfdde0'  itemscope=\"itemscope\" itemtype=\"https:\/\/schema.org\/CreativeWork\" ><div role=\"tablist\" class=\"single_toggle\" data-tags=\"{Alle} \"  ><p data-fake-id='#toggle-id-2' class='toggler   '  itemprop=\"headline\"  role='tab' tabindex='0' aria-controls='toggle-id-2'>Ihr scheint ja wirklich Wert darauf zu legen, keine Verbindung zu sein. Aber trotzdem klingen manche Punkte in Eurem Semesterprogramm doch etwas danach (z.B. Ehemaligentreffen, Semestergottesdienst etc.).<span class=\"toggle_icon\"><span class=\"vert_icon\"><\/span><span class=\"hor_icon\"><\/span><\/span><\/p><div id='toggle-id-2' class='toggle_wrap  '  ><div class='toggle_content invers-color '  itemprop=\"text\" ><p>Das sind\u00a0freiwillige Veranstaltungen, die eine lange Tradition im Wohnheim haben. Das Ehemaligentreffen ist eine Gelegenheit, alte Bekannte wieder zu treffen.<\/p>\n<\/div><\/div><\/div><\/section>\n<section class='av_toggle_section av-av_toggle-008f68b241702aff8862a923960e2a1f'  itemscope=\"itemscope\" itemtype=\"https:\/\/schema.org\/CreativeWork\" ><div role=\"tablist\" class=\"single_toggle\" data-tags=\"{Alle} \"  ><p data-fake-id='#toggle-id-3' class='toggler   '  itemprop=\"headline\"  role='tab' tabindex='0' aria-controls='toggle-id-3'>Wie hoch ist die Miete?<span class=\"toggle_icon\"><span class=\"vert_icon\"><\/span><span class=\"hor_icon\"><\/span><\/span><\/p><div id='toggle-id-3' class='toggle_wrap  '  ><div class='toggle_content invers-color '  itemprop=\"text\" ><p>Nat\u00fcrlich ist das kein Geheimnis und auf Anfrage k\u00f6nnt ihr die aktuellen Mietpreise erfahren. Die Kosten sind f\u00fcr K\u00f6lner Verh\u00e4ltnisse niedrig, was sich auch mit dem Grundsatz der <a href=\"https:\/\/schmittmann-kolleg.de\/wordpress\/verein-und-stiftung\/\">Stifter<\/a> deckt (die auch Menschen aus weniger gut situierten Familien das Studium erm\u00f6glichen wollten). Was wir allerdings nicht wollen, sind Bewerbungen nur aufgrund des niedrigen Mietpreises!<\/p>\n<\/div><\/div><\/div><\/section>\n<section class='av_toggle_section av-av_toggle-5323c306de6e7e1691b071223a822c41'  itemscope=\"itemscope\" itemtype=\"https:\/\/schema.org\/CreativeWork\" ><div role=\"tablist\" class=\"single_toggle\" data-tags=\"{Alle} \"  ><p data-fake-id='#toggle-id-4' class='toggler   '  itemprop=\"headline\"  role='tab' tabindex='0' aria-controls='toggle-id-4'>Habt Ihr Internet auf den Zimmer?<span class=\"toggle_icon\"><span class=\"vert_icon\"><\/span><span class=\"hor_icon\"><\/span><\/span><\/p><div id='toggle-id-4' class='toggle_wrap  '  ><div class='toggle_content invers-color '  itemprop=\"text\" ><p style=\"text-align: justify;\">Einen Internetanschluss hat jedes Zimmer, die Kosten sind im Mietpreis enthalten. Au\u00dferdem haben wir einen gemeinschaftlich genutzen Scanner und Drucker. Die <a href=\"https:\/\/schmittmann-kolleg.de\/wordpress\/selbstverwaltung\/\">Netzwerkexpert*innen<\/a> (wer sich als potentielle Mitbewohnerin*potentieller Mitbewohner angesprochen f\u00fchlt, kann sich gerne bewerben) k\u00fcmmern sich um Internet, Drucker, etc.<\/p>\n<\/div><\/div><\/div><\/section>\n<section class='av_toggle_section av-av_toggle-e57e3a366626edbcc93957f30d269c9b'  itemscope=\"itemscope\" itemtype=\"https:\/\/schema.org\/CreativeWork\" ><div role=\"tablist\" class=\"single_toggle\" data-tags=\"{Alle} \"  ><p data-fake-id='#toggle-id-5' class='toggler   '  itemprop=\"headline\"  role='tab' tabindex='0' aria-controls='toggle-id-5'>Gibt es bei Euch auch Waschm\u00f6glichkeiten?<span class=\"toggle_icon\"><span class=\"vert_icon\"><\/span><span class=\"hor_icon\"><\/span><\/span><\/p><div id='toggle-id-5' class='toggle_wrap  '  ><div class='toggle_content invers-color '  itemprop=\"text\" ><p>Ja, wir haben eine Waschmaschine und einen Trockner in Keller, die man gegen einen kleinen Geldbetrag nutzen kann.<\/p>\n<\/div><\/div><\/div><\/section>\n<section class='av_toggle_section av-av_toggle-4b0ea13e94696416b8be2b8252db6232'  itemscope=\"itemscope\" itemtype=\"https:\/\/schema.org\/CreativeWork\" ><div role=\"tablist\" class=\"single_toggle\" data-tags=\"{Alle} \"  ><p data-fake-id='#toggle-id-6' class='toggler   '  itemprop=\"headline\"  role='tab' tabindex='0' aria-controls='toggle-id-6'>Wie sieht es bei Euch mit Haustieren aus?<span class=\"toggle_icon\"><span class=\"vert_icon\"><\/span><span class=\"hor_icon\"><\/span><\/span><\/p><div id='toggle-id-6' class='toggle_wrap  '  ><div class='toggle_content invers-color '  itemprop=\"text\" ><p>Haustiere sind leider nicht gestattet.<\/p>\n<\/div><\/div><\/div><\/section>\n<\/div><\/p><\/div>\n<style type=\"text\/css\" data-created_by=\"avia_inline_auto\" id=\"style-css-av-av_one_half-9c1d454dc06f7247226bc4e8f931daae\">\n.flex_column.av-av_one_half-9c1d454dc06f7247226bc4e8f931daae{\n-webkit-border-radius:0px 0px 0px 0px;\n-moz-border-radius:0px 0px 0px 0px;\nborder-radius:0px 0px 0px 0px;\npadding:0px 0px 0px 0px;\n}\n<\/style>\n<div class='flex_column av-av_one_half-9c1d454dc06f7247226bc4e8f931daae av_one_half  avia-builder-el-5  el_after_av_one_half  avia-builder-el-last  flex_column_div av-zero-column-padding column-top-margin'     ><form action=\"https:\/\/schmittmann-kolleg.de\/wordpress\/faq\/\" method=\"post\"  class=\"avia_ajax_form av-form-labels-visible   avia-builder-el-6  avia-builder-el-no-sibling   \" data-avia-form-id=\"1\" data-avia-redirect='' ><h3 class=''>Etwas unbeantwortet? Dann schreib uns!<\/h3><fieldset><p class='  first_form  form_element form_fullwidth' id='element_avia_1_1'><label for=\"avia_1_1\">Name <abbr class=\"required\" title=\"ben\u00f6tigt\">*<\/abbr><\/label> <input name=\"avia_1_1\" class=\"text_input is_empty\" type=\"text\" id=\"avia_1_1\" value=\"\" \/><\/p><p class='  first_form  form_element form_fullwidth' id='element_avia_2_1'><label for=\"avia_2_1\">E-Mail <abbr class=\"required\" title=\"ben\u00f6tigt\">*<\/abbr><\/label> <input name=\"avia_2_1\" class=\"text_input is_email\" type=\"text\" id=\"avia_2_1\" value=\"\" \/><\/p><p class='  first_form  form_element form_fullwidth' id='element_avia_3_1'><label for=\"avia_3_1\">Betreff <abbr class=\"required\" title=\"ben\u00f6tigt\">*<\/abbr><\/label> <input name=\"avia_3_1\" class=\"text_input is_empty\" type=\"text\" id=\"avia_3_1\" value=\"\" \/><\/p><p class='  first_form  form_element form_fullwidth av-last-visible-form-element' id='element_avia_4_1'><label for=\"avia_4_1\" class=\"textare_label hidden textare_label_avia_4_1\">Nachricht <abbr class=\"required\" title=\"ben\u00f6tigt\">*<\/abbr><\/label><textarea  name=\"avia_4_1\" class=\"text_area is_empty\" cols=\"40\" rows=\"7\" id=\"avia_4_1\" ><\/textarea><\/p><p class=\"hidden\"><input type=\"text\" name=\"avia_5_1\" class=\"hidden \" id=\"avia_5_1\" value=\"\" \/><\/p><p class=\"form_element \"><input type=\"hidden\" value=\"1\" name=\"avia_generated_form1\" \/><input type=\"submit\" value=\"Senden\" class=\"button\"  data-sending-label=\"Sende\"\/><\/p><\/fieldset><\/form><div id=\"ajaxresponse_1\" class=\"ajaxresponse ajaxresponse_1 hidden\"><\/div><\/div><\/p>\n","protected":false},"excerpt":{"rendered":"","protected":false},"author":1,"featured_media":0,"parent":0,"menu_order":0,"comment_status":"closed","ping_status":"closed","template":"","meta":{"footnotes":""},"class_list":["post-121","page","type-page","status-publish","hentry"],"_links":{"self":[{"href":"https:\/\/schmittmann-kolleg.de\/wordpress\/wp-json\/wp\/v2\/pages\/121","targetHints":{"allow":["GET"]}}],"collection":[{"href":"https:\/\/schmittmann-kolleg.de\/wordpress\/wp-json\/wp\/v2\/pages"}],"about":[{"href":"https:\/\/schmittmann-kolleg.de\/wordpress\/wp-json\/wp\/v2\/types\/page"}],"author":[{"embeddable":true,"href":"https:\/\/schmittmann-kolleg.de\/wordpress\/wp-json\/wp\/v2\/users\/1"}],"replies":[{"embeddable":true,"href":"https:\/\/schmittmann-kolleg.de\/wordpress\/wp-json\/wp\/v2\/comments?post=121"}],"version-history":[{"count":11,"href":"https:\/\/schmittmann-kolleg.de\/wordpress\/wp-json\/wp\/v2\/pages\/121\/revisions"}],"predecessor-version":[{"id":1265,"href":"https:\/\/schmittmann-kolleg.de\/wordpress\/wp-json\/wp\/v2\/pages\/121\/revisions\/1265"}],"wp:attachment":[{"href":"https:\/\/schmittmann-kolleg.de\/wordpress\/wp-json\/wp\/v2\/media?parent=121"}],"curies":[{"name":"wp","href":"https:\/\/api.w.org\/{rel}","templated":true}]}}